{"id":6259,"date":"2022-07-14T13:40:29","date_gmt":"2022-07-14T10:40:29","guid":{"rendered":"http:\/\/devaistanbul.com\/?post_type=product&#038;p=6259"},"modified":"2026-04-06T18:18:13","modified_gmt":"2026-04-06T15:18:13","slug":"akanaz","status":"publish","type":"product","link":"https:\/\/sifaistanbul.com\/?product=akanaz","title":{"rendered":"<center>AKANAZ<center>(Kar\u0131\u015f\u0131k bitki macunu)<center><center>"},"content":{"rendered":"<p class=\"western\">Kans\u0131zl\u0131k (anemi), kanda bulunan hemoglobinin normal seviyenin alt\u0131na d\u00fc\u015fmesi veya alyuvarlar\u0131n say\u0131s\u0131n\u0131n azalmas\u0131 durumuna denir. Kana rengini veren ve oksijenin h\u00fccrelere ta\u015f\u0131nmas\u0131n\u0131 sa\u011flayan proteine hemoglobin denir. Hemoglobin, kanda k\u0131rm\u0131z\u0131 kan h\u00fccreleri (alyuvar) taraf\u0131ndan ta\u015f\u0131n\u0131r.\u00a0 Kaans\u0131zl\u0131k, sonradan ortaya \u00e7\u0131kabilece\u011fi gibi do\u011fumsal (Akdeniz anemisi vb.) da olabilir. Kans\u0131zl\u0131k durumunda organlara yeterli oksijen ta\u015f\u0131namad\u0131\u011f\u0131ndan, t\u00fcm i\u00e7 organlar ve kaslar zorlan\u0131rken; v\u00fccutta a\u011fr\u0131lar, konsantrasyon bozukluklar\u0131, unutkanl\u0131k, el ve ayaklarda uyu\u015fmalar, sa\u00e7 d\u00f6k\u00fclmesi, \u00e7arp\u0131nt\u0131 ve nefes darl\u0131\u011f\u0131 vb. olu\u015fur.<\/p>\n<p class=\"western\">Do\u011fumsal olmay\u0131p, eri\u015fkinlik d\u00f6neminde ortaya \u00e7\u0131kan kans\u0131zl\u0131\u011f\u0131n \u00fc\u00e7 \u00f6nemli nedeni demir, B12 vitamini ve folik asit eksiklikleridir. Demir eksikli\u011finde hemoglobin \u00fcretilemez. Alyuvarlar\u0131n \u00fcretiminde de folik asit ve B12 vitamini gereklidir. \u00d6zellikle k\u0131rm\u0131z\u0131 etin az t\u00fcketimi veya hi\u00e7 t\u00fcketilmemesi B12 vitamini ve demir eksikli\u011fine yol a\u00e7arken, sebze t\u00fcketmeyen ki\u015filerde de folik asit eksikli\u011fi g\u00f6r\u00fclebiliyor. Kans\u0131zl\u0131\u011f\u0131 \u00f6nleyebilmek i\u00e7in besinlerin dengeli olarak t\u00fcketilmesi gerekiyor. Ayr\u0131ca, i\u00e7 kanama vb. kan kay\u0131plar\u0131 ile kronik hastal\u0131klar\u0131n da kans\u0131zl\u0131\u011fa neden olabilece\u011fi unutulmamal\u0131d\u0131r.<\/p>\n<p class=\"western\">Akanaz, kans\u0131zl\u0131k olarak te\u015fhis edilen rahats\u0131zl\u0131klar\u0131 gidermek \u00fczere \u00fcretilmi\u015ftir. Son derece etkili bir \u00fcr\u00fcn olup, k\u0131sa s\u00fcreli kullan\u0131mda kans\u0131zl\u0131k belirtilerinden yorgunluk, halsizlik vb. yak\u0131nmalar\u0131n azalmas\u0131n\u0131 sa\u011flar. \u0130ki ay ve daha uzun s\u00fcreli kullan\u0131mda ise tam olarak iyile\u015fmeye yard\u0131mc\u0131 olur.<\/p>\n<p>&nbsp;<\/p>\n<p>&nbsp;<\/p>\n","protected":false},"excerpt":{"rendered":"<p><strong>\u0130\u00e7indekiler:<\/strong> \u00a0Ceviz Yapra\u011f\u0131, Boyotu, K\u0131na K\u0131na, Maydanoz, Is\u0131rgan, Centiyan, Ada\u00e7ay\u0131, Yulaf. Net 210 gr. \u00b1 5 gr.<\/p>\n<p><strong>Kullan\u0131m:<\/strong> Midesinde rahats\u0131zl\u0131k olmayanlar\u0131n sabah, ak\u015fam yemeklerden 30 dk \u00f6nce; midesinde rahats\u0131zl\u0131k olanlar\u0131n ise yemeklerden iki saat sonra bir \u00e7ay ka\u015f\u0131\u011f\u0131 macunu su ile yutmalar\u0131 tavsiye edilir.<\/p>\n<p>\u00dcr\u00fcn kullan\u0131l\u0131rken, g\u00fcn i\u00e7erisinde ayr\u0131ca bir tabak kadar mercimek ve bir iki adet havu\u00e7 da t\u00fcketilirse daha \u00e7abuk sonu\u00e7 almak m\u00fcmk\u00fcn olur.<\/p>\n<p><strong>Saklama ko\u015fullar\u0131 ve uyar\u0131lar:<\/strong> Hamile ve emziren bayanlar\u0131n kullanmas\u0131 tavsiye edilmez. Tavsiye edilen g\u00fcnl\u00fck dozu a\u015fmay\u0131n\u0131z. \u00c7ocuklar\u0131n ula\u015famayaca\u011f\u0131 yerde saklay\u0131n\u0131z. Serin ve kuru yerde muhafaza ediniz. Emniyet band\u0131 \u00a0y\u0131rt\u0131lm\u0131\u015f \u00fcr\u00fcnleri sat\u0131n almay\u0131n\u0131z. \u015e\u0130FAV\u0130<\/p>\n<p><strong>S\u0130PAR\u0130\u015e\u0130N\u0130ZLE \u0130LG\u0130L\u0130 HER T\u00dcRL\u00dc SORULARINIZ \u0130\u00c7\u0130N;<\/strong><\/p>\n<p class=\"western\"><strong>M\u00dc\u015eTER\u0130 TEMS\u0130LC\u0130L\u0130\u011e\u0130\u00a0 0216 418 34 34<br \/>\n<\/strong><\/p>\n","protected":false},"featured_media":5722,"comment_status":"open","ping_status":"closed","template":"","meta":[],"product_brand":[],"product_cat":[145],"product_tag":[],"class_list":{"0":"post-6259","1":"product","2":"type-product","3":"status-publish","4":"has-post-thumbnail","6":"product_cat-genel","8":"first","9":"instock","10":"sale","11":"downloadable","12":"virtual","13":"purchasable","14":"product-type-simple"},"_links":{"self":[{"href":"https:\/\/sifaistanbul.com\/index.php?rest_route=\/wp\/v2\/product\/6259","targetHints":{"allow":["GET"]}}],"collection":[{"href":"https:\/\/sifaistanbul.com\/index.php?rest_route=\/wp\/v2\/product"}],"about":[{"href":"https:\/\/sifaistanbul.com\/index.php?rest_route=\/wp\/v2\/types\/product"}],"replies":[{"embeddable":true,"href":"https:\/\/sifaistanbul.com\/index.php?rest_route=%2Fwp%2Fv2%2Fcomments&post=6259"}],"wp:featuredmedia":[{"embeddable":true,"href":"https:\/\/sifaistanbul.com\/index.php?rest_route=\/wp\/v2\/media\/5722"}],"wp:attachment":[{"href":"https:\/\/sifaistanbul.com\/index.php?rest_route=%2Fwp%2Fv2%2Fmedia&parent=6259"}],"wp:term":[{"taxonomy":"product_brand","embeddable":true,"href":"https:\/\/sifaistanbul.com\/index.php?rest_route=%2Fwp%2Fv2%2Fproduct_brand&post=6259"},{"taxonomy":"product_cat","embeddable":true,"href":"https:\/\/sifaistanbul.com\/index.php?rest_route=%2Fwp%2Fv2%2Fproduct_cat&post=6259"},{"taxonomy":"product_tag","embeddable":true,"href":"https:\/\/sifaistanbul.com\/index.php?rest_route=%2Fwp%2Fv2%2Fproduct_tag&post=6259"}],"curies":[{"name":"wp","href":"https:\/\/api.w.org\/{rel}","templated":true}]}}