{"id":6263,"date":"2022-07-14T13:54:09","date_gmt":"2022-07-14T10:54:09","guid":{"rendered":"http:\/\/devaistanbul.com\/?post_type=product&#038;p=6263"},"modified":"2026-04-09T11:10:21","modified_gmt":"2026-04-09T08:10:21","slug":"amagram","status":"publish","type":"product","link":"https:\/\/sifaistanbul.com\/?product=amagram","title":{"rendered":"<center>AMAGRAM<center>(Kar\u0131\u015f\u0131k bitki \u00e7ay\u0131)<center><center>"},"content":{"rendered":"<p class=\"western\">Migren, ya\u015fam kalitesini d\u00fc\u015f\u00fcren ve g\u00fcnl\u00fck ya\u015fam aktivitelerini k\u0131s\u0131tlayan, birka\u00e7 saatten birka\u00e7 haftaya kadar s\u00fcrebilen a\u011fr\u0131 ataklar\u0131n\u0131n oldu\u011fu bir rahats\u0131zl\u0131kt\u0131r. Ense, \u015fakak ya da g\u00f6z \u00e7evresinden ba\u015flayan bu a\u011fr\u0131 hareket ettik\u00e7e k\u00f6t\u00fcle\u015febilir, zonklay\u0131c\u0131 karakterle seyredebilir ve bu a\u011fr\u0131ya e\u015flik eden bulant\u0131, kusma, \u0131\u015f\u0131k ve sese hassasiyet olu\u015fabilir. Sebebi tam olarak bilinmemekle birlikte, genetik ve \u00e7evresel fakt\u00f6rlerin birlikte rol ald\u0131\u011f\u0131 migrende; ataklar\u0131n ortaya \u00e7\u0131kmas\u0131nda, beyin kimyasallar\u0131nda ya\u015fanan dengesizliklerin rol ald\u0131\u011f\u0131 d\u00fc\u015f\u00fcn\u00fclmektedir. D\u00fczenli beslenme ve uyku, migrenin ortaya \u00e7\u0131kmas\u0131n\u0131 engelleyici unsurlar olarak g\u00f6r\u00fclmektedir.<\/p>\n<p class=\"western\">Aural\u0131 migren ve auras\u0131z migren olarak iki t\u00fcr\u00fc vard\u0131r. Migrenli ki\u015filerin b\u00fcy\u00fck k\u0131sm\u0131 auras\u0131z atak ge\u00e7irirler. Aural\u0131 ataklarda, a\u011fr\u0131 \u00f6ncesi ve sonras\u0131nda sinirsel bozukluklar ya\u015fanabilir. Aural\u0131 ataklarda ki\u015filer dokunma hislerinde g\u00fc\u00e7s\u00fczl\u00fck, konu\u015fma ve g\u00f6rme bozukluklar\u0131, uyu\u015fma ve kar\u0131ncalanma gibi sorunlarla kar\u015f\u0131la\u015fabilirler.<\/p>\n<p class=\"western\">Amagram, migren rahats\u0131zl\u0131\u011f\u0131n\u0131 gidermek \u00fczere \u00fcretilmi\u015ftir. K\u0131sa s\u00fcrede a\u011fr\u0131lar\u0131n azal\u0131p, kaybolmas\u0131na, \u00fc\u00e7 ay ve daha uzun s\u00fcreli d\u00fczenli kullan\u0131mda ise, tekrarlama s\u0131kl\u0131\u011f\u0131n\u0131n azalmas\u0131na ve zamanla rahats\u0131zl\u0131\u011f\u0131n tamamen kaybolmas\u0131na yard\u0131mc\u0131 olur.<\/p>\n<p>&nbsp;<\/p>\n<p>&nbsp;<\/p>\n","protected":false},"excerpt":{"rendered":"<p><strong>\u0130\u00e7indekiler:<\/strong> O\u011ful Otu, Nane, Sar\u0131 Kantaron, Biberiye , Papatya, M\u0131s\u0131r P\u00fcsk\u00fcl\u00fc, Civan Per\u00e7emi, Zencefil, \u00c7\u0131nar Yapra\u011f\u0131. Net 90 gr. \u00b1 2 gr.<\/p>\n<p><strong>Kullan\u0131m:<\/strong> Bir su barda\u011f\u0131 kaynar suya bir tatl\u0131 ka\u015f\u0131\u011f\u0131 kar\u0131\u015f\u0131m \u00e7ay ekleyip 20 dk. demlendikten sonra s\u00fcz\u00fcp i\u00e7iniz. Midesinde rahats\u0131zl\u0131k olmayanlar\u0131n sabah, ak\u015fam yemeklerden 30 dk. \u00f6nce; midesinde rahats\u0131zl\u0131k olanlar\u0131n ise, yemeklerden 2 saat sonra i\u00e7meleri tavsiye edilir. \u0130ste\u011fe g\u00f6re \u00a0bal, pekmez, \u015feker \u00a0ile tatland\u0131r\u0131labilir.<\/p>\n<p><strong>Saklama ko\u015fullar\u0131 ve uyar\u0131lar:<\/strong> Hamile ve emziren bayanlar\u0131n kullanmas\u0131 tavsiye edilmez. Tavsiye edilen g\u00fcnl\u00fck dozu a\u015fmay\u0131n\u0131z. \u00c7ocuklar\u0131n ula\u015famayaca\u011f\u0131 yerde saklay\u0131n\u0131z. Serin ve kuru yerde muhafaza ediniz. Emniyet band\u0131 \u00a0y\u0131rt\u0131lm\u0131\u015f \u00fcr\u00fcnleri sat\u0131n almay\u0131n\u0131z. \u015e\u0130FAV\u0130<\/p>\n<p><strong>S\u0130PAR\u0130\u015e\u0130N\u0130ZLE \u0130LG\u0130L\u0130 HER T\u00dcRL\u00dc SORULARINIZ \u0130\u00c7\u0130N;<\/strong><\/p>\n<p class=\"western\"><strong>M\u00dc\u015eTER\u0130 TEMS\u0130LC\u0130L\u0130\u011e\u0130\u00a0 \u00a00216 418 34 34<br \/>\n<\/strong><\/p>\n","protected":false},"featured_media":5728,"comment_status":"open","ping_status":"closed","template":"","meta":[],"product_brand":[],"product_cat":[145],"product_tag":[],"class_list":{"0":"post-6263","1":"product","2":"type-product","3":"status-publish","4":"has-post-thumbnail","6":"product_cat-genel","8":"first","9":"instock","10":"sale","11":"downloadable","12":"virtual","13":"purchasable","14":"product-type-simple"},"_links":{"self":[{"href":"https:\/\/sifaistanbul.com\/index.php?rest_route=\/wp\/v2\/product\/6263","targetHints":{"allow":["GET"]}}],"collection":[{"href":"https:\/\/sifaistanbul.com\/index.php?rest_route=\/wp\/v2\/product"}],"about":[{"href":"https:\/\/sifaistanbul.com\/index.php?rest_route=\/wp\/v2\/types\/product"}],"replies":[{"embeddable":true,"href":"https:\/\/sifaistanbul.com\/index.php?rest_route=%2Fwp%2Fv2%2Fcomments&post=6263"}],"wp:featuredmedia":[{"embeddable":true,"href":"https:\/\/sifaistanbul.com\/index.php?rest_route=\/wp\/v2\/media\/5728"}],"wp:attachment":[{"href":"https:\/\/sifaistanbul.com\/index.php?rest_route=%2Fwp%2Fv2%2Fmedia&parent=6263"}],"wp:term":[{"taxonomy":"product_brand","embeddable":true,"href":"https:\/\/sifaistanbul.com\/index.php?rest_route=%2Fwp%2Fv2%2Fproduct_brand&post=6263"},{"taxonomy":"product_cat","embeddable":true,"href":"https:\/\/sifaistanbul.com\/index.php?rest_route=%2Fwp%2Fv2%2Fproduct_cat&post=6263"},{"taxonomy":"product_tag","embeddable":true,"href":"https:\/\/sifaistanbul.com\/index.php?rest_route=%2Fwp%2Fv2%2Fproduct_tag&post=6263"}],"curies":[{"name":"wp","href":"https:\/\/api.w.org\/{rel}","templated":true}]}}