{"id":6271,"date":"2022-07-14T16:07:44","date_gmt":"2022-07-14T13:07:44","guid":{"rendered":"http:\/\/devaistanbul.com\/?post_type=product&#038;p=6271"},"modified":"2026-04-09T11:52:28","modified_gmt":"2026-04-09T08:52:28","slug":"mikans","status":"publish","type":"product","link":"https:\/\/sifaistanbul.com\/?product=mikans","title":{"rendered":"<center>M\u0130KANS<center>(Kar\u0131\u015f\u0131k bitki macunu)<center><center>"},"content":{"rendered":"<p>Mide kanseri, mide zar\u0131ndaki kanserli h\u00fccrelerin b\u00fcy\u00fcy\u00fcp t\u00fcm\u00f6re d\u00f6n\u00fc\u015fmesiyle geli\u015fen bir hastal\u0131kt\u0131r. Kesin nedeni bilinmemekle birlikte ya\u015f, beslenme tarz\u0131, kronik gastrit gibi mevcut mide rahats\u0131zl\u0131klar\u0131, sigara ve alkol kullan\u0131m\u0131 hastal\u0131\u011f\u0131 tetikleyebilir. Sebze-meyvay\u0131\u00a0 az t\u00fcketmek, tuzlu ya da i\u015flenmi\u015f g\u0131dalar\u0131 \u00e7ok t\u00fcketmek, \u00e7ok fazla et yemek de riski artt\u0131rabilecek fakt\u00f6rlerdendir. Mide kanserinin en tipik belirtileri haz\u0131ms\u0131zl\u0131k, mide bulant\u0131s\u0131 ve a\u011fr\u0131d\u0131r. \u0130\u015ftahs\u0131zl\u0131k ve erken tokluk, kar\u0131nda \u015fi\u015flik, yutma problemi, ishal veya kab\u0131zl\u0131k, istenmeyen kilo kayb\u0131 da di\u011fer belirtileri aras\u0131ndad\u0131r.<\/p>\n<p class=\"western\">M\u0130KANS mide kanseri rahats\u0131zl\u0131\u011f\u0131n\u0131 gidermek \u00fczere \u00fcretilmi\u015ftir. K\u0131sa s\u00fcreli kullan\u0131mda \u015fikayetlerin azalmas\u0131na, iki ay ve daha uzun s\u00fcreli kullan\u0131mda ise tam olarak iyile\u015fmeye yard\u0131mc\u0131 olur.<\/p>\n<p>&nbsp;<\/p>\n<p>&nbsp;<\/p>\n","protected":false},"excerpt":{"rendered":"<p><strong>\u0130\u00e7indekiler:<\/strong> Ayn\u0131sefa, K\u0131rlang\u0131\u00e7 Otu, Safran, Sinirli Ot, \u00c7\u00f6rekotu, Maydanoz, Zerde\u00e7al, Ke\u00e7iboynuzu Pekmezi. Net 360 gr. \u00b1 10 gr.<\/p>\n<div>\n<p><strong>Kullan\u0131m:<\/strong> Midesinde rahats\u0131zl\u0131k olmayanlar\u0131n sabah, ak\u015fam yemeklerden 30 dk \u00f6nce; midesinde rahats\u0131zl\u0131k olanlar\u0131n ise yemeklerden iki saat sonra bir \u00e7ay ka\u015f\u0131\u011f\u0131 macunu su ile yutmalar\u0131 tavsiye edilir.<\/p>\n<p>\u00dcr\u00fcn kullan\u0131l\u0131rken, g\u00fcn i\u00e7erisinde ayr\u0131ca havu\u00e7 suyu ve safran \u00e7ay\u0131 i\u00e7ilir ve ye\u015fil mercimek yiyilirse daha \u00e7abuk sonu\u00e7 almak m\u00fcmk\u00fcn olur.<\/p>\n<p><strong>Saklama ko\u015fullar\u0131 ve uyar\u0131lar:<\/strong> Hamile ve emziren bayanlar\u0131n kullanmas\u0131 tavsiye edilmez. Tavsiye edilen g\u00fcnl\u00fck dozu a\u015fmay\u0131n\u0131z. \u00c7ocuklar\u0131n ula\u015famayaca\u011f\u0131 yerde saklay\u0131n\u0131z. Serin ve kuru yerde muhafaza ediniz. Emniyet band\u0131 \u00a0y\u0131rt\u0131lm\u0131\u015f \u00fcr\u00fcnleri sat\u0131n almay\u0131n\u0131z. \u015e\u0130FAV\u0130<\/p>\n<p><strong>S\u0130PAR\u0130\u015e\u0130N\u0130ZLE \u0130LG\u0130L\u0130 HER T\u00dcRL\u00dc SORULARINIZ \u0130\u00c7\u0130N;<\/strong><\/p>\n<p class=\"western\"><strong>M\u00dc\u015eTER\u0130 TEMS\u0130LC\u0130L\u0130\u011e\u0130\u00a0 0216 418 34 34<br \/>\n<\/strong><\/p>\n<\/div>\n","protected":false},"featured_media":5800,"comment_status":"open","ping_status":"closed","template":"","meta":[],"product_brand":[],"product_cat":[145],"product_tag":[],"class_list":{"0":"post-6271","1":"product","2":"type-product","3":"status-publish","4":"has-post-thumbnail","6":"product_cat-genel","8":"first","9":"instock","10":"sale","11":"downloadable","12":"virtual","13":"purchasable","14":"product-type-simple"},"_links":{"self":[{"href":"https:\/\/sifaistanbul.com\/index.php?rest_route=\/wp\/v2\/product\/6271","targetHints":{"allow":["GET"]}}],"collection":[{"href":"https:\/\/sifaistanbul.com\/index.php?rest_route=\/wp\/v2\/product"}],"about":[{"href":"https:\/\/sifaistanbul.com\/index.php?rest_route=\/wp\/v2\/types\/product"}],"replies":[{"embeddable":true,"href":"https:\/\/sifaistanbul.com\/index.php?rest_route=%2Fwp%2Fv2%2Fcomments&post=6271"}],"wp:featuredmedia":[{"embeddable":true,"href":"https:\/\/sifaistanbul.com\/index.php?rest_route=\/wp\/v2\/media\/5800"}],"wp:attachment":[{"href":"https:\/\/sifaistanbul.com\/index.php?rest_route=%2Fwp%2Fv2%2Fmedia&parent=6271"}],"wp:term":[{"taxonomy":"product_brand","embeddable":true,"href":"https:\/\/sifaistanbul.com\/index.php?rest_route=%2Fwp%2Fv2%2Fproduct_brand&post=6271"},{"taxonomy":"product_cat","embeddable":true,"href":"https:\/\/sifaistanbul.com\/index.php?rest_route=%2Fwp%2Fv2%2Fproduct_cat&post=6271"},{"taxonomy":"product_tag","embeddable":true,"href":"https:\/\/sifaistanbul.com\/index.php?rest_route=%2Fwp%2Fv2%2Fproduct_tag&post=6271"}],"curies":[{"name":"wp","href":"https:\/\/api.w.org\/{rel}","templated":true}]}}