{"id":6273,"date":"2022-07-14T16:14:38","date_gmt":"2022-07-14T13:14:38","guid":{"rendered":"http:\/\/devaistanbul.com\/?post_type=product&#038;p=6273"},"modified":"2026-04-09T12:43:24","modified_gmt":"2026-04-09T09:43:24","slug":"kokans","status":"publish","type":"product","link":"https:\/\/sifaistanbul.com\/?product=kokans","title":{"rendered":"<center>KOKANS<center>(Kar\u0131\u015f\u0131k bitki macunu)<center><center>"},"content":{"rendered":"<p><span style=\"color: #333333;\">Kolon kanseri, s\u0131k g\u00f6r\u00fclen kanser t\u00fcrlerinden olup k\u00f6t\u00fc beslenme ve modern ya\u015fam tarz\u0131 nedeniyle yayg\u0131nl\u0131\u011f\u0131 artmaktad\u0131r. Kal\u0131n ba\u011f\u0131rsak kanseri olarak da bilinen kolon kanseri, kal\u0131n ba\u011f\u0131rsa\u011f\u0131 olu\u015fturan h\u00fccrelerin kontrols\u00fcz \u00e7o\u011falmas\u0131 sonucu olu\u015fur. Genetik nedenler, k\u00f6t\u00fc beslenme ve hareketsizlik en \u00f6nemli risk fakt\u00f6rleridir. Kab\u0131zl\u0131k veya ishal \u015feklinde ba\u011f\u0131rsak al\u0131\u015fkanl\u0131\u011f\u0131n\u0131n de\u011fi\u015fmesi, kans\u0131zl\u0131\u011fa ba\u011fl\u0131 \u00e7abuk yorulma, bulant\u0131, kusma, gaz-d\u0131\u015fk\u0131 \u00e7\u0131karamama, d\u0131\u015fk\u0131da kan g\u00f6r\u00fclmesi gibi belirtileri olabilir.<\/span><\/p>\n<p>KOKANS adl\u0131 \u00fcr\u00fcn\u00fcm\u00fcz, kolon kanserini iyile\u015ftirmek \u00fczere \u00fcretilmi\u015ftir.\u00a0 K\u0131sa zamanda \u015fikayetlerin azalmas\u0131na, iki ay ve daha uzun s\u00fcreli kullan\u0131mda ise tam olarak iyile\u015fmeye yard\u0131mc\u0131 olur.<\/p>\n<p>&nbsp;<\/p>\n<p>&nbsp;<\/p>\n<p>&nbsp;<\/p>\n","protected":false},"excerpt":{"rendered":"<p><strong>\u0130\u00e7indekiler:<\/strong> Ayn\u0131sefa, Ekinezya, Civan Per\u00e7emi, Kantaron, Zerde\u00e7al, Zencefil, \u00c7\u00f6rekotu, Yulaf, Susam, Ke\u00e7iboynuzu Pekmezi. Net 360 gr. \u00b1 10 gr.<\/p>\n<div>\n<p><strong>Kullan\u0131m:<\/strong> Midesinde rahats\u0131zl\u0131k olmayanlar\u0131n sabah, ak\u015fam yemeklerden 30 dk \u00f6nce; midesinde rahats\u0131zl\u0131k olanlar\u0131n ise yemeklerden iki saat sonra bir \u00e7ay ka\u015f\u0131\u011f\u0131 macunu su ile yutmalar\u0131 tavsiye edilir.<\/p>\n<p>\u00dcr\u00fcn kullan\u0131l\u0131rken, g\u00fcn i\u00e7erisinde ayr\u0131ca \u015falgam ve p\u0131rasa yiyilirse daha \u00e7abuk sonu\u00e7 almak m\u00fcmk\u00fcn olur.<\/p>\n<p><strong>Saklama ko\u015fullar\u0131 ve uyar\u0131lar:<\/strong> Hamile ve emziren bayanlar\u0131n kullanmas\u0131 tavsiye edilmez. Tavsiye edilen g\u00fcnl\u00fck dozu a\u015fmay\u0131n\u0131z. \u00c7ocuklar\u0131n ula\u015famayaca\u011f\u0131 yerde saklay\u0131n\u0131z. Serin ve kuru yerde muhafaza ediniz. Emniyet band\u0131 \u00a0y\u0131rt\u0131lm\u0131\u015f \u00fcr\u00fcnleri sat\u0131n almay\u0131n\u0131z. \u015e\u0130FAV\u0130<\/p>\n<p><strong>S\u0130PAR\u0130\u015e\u0130N\u0130ZLE \u0130LG\u0130L\u0130 HER T\u00dcRL\u00dc SORULARINIZ \u0130\u00c7\u0130N;<\/strong><\/p>\n<p class=\"western\"><strong>M\u00dc\u015eTER\u0130 TEMS\u0130LC\u0130L\u0130\u011e\u0130\u00a0 0216 418 34 34<br \/>\n<\/strong><\/p>\n<\/div>\n","protected":false},"featured_media":5777,"comment_status":"open","ping_status":"closed","template":"","meta":[],"product_brand":[],"product_cat":[145],"product_tag":[],"class_list":{"0":"post-6273","1":"product","2":"type-product","3":"status-publish","4":"has-post-thumbnail","6":"product_cat-genel","8":"first","9":"instock","10":"sale","11":"downloadable","12":"virtual","13":"purchasable","14":"product-type-simple"},"_links":{"self":[{"href":"https:\/\/sifaistanbul.com\/index.php?rest_route=\/wp\/v2\/product\/6273","targetHints":{"allow":["GET"]}}],"collection":[{"href":"https:\/\/sifaistanbul.com\/index.php?rest_route=\/wp\/v2\/product"}],"about":[{"href":"https:\/\/sifaistanbul.com\/index.php?rest_route=\/wp\/v2\/types\/product"}],"replies":[{"embeddable":true,"href":"https:\/\/sifaistanbul.com\/index.php?rest_route=%2Fwp%2Fv2%2Fcomments&post=6273"}],"wp:featuredmedia":[{"embeddable":true,"href":"https:\/\/sifaistanbul.com\/index.php?rest_route=\/wp\/v2\/media\/5777"}],"wp:attachment":[{"href":"https:\/\/sifaistanbul.com\/index.php?rest_route=%2Fwp%2Fv2%2Fmedia&parent=6273"}],"wp:term":[{"taxonomy":"product_brand","embeddable":true,"href":"https:\/\/sifaistanbul.com\/index.php?rest_route=%2Fwp%2Fv2%2Fproduct_brand&post=6273"},{"taxonomy":"product_cat","embeddable":true,"href":"https:\/\/sifaistanbul.com\/index.php?rest_route=%2Fwp%2Fv2%2Fproduct_cat&post=6273"},{"taxonomy":"product_tag","embeddable":true,"href":"https:\/\/sifaistanbul.com\/index.php?rest_route=%2Fwp%2Fv2%2Fproduct_tag&post=6273"}],"curies":[{"name":"wp","href":"https:\/\/api.w.org\/{rel}","templated":true}]}}