{"id":6278,"date":"2022-07-14T16:40:14","date_gmt":"2022-07-14T13:40:14","guid":{"rendered":"http:\/\/devaistanbul.com\/?post_type=product&#038;p=6278"},"modified":"2026-04-09T12:53:11","modified_gmt":"2026-04-09T09:53:11","slug":"tikans","status":"publish","type":"product","link":"https:\/\/sifaistanbul.com\/?product=tikans","title":{"rendered":"<center>T\u0130KANS<center>(Kar\u0131\u015f\u0131k bitki macunu)<center><center>"},"content":{"rendered":"<div>\n<p>Tiroid kanseri, tiroid bezi dokular\u0131nda kanserli h\u00fccrelerin olu\u015fmas\u0131 sonucunda geli\u015fen ve bir\u00e7ok t\u00fcr\u00fc olan ciddi bir hastal\u0131kt\u0131r. Kesin nedeni bilinmese de baz\u0131 t\u00fcrleri genetik mutasyonlar nedeniyle olabilmektedir. Ayr\u0131ca beslenmede yetersiz iyot al\u0131m\u0131 ve y\u00fcksek radyasyona maruz kalmak ta bu hastal\u0131\u011f\u0131 tetikleyebilir. Guatr (geni\u015flemi\u015f tiroid) ge\u00e7mi\u015fi olmak ve ailede tiroid hastal\u0131\u011f\u0131 ya da kanseri olmas\u0131 da nedenler aras\u0131ndad\u0131r.<\/p>\n<p>Tiroid kanserinin ba\u015fl\u0131ca belirtileri; \u00f6n boyunda a\u011fr\u0131s\u0131z \u015fi\u015fkinlik, ses k\u0131s\u0131kl\u0131\u011f\u0131 gibi ses de\u011fi\u015fiklikleri ve bazen a\u011fr\u0131l\u0131 yutma problemleridir. Boynunda h\u0131zla b\u00fcy\u00fcyen bir yumru (nod\u00fcl) ile \u00f6n boyunda bazen kulaklara kadar giden kal\u0131c\u0131 bir a\u011fr\u0131 da belirtiler aras\u0131ndad\u0131r.<\/p>\n<p>T\u0130KANS adl\u0131 \u00fcr\u00fcn\u00fcm\u00fcz, tiroid kanserini iyile\u015ftirmek \u00fczere \u00fcretilmi\u015ftir.\u00a0 K\u0131sa zamanda \u015fikayetlerin azalmas\u0131na, iki ay ve daha uzun s\u00fcreli kullan\u0131mda ise tam olarak iyile\u015fmeye yard\u0131mc\u0131 olur.<\/p>\n<p>&nbsp;<\/p>\n<\/div>\n","protected":false},"excerpt":{"rendered":"<p><strong>\u0130\u00e7indekiler:<\/strong> Ceviz Yapra\u011f\u0131, Kereviz Tohumu, Dereotu, Zerde\u00e7al, \u00c7\u00f6rekotu, Ke\u00e7iboynuzu Pekmezi. Net 360 gr. \u00b1 10 gr.<\/p>\n<div>\n<p><strong>Kullan\u0131m:<\/strong> Midesinde rahats\u0131zl\u0131k olmayanlar\u0131n sabah, ak\u015fam yemeklerden 30 dk \u00f6nce; midesinde rahats\u0131zl\u0131k olanlar\u0131n ise yemeklerden iki saat sonra bir \u00e7ay ka\u015f\u0131\u011f\u0131 macunu su ile yutmalar\u0131 tavsiye edilir.<\/p>\n<p>\u00dcr\u00fcn kullan\u0131l\u0131rken, g\u00fcn i\u00e7erisinde ayr\u0131ca elma, ceviz, nohut ve b\u00f6r\u00fclce\u00a0 yiyilirse daha \u00e7abuk sonu\u00e7 almak m\u00fcmk\u00fcn olur.<\/p>\n<p><strong>Saklama ko\u015fullar\u0131 ve uyar\u0131lar:<\/strong> Hamile ve emziren bayanlar\u0131n kullanmas\u0131 tavsiye edilmez. Tavsiye edilen g\u00fcnl\u00fck dozu a\u015fmay\u0131n\u0131z. \u00c7ocuklar\u0131n ula\u015famayaca\u011f\u0131 yerde saklay\u0131n\u0131z. Serin ve kuru yerde muhafaza ediniz. Emniyet band\u0131 \u00a0y\u0131rt\u0131lm\u0131\u015f \u00fcr\u00fcnleri sat\u0131n almay\u0131n\u0131z. \u015e\u0130FAV\u0130<\/p>\n<p><strong>S\u0130PAR\u0130\u015e\u0130N\u0130ZLE \u0130LG\u0130L\u0130 HER T\u00dcRL\u00dc SORULARINIZ \u0130\u00c7\u0130N;<\/strong><\/p>\n<p><strong>M\u00dc\u015eTER\u0130 TEMS\u0130LC\u0130L\u0130\u011e\u0130\u00a0 0216 418 34 34<br \/>\n<\/strong><\/p>\n<p>&nbsp;<\/p>\n<\/div>\n","protected":false},"featured_media":5814,"comment_status":"open","ping_status":"closed","template":"","meta":[],"product_brand":[],"product_cat":[145],"product_tag":[],"class_list":{"0":"post-6278","1":"product","2":"type-product","3":"status-publish","4":"has-post-thumbnail","6":"product_cat-genel","8":"first","9":"instock","10":"sale","11":"downloadable","12":"virtual","13":"purchasable","14":"product-type-simple"},"_links":{"self":[{"href":"https:\/\/sifaistanbul.com\/index.php?rest_route=\/wp\/v2\/product\/6278","targetHints":{"allow":["GET"]}}],"collection":[{"href":"https:\/\/sifaistanbul.com\/index.php?rest_route=\/wp\/v2\/product"}],"about":[{"href":"https:\/\/sifaistanbul.com\/index.php?rest_route=\/wp\/v2\/types\/product"}],"replies":[{"embeddable":true,"href":"https:\/\/sifaistanbul.com\/index.php?rest_route=%2Fwp%2Fv2%2Fcomments&post=6278"}],"wp:featuredmedia":[{"embeddable":true,"href":"https:\/\/sifaistanbul.com\/index.php?rest_route=\/wp\/v2\/media\/5814"}],"wp:attachment":[{"href":"https:\/\/sifaistanbul.com\/index.php?rest_route=%2Fwp%2Fv2%2Fmedia&parent=6278"}],"wp:term":[{"taxonomy":"product_brand","embeddable":true,"href":"https:\/\/sifaistanbul.com\/index.php?rest_route=%2Fwp%2Fv2%2Fproduct_brand&post=6278"},{"taxonomy":"product_cat","embeddable":true,"href":"https:\/\/sifaistanbul.com\/index.php?rest_route=%2Fwp%2Fv2%2Fproduct_cat&post=6278"},{"taxonomy":"product_tag","embeddable":true,"href":"https:\/\/sifaistanbul.com\/index.php?rest_route=%2Fwp%2Fv2%2Fproduct_tag&post=6278"}],"curies":[{"name":"wp","href":"https:\/\/api.w.org\/{rel}","templated":true}]}}