{"id":6279,"date":"2022-07-14T16:43:24","date_gmt":"2022-07-14T13:43:24","guid":{"rendered":"http:\/\/devaistanbul.com\/?post_type=product&#038;p=6279"},"modified":"2026-04-09T13:06:50","modified_gmt":"2026-04-09T10:06:50","slug":"kankans","status":"publish","type":"product","link":"https:\/\/sifaistanbul.com\/?product=kankans","title":{"rendered":"<center>KANKANS<center>(Kar\u0131\u015f\u0131k bitki macunu)<center><center>"},"content":{"rendered":"<div>\n<p>Her ya\u015fta g\u00f6r\u00fclebilen bir kanser \u00e7e\u015fidi olan l\u00f6semi (kan kanseri), \u00e7ocuklarda ve 50 ya\u015f \u00fcst\u00fc yeti\u015fkinlerde daha yayg\u0131n g\u00f6r\u00fclen bir hastal\u0131kt\u0131r. L\u00f6semi v\u00fccuttaki beyaz kan h\u00fccrelerinde olu\u015fan kanser t\u00fcr\u00fcd\u00fcr. L\u00f6semi, kan kanseri veya kemik ili\u011fi kanseri olarak da bilinir. L\u00f6semi, kemik ili\u011finden kaynaklanan bir hastal\u0131kt\u0131r. Kemiklerin i\u00e7inde bulunan s\u00fcngerimsi bir yap\u0131 olan kemik ili\u011fi, k\u0131rm\u0131z\u0131 ve beyaz kan h\u00fccreleri (alyuvarlar ve akyuvarlar) ile kan\u0131n p\u0131ht\u0131la\u015fmas\u0131n\u0131 sa\u011flayan trombositlerin \u00fcretildi\u011fi yerdir. Burada \u00fcretilen beyaz kan h\u00fccrelerinden bulunan lenfoid ve myeloid ad\u0131 verilen h\u00fccrelerin kontrols\u00fcz ve a\u015f\u0131r\u0131 \u00e7o\u011falmas\u0131, l\u00f6semi hastal\u0131\u011f\u0131na neden olur. Bu anormal beyaz kan h\u00fccreleri, v\u00fccuttaki enfeksiyon ve hastal\u0131klarla sava\u015fmaya yard\u0131mc\u0131 olan sa\u011fl\u0131kl\u0131 beyaz kan h\u00fccrelerinin \u00e7al\u0131\u015fmas\u0131n\u0131 engeller. Bu da kans\u0131zl\u0131k, ba\u011f\u0131\u015f\u0131kl\u0131k sisteminde yetersizlik, kanamaya yatk\u0131nl\u0131k, soluk cilt ve morarma gibi belirtilere neden olur.<\/p>\n<p>L\u00f6semi hastalar\u0131n\u0131n y\u00fczde 90\u2019\u0131nda altta yatan bir neden saptanmaz. Ancak y\u00fczde 10\u2019unda daha \u00f6nce ba\u015fka nedenlerle al\u0131nan radyoterapi ya da kemoterapi, maruz kal\u0131nan kimyasal ila\u00e7lar veya Down sendromu gibi do\u011fu\u015ftan gelen baz\u0131 hastal\u0131klar l\u00f6semiye yatk\u0131nl\u0131k yaratabilir. \u00c7ocuklarda l\u00f6seminin nedenleri,\u00a0 eri\u015fkinlerdeki gibi \u00e7evresel fakt\u00f6rlerine ba\u011fl\u0131 de\u011fildir. Eri\u015fkinlerde sigara-alkol kullan\u0131m\u0131, kimyasallara maruz kalma, enfeksiyonlar, beslenme gibi fakt\u00f6rler kanser yaparken, \u00e7ocuklarda l\u00f6semi genellikle genetik nedenlere ba\u011fl\u0131 olarak olu\u015fur. \u00d6p\u00fcc\u00fck hastal\u0131\u011f\u0131 nedeni olan Epstein-Barr gibi vir\u00fcsler de l\u00f6semiye neden olabilir. Ayr\u0131ca \u2018benzen\u2019 gibi petrokimya \u00fcr\u00fcnlerinin kullan\u0131ld\u0131\u011f\u0131 sanayi sekt\u00f6rlerinde \u00e7al\u0131\u015fan \u00e7ocuklarda l\u00f6semi meydana gelebilir. Yeni do\u011fan bebekler ya\u015fam\u0131n\u0131n ilk 6-8 ay\u0131nda anneden ald\u0131klar\u0131 ba\u011f\u0131\u015f\u0131kl\u0131k sistemini kullan\u0131r. Bu d\u00f6nemden sonra 2 ya\u015f\u0131na kadar kendi ba\u011f\u0131\u015f\u0131kl\u0131k sistemini d\u00fczenler. Bu d\u00f6nemde ge\u00e7irecekleri viral enfeksiyonlar l\u00f6semi kanserini tetikleyebilir. Bu ya\u015flarda olu\u015fan ra\u015fitizm ve bu hastal\u0131\u011fa ba\u011fl\u0131 olarak geli\u015fen D vitamini eksikli\u011fi kan kanseri olu\u015fumunu destekleyici rol oynar.<\/p>\n<p>L\u00f6seminin belirtileri \u00e7ocuklarda ve yeti\u015fkinlerde farkl\u0131l\u0131k g\u00f6sterebilir. Yeti\u015fkinlerde l\u00f6seminin en belirgin bulgusu kans\u0131zl\u0131\u011fa ba\u011fl\u0131 olarak geli\u015fen halsizlik, solgunluk, \u00e7abuk yorulma ve nefes darl\u0131\u011f\u0131d\u0131r. Ba\u011f\u0131\u015f\u0131kl\u0131k sisteminin zay\u0131flamas\u0131 nedeniyle ortaya \u00e7\u0131kan enfeksiyonlar ve bu enfeksiyonlar\u0131n neden oldu\u011fu burun, di\u015f ve di\u015f eti kanamalar\u0131, cilt alt\u0131nda beklenmedik kanamalar, morarmalar, cilt \u00fczerinde toplu i\u011fne ba\u015f\u0131 b\u00fcy\u00fckl\u00fc\u011f\u00fcnde k\u0131rm\u0131z\u0131 d\u00f6k\u00fcnt\u00fcler l\u00f6semi belirtileri aras\u0131ndad\u0131r. \u0130\u015ftahs\u0131zl\u0131k, kilo kayb\u0131, gece terlemeleri, tedavi ile kontrol alt\u0131na al\u0131namayan ate\u015fli enfeksiyonlar, kemik a\u011fr\u0131lar\u0131, boyun ve koltuk alt\u0131 lenf bezlerinde, di\u015f etlerinde ve kar\u0131nda \u015fi\u015flikler de di\u011fer belirtilerdir. \u00c7ocuklarda yayg\u0131n olarak g\u00f6r\u00fclen l\u00f6semi belirtileri ise; solgun bir cilt rengi, i\u015ftahs\u0131zl\u0131k ve buna ba\u011fl\u0131 olarak geli\u015fen h\u0131zl\u0131 kilo kayb\u0131, uzun s\u00fcren ate\u015fli enfeksiyonlar, v\u00fccutta morluklar ya da bezeler olu\u015fmas\u0131, kar\u0131nda \u015fi\u015flik ve eklem a\u011fr\u0131lar\u0131d\u0131r.<\/p>\n<p>KANKANS adl\u0131 \u00fcr\u00fcn\u00fcm\u00fcz, l\u00f6semi-kan kanseri i\u00e7in \u00fcretilmi\u015ftir.\u00a0 K\u0131sa zamanda \u015fikayetlerin azalmas\u0131na, iki ay ve daha uzun s\u00fcreli kullan\u0131mda ise tam olarak iyile\u015fmeye yard\u0131mc\u0131 olur.<\/p>\n<p>&nbsp;<\/p>\n<p>&nbsp;<\/p>\n<\/div>\n","protected":false},"excerpt":{"rendered":"<p><strong>\u0130\u00e7indekiler:<\/strong> K\u0131rlang\u0131\u00e7 Otu, Karahindiba, Fesle\u011fen, Ayn\u0131sefa, Zerde\u00e7al, \u00c7\u00f6rekotu, Susam, Kabak \u00c7ekirde\u011fi, Ke\u00e7iboynuzu Pekmezi. Net 360 gr. \u00b1 10 gr.<\/p>\n<div>\n<p><strong>Kullan\u0131m:<\/strong> Midesinde rahats\u0131zl\u0131k olmayanlar\u0131n sabah, ak\u015fam yemeklerden 30 dk \u00f6nce; midesinde rahats\u0131zl\u0131k olanlar\u0131n ise yemeklerden iki saat sonra bir \u00e7ay ka\u015f\u0131\u011f\u0131 macunu su ile yutmalar\u0131 tavsiye edilir.<\/p>\n<p>\u00dcr\u00fcn kullan\u0131l\u0131rken, g\u00fcn i\u00e7erisinde ayr\u0131ca havu\u00e7, ye\u015fil mercimek, \u00e7\u00f6rekotu, susam, kabak \u00e7ekirde\u011fi, yumurta, portakal, vi\u015fne, \u00fcz\u00fcm,\u00a0 p\u0131rasa, \u015falgam ve turp yiyilirse daha \u00e7abuk sonu\u00e7 almak m\u00fcmk\u00fcn olur.<\/p>\n<p><strong>Saklama ko\u015fullar\u0131 ve uyar\u0131lar:<\/strong> Hamile ve emziren bayanlar\u0131n kullanmas\u0131 tavsiye edilmez. Tavsiye edilen g\u00fcnl\u00fck dozu a\u015fmay\u0131n\u0131z. \u00c7ocuklar\u0131n ula\u015famayaca\u011f\u0131 yerde saklay\u0131n\u0131z. Serin ve kuru yerde muhafaza ediniz. Emniyet band\u0131 \u00a0y\u0131rt\u0131lm\u0131\u015f \u00fcr\u00fcnleri sat\u0131n almay\u0131n\u0131z. \u015e\u0130FAV\u0130<\/p>\n<p><strong>S\u0130PAR\u0130\u015e\u0130N\u0130ZLE \u0130LG\u0130L\u0130 HER T\u00dcRL\u00dc SORULARINIZ \u0130\u00c7\u0130N;<\/strong><\/p>\n<p><strong>M\u00dc\u015eTER\u0130 TEMS\u0130LC\u0130L\u0130\u011e\u0130\u00a0 0216 418 34 34<br \/>\n<\/strong><\/p>\n<\/div>\n","protected":false},"featured_media":5815,"comment_status":"open","ping_status":"closed","template":"","meta":[],"product_brand":[],"product_cat":[145],"product_tag":[],"class_list":{"0":"post-6279","1":"product","2":"type-product","3":"status-publish","4":"has-post-thumbnail","6":"product_cat-genel","8":"first","9":"instock","10":"sale","11":"downloadable","12":"virtual","13":"purchasable","14":"product-type-simple"},"_links":{"self":[{"href":"https:\/\/sifaistanbul.com\/index.php?rest_route=\/wp\/v2\/product\/6279","targetHints":{"allow":["GET"]}}],"collection":[{"href":"https:\/\/sifaistanbul.com\/index.php?rest_route=\/wp\/v2\/product"}],"about":[{"href":"https:\/\/sifaistanbul.com\/index.php?rest_route=\/wp\/v2\/types\/product"}],"replies":[{"embeddable":true,"href":"https:\/\/sifaistanbul.com\/index.php?rest_route=%2Fwp%2Fv2%2Fcomments&post=6279"}],"wp:featuredmedia":[{"embeddable":true,"href":"https:\/\/sifaistanbul.com\/index.php?rest_route=\/wp\/v2\/media\/5815"}],"wp:attachment":[{"href":"https:\/\/sifaistanbul.com\/index.php?rest_route=%2Fwp%2Fv2%2Fmedia&parent=6279"}],"wp:term":[{"taxonomy":"product_brand","embeddable":true,"href":"https:\/\/sifaistanbul.com\/index.php?rest_route=%2Fwp%2Fv2%2Fproduct_brand&post=6279"},{"taxonomy":"product_cat","embeddable":true,"href":"https:\/\/sifaistanbul.com\/index.php?rest_route=%2Fwp%2Fv2%2Fproduct_cat&post=6279"},{"taxonomy":"product_tag","embeddable":true,"href":"https:\/\/sifaistanbul.com\/index.php?rest_route=%2Fwp%2Fv2%2Fproduct_tag&post=6279"}],"curies":[{"name":"wp","href":"https:\/\/api.w.org\/{rel}","templated":true}]}}