{"id":6288,"date":"2022-07-14T17:48:30","date_gmt":"2022-07-14T14:48:30","guid":{"rendered":"http:\/\/devaistanbul.com\/?post_type=product&#038;p=6288"},"modified":"2026-04-09T13:29:37","modified_gmt":"2026-04-09T10:29:37","slug":"avars","status":"publish","type":"product","link":"https:\/\/sifaistanbul.com\/?product=avars","title":{"rendered":"<center>AVARS<center>(Kar\u0131\u015f\u0131k bitki \u00e7ay\u0131)<center><center>"},"content":{"rendered":"<p>Varis, bacak toplardamarlar\u0131n\u0131n deri alt\u0131nda mavi renkte, geni\u015flemi\u015f ve k\u0131vr\u0131mlar yapm\u0131\u015f olarak g\u00f6r\u00fclmesidir. Ba\u015flang\u0131\u00e7ta damarlar\u0131n geni\u015flemesi sonucu \u015fi\u015flikler g\u00f6r\u00fclse de varis bulgular\u0131n\u0131n artmas\u0131 ile b\u00fcy\u00fck damar paketleri olu\u015fabilir ve hatta damar \u00e7atlamalar\u0131 g\u00f6r\u00fclebilir. Varis ilk y\u0131llarda \u00e7o\u011funlukla g\u00f6r\u00fcnt\u00fc rahats\u0131zl\u0131\u011f\u0131 verse de, daha sonra a\u011fr\u0131ya yol a\u00e7abilir. Toplardamar (ven\u00f6z) yetmezlik geli\u015firse bacaklarda \u015fi\u015fme meydana gelir. Varisli damarlarda p\u0131ht\u0131 olu\u015fursa (tromboflebit) bacaklarda a\u011fr\u0131, \u015fi\u015flik ve k\u0131zar\u0131kl\u0131k olu\u015fur.<\/p>\n<p>Varisin olu\u015fma nedeni tam olarak bilinmemektedir. Temel sorun, toplardamar duvar\u0131nda olu\u015fan yap\u0131sal bozukluk nedeniyle damar\u0131n geni\u015flemesi ve damar i\u00e7indeki kapak\u00e7\u0131klar\u0131n bozulmas\u0131yla kan\u0131n geri ka\u00e7mas\u0131d\u0131r. Bu ka\u00e7ak sonucu, kan kalbe do\u011fru d\u00f6nmekte zorlan\u0131yor ve toplardamarlar\u0131n i\u00e7indeki bas\u0131n\u00e7 gittik\u00e7e art\u0131yor. Bas\u0131nc\u0131n artmas\u0131 sonucunda da damarlar giderek geni\u015fliyor ve b\u00f6ylelikle bir k\u0131s\u0131rd\u00f6ng\u00fc olu\u015fuyor. Varislerin daha nadir g\u00f6r\u00fclen bir nedeni de, ana toplardamarlar\u0131 t\u0131kal\u0131 olan bireylerde normalde bacak kan\u0131n\u0131n y\u00fczde 10\u2019unu ta\u015f\u0131yan y\u00fczeyel toplardamarlar, baca\u011f\u0131n t\u00fcm kirli kan d\u00f6n\u00fc\u015f\u00fcn\u00fc \u00fcstleniyor. Bu nedenle \u00e7aplar\u0131 art\u0131yor ve varis g\u00f6r\u00fcn\u00fcm\u00fc al\u0131yorlar.<\/p>\n<p>Varisin belirtileri; bacaklarda mavi mor \u015fi\u015flikler, a\u011fr\u0131, uyu\u015fukluk, ka\u015f\u0131nt\u0131 ve a\u011f\u0131rl\u0131k hissi \u015feklindedir.\u00a0\u00dcr\u00fcn\u00fcm\u00fcz varis rahats\u0131zl\u0131klar\u0131n\u0131 gidermek \u00fczere \u00fcretilmi\u015ftir. Son derece etkili olup; k\u0131sa s\u00fcreli kullan\u0131mda\u00a0 rahats\u0131zl\u0131klar\u0131n azalmas\u0131na, iki ay ve daha uzun s\u00fcreli kullan\u0131mda ise iyile\u015fmesine yard\u0131mc\u0131 olur. VARG\u0130 isimli varis kremimizle birlikte kullan\u0131l\u0131rsa \u00e7ok daha k\u0131sa s\u00fcrede netice al\u0131nmas\u0131 m\u00fcmk\u00fcn olur.<\/p>\n<h2><\/h2>\n","protected":false},"excerpt":{"rendered":"<p><strong>\u0130\u00e7indekiler:<\/strong> \u00c7oban \u00c7antas\u0131, At Kestanesi, Biberiye, Ekinezya, Gotu Kola, \u00dcz\u00fcm \u00c7ekirde\u011fi.<\/p>\n<p><strong>Kullan\u0131m:<\/strong> Bir su barda\u011f\u0131 kaynar suya bir tatl\u0131 ka\u015f\u0131\u011f\u0131 kar\u0131\u015f\u0131m \u00e7ay ekleyip 20 dk. demlendikten sonra s\u00fcz\u00fcp i\u00e7iniz. \u0130ste\u011fe g\u00f6re \u00a0bal, pekmez, \u015feker \u00a0ile tatland\u0131r\u0131labilir. Midesinde rahats\u0131zl\u0131k olmayanlar\u0131n sabah, ak\u015fam yemeklerden 30 dk. \u00f6nce; midesinde rahats\u0131zl\u0131k olanlar\u0131n ise, yemeklerden 2 saat sonra i\u00e7meleri tavsiye edilir.<\/p>\n<p><strong>Saklama ko\u015fullar\u0131 ve uyar\u0131lar:<\/strong> Hamile ve emziren bayanlar\u0131n kullanmas\u0131 tavsiye edilmez. Tavsiye edilen g\u00fcnl\u00fck dozu a\u015fmay\u0131n\u0131z. \u00c7ocuklar\u0131n ula\u015famayaca\u011f\u0131 yerde saklay\u0131n\u0131z. Serin ve kuru yerde muhafaza ediniz. Emniyet band\u0131 \u00a0y\u0131rt\u0131lm\u0131\u015f \u00fcr\u00fcnleri sat\u0131n almay\u0131n\u0131z. \u015e\u0130FAV\u0130<\/p>\n<p><strong>S\u0130PAR\u0130\u015e\u0130N\u0130ZLE \u0130LG\u0130L\u0130 HER T\u00dcRL\u00dc SORULARINIZ \u0130\u00c7\u0130N;<\/strong><\/p>\n<p><strong>M\u00dc\u015eTER\u0130 TEMS\u0130LC\u0130L\u0130\u011e\u0130\u00a0 0216 418 34 34<br \/>\n<\/strong><\/p>\n","protected":false},"featured_media":5175,"comment_status":"open","ping_status":"closed","template":"","meta":[],"product_brand":[],"product_cat":[145],"product_tag":[],"class_list":{"0":"post-6288","1":"product","2":"type-product","3":"status-publish","4":"has-post-thumbnail","6":"product_cat-genel","8":"first","9":"instock","10":"sale","11":"downloadable","12":"virtual","13":"purchasable","14":"product-type-simple"},"_links":{"self":[{"href":"https:\/\/sifaistanbul.com\/index.php?rest_route=\/wp\/v2\/product\/6288","targetHints":{"allow":["GET"]}}],"collection":[{"href":"https:\/\/sifaistanbul.com\/index.php?rest_route=\/wp\/v2\/product"}],"about":[{"href":"https:\/\/sifaistanbul.com\/index.php?rest_route=\/wp\/v2\/types\/product"}],"replies":[{"embeddable":true,"href":"https:\/\/sifaistanbul.com\/index.php?rest_route=%2Fwp%2Fv2%2Fcomments&post=6288"}],"wp:featuredmedia":[{"embeddable":true,"href":"https:\/\/sifaistanbul.com\/index.php?rest_route=\/wp\/v2\/media\/5175"}],"wp:attachment":[{"href":"https:\/\/sifaistanbul.com\/index.php?rest_route=%2Fwp%2Fv2%2Fmedia&parent=6288"}],"wp:term":[{"taxonomy":"product_brand","embeddable":true,"href":"https:\/\/sifaistanbul.com\/index.php?rest_route=%2Fwp%2Fv2%2Fproduct_brand&post=6288"},{"taxonomy":"product_cat","embeddable":true,"href":"https:\/\/sifaistanbul.com\/index.php?rest_route=%2Fwp%2Fv2%2Fproduct_cat&post=6288"},{"taxonomy":"product_tag","embeddable":true,"href":"https:\/\/sifaistanbul.com\/index.php?rest_route=%2Fwp%2Fv2%2Fproduct_tag&post=6288"}],"curies":[{"name":"wp","href":"https:\/\/api.w.org\/{rel}","templated":true}]}}