{"id":6294,"date":"2022-07-14T18:32:52","date_gmt":"2022-07-14T15:32:52","guid":{"rendered":"http:\/\/devaistanbul.com\/?post_type=product&#038;p=6294"},"modified":"2026-04-09T14:53:49","modified_gmt":"2026-04-09T11:53:49","slug":"abeytum","status":"publish","type":"product","link":"https:\/\/sifaistanbul.com\/?product=abeytum","title":{"rendered":"<center>ABEYT\u00dcM<center>(Kar\u0131\u015f\u0131k bitki \u00e7ay\u0131)<center><center>"},"content":{"rendered":"<p>Beyindeki normal h\u00fccrelerin anormalle\u015ferek b\u00fcy\u00fcmesi sonucunda k\u00f6t\u00fc huylu ve iyi huylu olarak kitlele\u015fen yap\u0131lar beyin t\u00fcm\u00f6rleri olarak nitelendirilirler. Beyin t\u00fcm\u00f6rleri yeni do\u011fan \u00e7ocuklar dahil olmak \u00fczere t\u00fcm ya\u015f d\u00f6nemlerinde g\u00f6r\u00fcl\u00fcrler. Meydana gelen kitle kafatas\u0131 i\u00e7i bas\u0131nc\u0131n\u0131n artmas\u0131na sebep olarak beyin \u00fczerine bask\u0131 yapmaya ba\u015flar ve beyin bask\u0131 alt\u0131nda normal yap\u0131s\u0131n\u0131 kaybederek i\u015flevlerini yerine getiremez hale gelir.<\/p>\n<p>Beyin t\u00fcm\u00f6r\u00fcn\u00fcn ana belirtileri aras\u0131nda, ani i\u015fitme kayb\u0131 ya\u015fanmas\u0131, ba\u015f a\u011fr\u0131s\u0131, mide bulant\u0131s\u0131 ve \u015fiddetli kusma, g\u00f6rme duyusunda bozukluklar, v\u00fccudun baz\u0131 b\u00f6lgelerinde k\u0131smi fel\u00e7ler say\u0131labilir.<\/p>\n<p>Abeyt\u00fcm, iyi huylu ve kansere d\u00f6n\u00fc\u015fmemi\u015f beyin t\u00fcm\u00f6rlerini gidermek \u00fczere \u00fcretilmi\u015ftir. Son derece etkili olup; k\u0131sa s\u00fcreli kullan\u0131mda rahats\u0131zl\u0131klar\u0131n azalmas\u0131na, iki ay ve daha uzun s\u00fcreli kullan\u0131mda ise\u00a0 iyile\u015fmesine yard\u0131mc\u0131 olur. K\u00f6t\u00fc huylu beyin t\u00fcm\u00f6rleri (beyin kanserleri) i\u00e7in BEYKANS isimli \u00fcr\u00fcn\u00fcm\u00fcz\u00fcn kullan\u0131lmas\u0131 tavsiye edilir.<\/p>\n<p>&nbsp;<\/p>\n","protected":false},"excerpt":{"rendered":"<p><strong>\u0130\u00e7indekiler:<\/strong> \u00d6kse Otu, Zerde\u00e7al, Is\u0131rgan, Fesle\u011fen, Reishi Mantar\u0131. Net 90 gr. \u00b1 2 gr.<\/p>\n<p><strong>Kullan\u0131m:<\/strong> Bir su barda\u011f\u0131 kaynar suya bir tatl\u0131 ka\u015f\u0131\u011f\u0131 kar\u0131\u015f\u0131m \u00e7ay ekleyip 20 dk. demlendikten sonra s\u00fcz\u00fcp i\u00e7iniz. \u0130ste\u011fe g\u00f6re \u00a0bal, pekmez, \u015feker \u00a0ile tatland\u0131r\u0131labilir. Midesinde rahats\u0131zl\u0131k olmayanlar\u0131n sabah, ak\u015fam yemeklerden 30 dk. \u00f6nce; midesinde rahats\u0131zl\u0131k olanlar\u0131n ise, yemeklerden 2 saat sonra i\u00e7meleri tavsiye edilir.<\/p>\n<p><strong>Saklama ko\u015fullar\u0131 ve uyar\u0131lar:<\/strong> Hamile ve emziren bayanlar\u0131n kullanmas\u0131 tavsiye edilmez. Tavsiye edilen g\u00fcnl\u00fck dozu a\u015fmay\u0131n\u0131z. \u00c7ocuklar\u0131n ula\u015famayaca\u011f\u0131 yerde saklay\u0131n\u0131z. Serin ve kuru yerde muhafaza ediniz. Emniyet band\u0131 \u00a0y\u0131rt\u0131lm\u0131\u015f \u00fcr\u00fcnleri sat\u0131n almay\u0131n\u0131z. \u015e\u0130FAV\u0130<\/p>\n<p><strong>S\u0130PAR\u0130\u015e\u0130N\u0130ZLE \u0130LG\u0130L\u0130 HER T\u00dcRL\u00dc SORULARINIZ \u0130\u00c7\u0130N;<\/strong><\/p>\n<p><strong>M\u00dc\u015eTER\u0130 TEMS\u0130LC\u0130L\u0130\u011e\u0130\u00a0 \u00a00216 418 34 34<br \/>\n<\/strong><\/p>\n","protected":false},"featured_media":5769,"comment_status":"open","ping_status":"closed","template":"","meta":[],"product_brand":[],"product_cat":[145],"product_tag":[],"class_list":{"0":"post-6294","1":"product","2":"type-product","3":"status-publish","4":"has-post-thumbnail","6":"product_cat-genel","8":"first","9":"instock","10":"sale","11":"downloadable","12":"virtual","13":"purchasable","14":"product-type-simple"},"_links":{"self":[{"href":"https:\/\/sifaistanbul.com\/index.php?rest_route=\/wp\/v2\/product\/6294","targetHints":{"allow":["GET"]}}],"collection":[{"href":"https:\/\/sifaistanbul.com\/index.php?rest_route=\/wp\/v2\/product"}],"about":[{"href":"https:\/\/sifaistanbul.com\/index.php?rest_route=\/wp\/v2\/types\/product"}],"replies":[{"embeddable":true,"href":"https:\/\/sifaistanbul.com\/index.php?rest_route=%2Fwp%2Fv2%2Fcomments&post=6294"}],"wp:featuredmedia":[{"embeddable":true,"href":"https:\/\/sifaistanbul.com\/index.php?rest_route=\/wp\/v2\/media\/5769"}],"wp:attachment":[{"href":"https:\/\/sifaistanbul.com\/index.php?rest_route=%2Fwp%2Fv2%2Fmedia&parent=6294"}],"wp:term":[{"taxonomy":"product_brand","embeddable":true,"href":"https:\/\/sifaistanbul.com\/index.php?rest_route=%2Fwp%2Fv2%2Fproduct_brand&post=6294"},{"taxonomy":"product_cat","embeddable":true,"href":"https:\/\/sifaistanbul.com\/index.php?rest_route=%2Fwp%2Fv2%2Fproduct_cat&post=6294"},{"taxonomy":"product_tag","embeddable":true,"href":"https:\/\/sifaistanbul.com\/index.php?rest_route=%2Fwp%2Fv2%2Fproduct_tag&post=6294"}],"curies":[{"name":"wp","href":"https:\/\/api.w.org\/{rel}","templated":true}]}}