{"id":6295,"date":"2022-07-14T18:38:12","date_gmt":"2022-07-14T15:38:12","guid":{"rendered":"http:\/\/devaistanbul.com\/?post_type=product&#038;p=6295"},"modified":"2026-04-09T14:56:43","modified_gmt":"2026-04-09T11:56:43","slug":"adms","status":"publish","type":"product","link":"https:\/\/sifaistanbul.com\/?product=adms","title":{"rendered":"<center>ADMS<center>(Kar\u0131\u015f\u0131k bitki \u00e7ay\u0131)<center><center>"},"content":{"rendered":"<p>MS (Multipl Skleroz) rahats\u0131zl\u0131\u011f\u0131, beyinde ve omurilikte, sinyalleri ta\u015f\u0131yan sinir telleri etraf\u0131ndaki ya\u011f tabakas\u0131 \u015feklindeki koruyucu k\u0131l\u0131f\u0131n (miyelin k\u0131l\u0131f\u0131) hasar g\u00f6rmesi sonucunda olu\u015fan bir sinir sistemi hastal\u0131\u011f\u0131d\u0131r. Miyelin zarar g\u00f6rd\u00fc\u011f\u00fcnde, mesajlar yava\u015f veya bozuk iletilir ya da hi\u00e7 iletilmez ve hareket aksakl\u0131\u011f\u0131, kaslarda g\u00fc\u00e7s\u00fczl\u00fck, k\u0131smi fel\u00e7, dengesizlik, konu\u015fma ve g\u00f6rme bozukluklar\u0131 gibi \u00e7e\u015fitli belirtiler ortaya \u00e7\u0131kar. Ataklar halinde kendini g\u00f6steren\u00a0MS rahats\u0131zl\u0131\u011f\u0131 her ki\u015fide farkl\u0131 \u015fiddet, s\u0131kl\u0131k ve bulgularla ortaya \u00e7\u0131kabilir. MS otoimm\u00fcn bir hastal\u0131kt\u0131r. Yani v\u00fccudun ba\u011f\u0131\u015f\u0131kl\u0131k sistemi kendi dokusunu yabanc\u0131 madde zannederek ona sald\u0131r\u0131r.<\/p>\n<p>MS hastas\u0131 olmak ki\u015finin hatas\u0131 de\u011fildir ve ya\u015fam stili veya davran\u0131\u015flarla bir ilgisi yoktur. MS hastal\u0131\u011f\u0131nda ba\u011f\u0131\u015f\u0131kl\u0131k sistemi, beyin ve omurilikteki sinir liflerini kaplayan ve koruyan miyeline zarar verir. Miyelin, elektrik kablolar\u0131ndaki yal\u0131t\u0131m kaplamas\u0131 gibidir. Zarar g\u00f6rd\u00fc\u011f\u00fcnde sinir lifi ortaya \u00e7\u0131kar ve bu sinir boyunca iletilen mesajlar yava\u015flayabilir veya engellenebilir. Ayr\u0131ca sinirin kendisi de zarar g\u00f6rebilir. \u0130nsanlar\u0131n neden MS\u2019e yakaland\u0131\u011f\u0131 tam olarak bilinemese de, ara\u015ft\u0131rmalar buna genetik ve \u00e7evresel fakt\u00f6rlerin birlikte neden oldu\u011funu ileri s\u00fcrmektedir.<\/p>\n<p>\u00dcr\u00fcn\u00fcm\u00fcz, MS rahats\u0131zl\u0131klar\u0131n\u0131 gidermek \u00fczere \u00fcretilmi\u015ftir. Son derece etkili olup; k\u0131sa s\u00fcreli kullan\u0131mda rahats\u0131zl\u0131klar\u0131n azalmas\u0131na, iki ay ve daha uzun s\u00fcreli kullan\u0131mda ise rahats\u0131zl\u0131klar\u0131n\u00a0 b\u00fcy\u00fck oranda iyile\u015fmesine yard\u0131mc\u0131 olur. Yan\u0131nda AFLEC+ADAMA\u00c7+ATROD adl\u0131 \u00fcr\u00fcnlerimizin de kullan\u0131lmas\u0131, netice almay\u0131 \u00e7abukla\u015ft\u0131r\u0131r.<\/p>\n<p>&nbsp;<\/p>\n<p>&nbsp;<\/p>\n","protected":false},"excerpt":{"rendered":"<p><strong>\u0130\u00e7indekiler:<\/strong> <span class=\"JsGRdQ\">Zencefil, Zerde\u00e7al, Ye\u015fil\u00e7ay, Papatya, Keten Tohumu, Ginkgo Biloba, Kapari. Net 90 gr. \u00b1 2 gr.<\/span><\/p>\n<p><strong>Kullan\u0131m:<\/strong> Bir su barda\u011f\u0131 kaynar suya bir tatl\u0131 ka\u015f\u0131\u011f\u0131 kar\u0131\u015f\u0131m \u00e7ay ekleyip 20 dk. demlendikten sonra s\u00fcz\u00fcp i\u00e7iniz. \u0130ste\u011fe g\u00f6re \u00a0bal, pekmez, \u015feker \u00a0ile tatland\u0131r\u0131labilir.\u00a0Midesinde rahats\u0131zl\u0131k olmayanlar\u0131n sabah, ak\u015fam yemeklerden 30 dk. \u00f6nce; midesinde rahats\u0131zl\u0131k olanlar\u0131n ise, yemeklerden 2 saat sonra i\u00e7meleri tavsiye edilir.<\/p>\n<p>\u00dcr\u00fcn kullan\u0131l\u0131rken, g\u00fcn i\u00e7erisinde ayr\u0131ca kuru \u00fcz\u00fcm, dereotu, havu\u00e7, yumurta yenir; safran ve karanfil \u00e7ay\u0131 i\u00e7ilirse daha \u00e7abuk sonu\u00e7 almak m\u00fcmk\u00fcn olur.<\/p>\n<p><strong>Saklama ko\u015fullar\u0131 ve uyar\u0131lar:<\/strong> Tavsiye edilen g\u00fcnl\u00fck dozu a\u015fmay\u0131n\u0131z. \u00c7ocuklar\u0131n ula\u015famayaca\u011f\u0131 yerde saklay\u0131n\u0131z. Serin ve kuru yerde muhafaza ediniz. Emniyet band\u0131 \u00a0y\u0131rt\u0131lm\u0131\u015f \u00fcr\u00fcnleri sat\u0131n almay\u0131n\u0131z. \u015e\u0130FAV\u0130<\/p>\n<p><strong>S\u0130PAR\u0130\u015e\u0130N\u0130ZLE \u0130LG\u0130L\u0130 HER T\u00dcRL\u00dc SORULARINIZ \u0130\u00c7\u0130N;<\/strong><\/p>\n<p><strong>M\u00dc\u015eTER\u0130 TEMS\u0130LC\u0130L\u0130\u011e\u0130\u00a0 \u00a00216 418 34 34<br \/>\n<\/strong><\/p>\n<p>&nbsp;<\/p>\n","protected":false},"featured_media":5834,"comment_status":"open","ping_status":"closed","template":"","meta":[],"product_brand":[],"product_cat":[145],"product_tag":[],"class_list":{"0":"post-6295","1":"product","2":"type-product","3":"status-publish","4":"has-post-thumbnail","6":"product_cat-genel","8":"first","9":"instock","10":"sale","11":"downloadable","12":"virtual","13":"purchasable","14":"product-type-simple"},"_links":{"self":[{"href":"https:\/\/sifaistanbul.com\/index.php?rest_route=\/wp\/v2\/product\/6295","targetHints":{"allow":["GET"]}}],"collection":[{"href":"https:\/\/sifaistanbul.com\/index.php?rest_route=\/wp\/v2\/product"}],"about":[{"href":"https:\/\/sifaistanbul.com\/index.php?rest_route=\/wp\/v2\/types\/product"}],"replies":[{"embeddable":true,"href":"https:\/\/sifaistanbul.com\/index.php?rest_route=%2Fwp%2Fv2%2Fcomments&post=6295"}],"wp:featuredmedia":[{"embeddable":true,"href":"https:\/\/sifaistanbul.com\/index.php?rest_route=\/wp\/v2\/media\/5834"}],"wp:attachment":[{"href":"https:\/\/sifaistanbul.com\/index.php?rest_route=%2Fwp%2Fv2%2Fmedia&parent=6295"}],"wp:term":[{"taxonomy":"product_brand","embeddable":true,"href":"https:\/\/sifaistanbul.com\/index.php?rest_route=%2Fwp%2Fv2%2Fproduct_brand&post=6295"},{"taxonomy":"product_cat","embeddable":true,"href":"https:\/\/sifaistanbul.com\/index.php?rest_route=%2Fwp%2Fv2%2Fproduct_cat&post=6295"},{"taxonomy":"product_tag","embeddable":true,"href":"https:\/\/sifaistanbul.com\/index.php?rest_route=%2Fwp%2Fv2%2Fproduct_tag&post=6295"}],"curies":[{"name":"wp","href":"https:\/\/api.w.org\/{rel}","templated":true}]}}