{"id":6296,"date":"2022-07-14T18:42:37","date_gmt":"2022-07-14T15:42:37","guid":{"rendered":"http:\/\/devaistanbul.com\/?post_type=product&#038;p=6296"},"modified":"2026-04-09T16:25:01","modified_gmt":"2026-04-09T13:25:01","slug":"adsma","status":"publish","type":"product","link":"https:\/\/sifaistanbul.com\/?product=adsma","title":{"rendered":"<center>ADSMA<center>(Kar\u0131\u015f\u0131k bitki \u00e7ay\u0131)<center><center>"},"content":{"rendered":"<p class=\"western\">Halk aras\u0131nda gev\u015fek bebek sendromu olarakta bilinen SMA (spinal m\u00fcsk\u00fcler atrofi), omurilikteki bir b\u00f6lgenin tahribiyle meydana gelen kas kayb\u0131 hastal\u0131\u011f\u0131d\u0131r. Omurilikte bulunan ve kaslar\u0131n hareket etmesini sa\u011flamakta olan baz\u0131 sinir h\u00fccrelerinin hastalan\u0131p g\u00f6revlerini yerine tam olarak getirememelerinden dolay\u0131 bu hastal\u0131k ortaya \u00e7\u0131kar. Bu h\u00fccrelerin g\u00f6revi beyinden gelen hareket emirlerini kaslara iletmektir. Kaslar bu h\u00fccrelerden hareket emrini alamad\u0131klar\u0131ndan dolay\u0131 \u00e7al\u0131\u015famazlar ve zay\u0131flarlar. T\u00fcm bacak ve kol kaslar\u0131 ile g\u00f6vde ve baz\u0131 solunum kaslar\u0131 bu hastal\u0131ktan etkilenir.<\/p>\n<p class=\"western\">SMA kal\u0131tsal hastal\u0131k olup bula\u015f\u0131c\u0131 \u00f6zelli\u011fi bulunmaz. Kal\u0131tsal hastal\u0131klar genlerde bozulma meydana getirir. H\u00fccrelerin fonksiyon g\u00f6rmesini sa\u011flamak i\u00e7in, genler baz\u0131 proteinleri \u00fcretir. Gen bozuklu\u011funda bu proteinlerin \u00fcretimi yap\u0131lamaz, eksik \u00fcretim yap\u0131labilir ya da fazla \u00fcretim olabilir. Bu durum sonucunda da ilgili h\u00fccrelerde baz\u0131 hasarlar olu\u015fur. SMA\u2019da kaslar\u0131 hareket ettirecek sinir h\u00fccrelerinin i\u015flevi bozuldu\u011fundan v\u00fccuttaki istemli hareket eden kaslar kuvvetsizle\u015fir ve erimeye ba\u015flar.<br \/>\nSMA hastal\u0131\u011f\u0131n\u0131n belirtileri, kas g\u00fc\u00e7s\u00fczl\u00fc\u011f\u00fc ve erimesidir. Klinik olarak hastal\u0131\u011f\u0131n farkl\u0131 tipte ve farkl\u0131 \u015fiddette olan d\u00f6rt tipi belirlenmi\u015ftir. Bu hastal\u0131k tiplerinin, hareket etme becerileri ve fonksiyonel durumlara g\u00f6re \u00f6zellikleri ise \u015fu \u015fekildedir;<\/p>\n<p class=\"western\">SMA Tip 1: Ba\u011f\u0131ms\u0131z olarak oturulamaz ve ba\u015f\u0131n kontrol edilmesi \u00e7ok zay\u0131ft\u0131r. Hastal\u0131\u011f\u0131 en a\u011f\u0131r olan SMA tipidir. Hastal\u0131k do\u011fu\u015fta ba\u015flar, bebek \u00e7ok gev\u015fektir. Ciddi solunum g\u00fc\u00e7l\u00fc\u011f\u00fc \u00e7eker ve mekanik olarak solunum deste\u011fi sa\u011flanmad\u0131\u011f\u0131 takdirde ya\u015fam\u0131n\u0131 idame ettiremez.<\/p>\n<p class=\"western\">SMA Tip 2: Bu tipte ba\u015f kontrol edilebilir. Oturma eylemi de ger\u00e7ekle\u015ftirilebilir ancak yatma pozisyonundayken oturma pozisyonuna ge\u00e7i\u015f yap\u0131lamaz. Bu SMA tipi orta a\u011f\u0131rl\u0131kta olan tiptir. Hastal\u0131k ilk olarak 18 ayl\u0131ktan \u00f6nce ba\u015flar.<\/p>\n<p class=\"western\">SMA Tip 3: Hastal\u0131k \u00e7ocukta 18 ayl\u0131ktan sonra ba\u015flar. \u00c7ocuk y\u00fcr\u00fcme faaliyetini ger\u00e7ekle\u015ftirebilir ancak kas konusunda zaaf\u0131 mevcuttur. Hasta s\u0131k s\u0131k d\u00fc\u015fer, merdivenleri \u00e7\u0131karken ya da \u00e7\u00f6melip kalkarken zorlanma ya\u015far. Bacaklar g\u00fc\u00e7s\u00fcz oldu\u011fundan dolay\u0131 kollarda da g\u00fc\u00e7s\u00fczl\u00fck vard\u0131r. SMA Tip 3 hastal\u0131\u011f\u0131 bulunanlarda hastal\u0131\u011f\u0131n ba\u015flang\u0131\u00e7 ya\u015f\u0131 de\u011fi\u015fkenlik g\u00f6sterebilir. Genel olarak hastal\u0131k ba\u015flang\u0131c\u0131n\u0131n gecikmesi hastal\u0131\u011f\u0131n daha hafif bir hale gelmesini sa\u011flar.<\/p>\n<p class=\"western\">SMA Tip 4: Eri\u015fkin ya\u015flarda ya\u015flarda ba\u015flayan bu hastal\u0131k tipinde bacak ve kollarda zay\u0131fl\u0131k g\u00f6r\u00fcl\u00fcr. Genel olarak bu hastalar y\u00fcr\u00fcyebilir.<\/p>\n<p class=\"western\">\u00dcr\u00fcn\u00fcm\u00fcz, SMA rahats\u0131zl\u0131klar\u0131n\u0131 gidermek \u00fczere \u00fcretilmi\u015ftir. Son derece etkili olup; k\u0131sa s\u00fcreli kullan\u0131mda rahats\u0131zl\u0131klar\u0131n azalmas\u0131na, iki ay ve daha uzun s\u00fcreli kullan\u0131mda ise rahats\u0131zl\u0131klar\u0131n\u00a0 b\u00fcy\u00fck oranda iyile\u015fmesine yard\u0131mc\u0131 olur.<\/p>\n<p>&nbsp;<\/p>\n<p>&nbsp;<\/p>\n","protected":false},"excerpt":{"rendered":"<p><strong>\u0130\u00e7indekiler:<\/strong> Ada\u00e7ay\u0131, Karanfil, Fesle\u011fen, Safran, Melek otu, Kantaron. Net 90 gr. \u00b1 2 gr.<\/p>\n<p><strong>Kullan\u0131m:<\/strong> Bir su barda\u011f\u0131 kaynar suya bir tatl\u0131 ka\u015f\u0131\u011f\u0131 kar\u0131\u015f\u0131m \u00e7ay ekleyip 20 dk. demlendikten sonra s\u00fcz\u00fcp i\u00e7iniz. \u0130ste\u011fe g\u00f6re \u00a0bal, pekmez, \u015feker \u00a0ile tatland\u0131r\u0131labilir.\u00a0Midesinde rahats\u0131zl\u0131k olmayanlar\u0131n sabah, ak\u015fam yemeklerden 30 dk. \u00f6nce; midesinde rahats\u0131zl\u0131k olanlar\u0131n ise, yemeklerden 2 saat sonra i\u00e7meleri tavsiye edilir.<\/p>\n<p>\u00dcr\u00fcn kullan\u0131l\u0131rken, g\u00fcn i\u00e7erisinde ayr\u0131ca safran \u00e7ay\u0131 i\u00e7ilir, iki-\u00fc\u00e7 adet havu\u00e7, bir k\u00fc\u00e7\u00fck kase yo\u011furt, bir iki adet ceviz ve bir adet elma\u00a0 t\u00fcketilirse daha \u00e7abuk sonu\u00e7 almak m\u00fcmk\u00fcn olur.<\/p>\n<p><strong>Saklama ko\u015fullar\u0131 ve uyar\u0131lar:<\/strong> Tavsiye edilen g\u00fcnl\u00fck dozu a\u015fmay\u0131n\u0131z. \u00c7ocuklar\u0131n ula\u015famayaca\u011f\u0131 yerde saklay\u0131n\u0131z. Serin ve kuru yerde muhafaza ediniz. Emniyet band\u0131 \u00a0y\u0131rt\u0131lm\u0131\u015f \u00fcr\u00fcnleri sat\u0131n almay\u0131n\u0131z. \u015e\u0130FAV\u0130<\/p>\n<p><strong>S\u0130PAR\u0130\u015e\u0130N\u0130ZLE \u0130LG\u0130L\u0130 HER T\u00dcRL\u00dc SORULARINIZ \u0130\u00c7\u0130N;<\/strong><\/p>\n<p class=\"western\"><strong>M\u00dc\u015eTER\u0130 TEMS\u0130LC\u0130L\u0130\u011e\u0130 \u00a00216 418 34 34<br \/>\n<\/strong><\/p>\n","protected":false},"featured_media":5835,"comment_status":"open","ping_status":"closed","template":"","meta":[],"product_brand":[],"product_cat":[145],"product_tag":[],"class_list":{"0":"post-6296","1":"product","2":"type-product","3":"status-publish","4":"has-post-thumbnail","6":"product_cat-genel","8":"first","9":"instock","10":"sale","11":"downloadable","12":"virtual","13":"purchasable","14":"product-type-simple"},"_links":{"self":[{"href":"https:\/\/sifaistanbul.com\/index.php?rest_route=\/wp\/v2\/product\/6296","targetHints":{"allow":["GET"]}}],"collection":[{"href":"https:\/\/sifaistanbul.com\/index.php?rest_route=\/wp\/v2\/product"}],"about":[{"href":"https:\/\/sifaistanbul.com\/index.php?rest_route=\/wp\/v2\/types\/product"}],"replies":[{"embeddable":true,"href":"https:\/\/sifaistanbul.com\/index.php?rest_route=%2Fwp%2Fv2%2Fcomments&post=6296"}],"wp:featuredmedia":[{"embeddable":true,"href":"https:\/\/sifaistanbul.com\/index.php?rest_route=\/wp\/v2\/media\/5835"}],"wp:attachment":[{"href":"https:\/\/sifaistanbul.com\/index.php?rest_route=%2Fwp%2Fv2%2Fmedia&parent=6296"}],"wp:term":[{"taxonomy":"product_brand","embeddable":true,"href":"https:\/\/sifaistanbul.com\/index.php?rest_route=%2Fwp%2Fv2%2Fproduct_brand&post=6296"},{"taxonomy":"product_cat","embeddable":true,"href":"https:\/\/sifaistanbul.com\/index.php?rest_route=%2Fwp%2Fv2%2Fproduct_cat&post=6296"},{"taxonomy":"product_tag","embeddable":true,"href":"https:\/\/sifaistanbul.com\/index.php?rest_route=%2Fwp%2Fv2%2Fproduct_tag&post=6296"}],"curies":[{"name":"wp","href":"https:\/\/api.w.org\/{rel}","templated":true}]}}