{"id":6302,"date":"2022-07-14T20:34:03","date_gmt":"2022-07-14T17:34:03","guid":{"rendered":"http:\/\/devaistanbul.com\/?post_type=product&#038;p=6302"},"modified":"2026-04-09T17:05:34","modified_gmt":"2026-04-09T14:05:34","slug":"aserpal","status":"publish","type":"product","link":"https:\/\/sifaistanbul.com\/?product=aserpal","title":{"rendered":"<center>ASERPAL<center>(Kar\u0131\u015f\u0131k bitki \u00e7ay\u0131)<center><center>"},"content":{"rendered":"<p class=\"western\">Serebral palsi, yani beyin felci insan v\u00fccudundaki kaslar\u0131n hareketlerini, tonusunu veya v\u00fccudun duru\u015funu etkileyen bir grup fiziksel engel durumuna verilen isimdir. Serebral Palsi \u00e7o\u011funlukla do\u011fumdan \u00f6nce olmak \u00fczere olgunla\u015fmam\u0131\u015f beynin geli\u015fmesi s\u0131ras\u0131nda meydana gelen hasardan kaynaklan\u0131r. Serebral palsi bireyin t\u00fcm v\u00fccudunu etkileyebilir veya v\u00fccudun bir taraf\u0131na ya da tek bir uzva odaklanm\u0131\u015f etki g\u00f6sterebilir. Serebral palsi olu\u015fturan beyin bozuklu\u011fu zaman i\u00e7erisinde de\u011fi\u015fiklik g\u00f6stermez. Bu nedenle semptomlar genellikle ilerleyen ya\u015fla birlikte daha a\u011f\u0131r bir hal almaz. Hasar\u0131n beynin hangi b\u00f6lgesinde ve ne kadar yayg\u0131n oldu\u011funa ba\u011fl\u0131 olarak serebral palsi\u2019nin belirtileri de\u011fi\u015fir.<br \/>\n\u00c7o\u011fu zaman hastal\u0131\u011f\u0131n sebebi bulunamamakla birlikte, bilinen en s\u0131k sebepleri aras\u0131nda hamilelik ve do\u011fum s\u0131ras\u0131ndaki baz\u0131 etkenler yer al\u0131r. Bu etkenler aras\u0131nda erken (premat\u00fcre) do\u011fum, gebe annede tansiyonun y\u00fckselmesi veya d\u00fc\u015fmesi, kan uyu\u015fmazl\u0131\u011f\u0131, hamileyken ge\u00e7irilen kanamalar ve enfeksiyonlar say\u0131labilir. Uzam\u0131\u015f ve zor bir do\u011fum esnas\u0131nda bebe\u011fin oksijensiz kalmas\u0131 veya do\u011fumdan sonra ge\u00e7irilen a\u011f\u0131r iltihabi hastal\u0131klar, kafa darbeleri, y\u00fcksek ate\u015f serebral palsi\u2019ye yol a\u00e7abilir. \u00c7ocu\u011fun \u00f6zellikle hareket geli\u015fimi ya\u015f\u0131tlar\u0131na g\u00f6re gerideyse, \u00f6rne\u011fin daha ge\u00e7 oturmu\u015f, daha ge\u00e7 emeklemi\u015f veya daha ge\u00e7 y\u00fcr\u00fcmeye ba\u015flam\u0131\u015fsa; kol ve bacaklar\u0131 normalden daha gergin veya gev\u015fekse; duru\u015fu, oturu\u015fu normalden farkl\u0131ysa serebral palsi\u2019den \u015f\u00fcphelenilmelidir.<\/p>\n<p class=\"western\">Serebral palsi her hastada ayn\u0131 belirtileri vermez. Baz\u0131 \u00e7ocuklarda etkilenen kaslar normalden gergin (kas\u0131l\u0131) durumdad\u0131r ve hastan\u0131n hareketlerini k\u0131s\u0131tlar. Baz\u0131 \u00e7ocuklardaysa kaslar fazlas\u0131yla gev\u015fektir ve hasta v\u00fccudunu istedi\u011fi gibi y\u00f6netemez. Bazen istem d\u0131\u015f\u0131 v\u00fccut hareketleri de g\u00f6r\u00fclebilir. Baz\u0131 hastalar\u0131n v\u00fccudunun bir yar\u0131s\u0131, baz\u0131lar\u0131n\u0131n sadece bacaklar\u0131, baz\u0131lar\u0131n\u0131n ise t\u00fcm v\u00fccudu etkilenebilir. \u00d6rne\u011fin baz\u0131 hastalar hafif topallarken di\u011ferleri tekerlekli sandalye kullanmak zorunda kalabilir. Bo\u011faz kaslar\u0131n\u0131n etkilenmesi sonucu konu\u015fma g\u00fc\u00e7l\u00fc\u011f\u00fc de olabilir. Beyin hasar\u0131n\u0131n a\u011f\u0131r oldu\u011fu durumlarda g\u00f6rme ve i\u015fitme sorunlar\u0131 ve bir \u00f6l\u00e7\u00fcde zeka gerili\u011fi de g\u00f6r\u00fclebilir.<\/p>\n<p class=\"western\">\u00dcr\u00fcn\u00fcm\u00fcz, Selebral palsi (beyin felci) rahats\u0131zl\u0131klar\u0131n\u0131 gidermek \u00fczere \u00fcretilmi\u015ftir. Son derece etkili olup; k\u0131sa s\u00fcreli kullan\u0131mda rahats\u0131zl\u0131klar\u0131n azalmas\u0131na, iki ay ve daha uzun s\u00fcreli kullan\u0131mda ise rahats\u0131zl\u0131klar\u0131n\u00a0 b\u00fcy\u00fck oranda iyile\u015fmesine yard\u0131mc\u0131 olur.<\/p>\n<p>&nbsp;<\/p>\n","protected":false},"excerpt":{"rendered":"<p><strong>\u0130\u00e7indekiler:<\/strong> \u00d6kseotu, Is\u0131rgan, Al\u0131\u00e7 Yapra\u011f\u0131, \u00dczerlik Tohumu, Civan Per\u00e7emi, Kantaron Net 90 gr. \u00b1 2 gr.<\/p>\n<p><strong>Kullan\u0131m:<\/strong> Bir su barda\u011f\u0131 kaynar suya bir tatl\u0131 ka\u015f\u0131\u011f\u0131 kar\u0131\u015f\u0131m \u00e7ay-12 ya\u015f\u0131ndan k\u00fc\u00e7\u00fcklere bir \u00e7ay ka\u015f\u0131\u011f\u0131- ekleyip 20 dk. demlendikten sonra s\u00fcz\u00fcp i\u00e7iniz. \u0130ste\u011fe g\u00f6re \u00a0bal, pekmez, \u015feker \u00a0ile tatland\u0131r\u0131labilir. Midesinde rahats\u0131zl\u0131k olmayanlar\u0131n sabah, ak\u015fam yemeklerden 30 dk. \u00f6nce; midesinde rahats\u0131zl\u0131k olanlar\u0131n ise, yemeklerden 2 saat sonra i\u00e7meleri tavsiye edilir.<\/p>\n<p>\u00dcr\u00fcn kullan\u0131l\u0131rken, g\u00fcn i\u00e7erisinde ayr\u0131ca m\u0131s\u0131r, havu\u00e7, kuru \u00fcz\u00fcm ve turp yiyilirse daha \u00e7abuk sonu\u00e7 almak m\u00fcmk\u00fcn olur.<\/p>\n<p><strong>Saklama ko\u015fullar\u0131 ve uyar\u0131lar:<\/strong> Tavsiye edilen g\u00fcnl\u00fck dozu a\u015fmay\u0131n\u0131z. \u00c7ocuklar\u0131n ula\u015famayaca\u011f\u0131 yerde saklay\u0131n\u0131z. Serin ve kuru yerde muhafaza ediniz. Emniyet band\u0131 \u00a0y\u0131rt\u0131lm\u0131\u015f \u00fcr\u00fcnleri sat\u0131n almay\u0131n\u0131z. \u015e\u0130FAV\u0130<\/p>\n<p><strong>S\u0130PAR\u0130\u015e\u0130N\u0130ZLE \u0130LG\u0130L\u0130 HER T\u00dcRL\u00dc SORULARINIZ \u0130\u00c7\u0130N;<\/strong><\/p>\n<p class=\"western\"><strong>M\u00dc\u015eTER\u0130 TEMS\u0130LC\u0130L\u0130\u011e\u0130\u00a0 \u00a00216 418 34 34<\/strong><\/p>\n<div><strong>\u00a0<\/strong><\/div>\n<p class=\"western\"><strong>\u00a0<\/strong><\/p>\n","protected":false},"featured_media":5942,"comment_status":"open","ping_status":"closed","template":"","meta":[],"product_brand":[],"product_cat":[145],"product_tag":[],"class_list":{"0":"post-6302","1":"product","2":"type-product","3":"status-publish","4":"has-post-thumbnail","6":"product_cat-genel","8":"first","9":"instock","10":"sale","11":"downloadable","12":"virtual","13":"purchasable","14":"product-type-simple"},"_links":{"self":[{"href":"https:\/\/sifaistanbul.com\/index.php?rest_route=\/wp\/v2\/product\/6302","targetHints":{"allow":["GET"]}}],"collection":[{"href":"https:\/\/sifaistanbul.com\/index.php?rest_route=\/wp\/v2\/product"}],"about":[{"href":"https:\/\/sifaistanbul.com\/index.php?rest_route=\/wp\/v2\/types\/product"}],"replies":[{"embeddable":true,"href":"https:\/\/sifaistanbul.com\/index.php?rest_route=%2Fwp%2Fv2%2Fcomments&post=6302"}],"wp:featuredmedia":[{"embeddable":true,"href":"https:\/\/sifaistanbul.com\/index.php?rest_route=\/wp\/v2\/media\/5942"}],"wp:attachment":[{"href":"https:\/\/sifaistanbul.com\/index.php?rest_route=%2Fwp%2Fv2%2Fmedia&parent=6302"}],"wp:term":[{"taxonomy":"product_brand","embeddable":true,"href":"https:\/\/sifaistanbul.com\/index.php?rest_route=%2Fwp%2Fv2%2Fproduct_brand&post=6302"},{"taxonomy":"product_cat","embeddable":true,"href":"https:\/\/sifaistanbul.com\/index.php?rest_route=%2Fwp%2Fv2%2Fproduct_cat&post=6302"},{"taxonomy":"product_tag","embeddable":true,"href":"https:\/\/sifaistanbul.com\/index.php?rest_route=%2Fwp%2Fv2%2Fproduct_tag&post=6302"}],"curies":[{"name":"wp","href":"https:\/\/api.w.org\/{rel}","templated":true}]}}