{"id":6316,"date":"2022-07-15T10:24:27","date_gmt":"2022-07-15T07:24:27","guid":{"rendered":"http:\/\/devaistanbul.com\/?post_type=product&#038;p=6316"},"modified":"2026-04-09T17:32:55","modified_gmt":"2026-04-09T14:32:55","slug":"atavka","status":"publish","type":"product","link":"https:\/\/sifaistanbul.com\/?product=atavka","title":{"rendered":"<center>ATAVKA<center>(Kar\u0131\u015f\u0131k bitki \u00e7ay\u0131)<center><center>"},"content":{"rendered":"<p>Tavuk karas\u0131 olarak da bilinen gece k\u00f6rl\u00fc\u011f\u00fc, gece ya da lo\u015f \u0131\u015f\u0131kta net g\u00f6rememe problemi olarak bilinir ve bir\u00e7ok nedeni olabilmektedir. Gece k\u00f6rl\u00fc\u011f\u00fc, retinada bulunan h\u00fccrelerin hasar g\u00f6rmesi sonucu\u00a0 olu\u015fur. Gece k\u00f6rl\u00fc\u011f\u00fcnden etkilenen insanlar net g\u00f6remedikleri i\u00e7in ak\u015fam ve gece saatlerinde hareket etmede ve ara\u00e7 kullanmada zorluk \u00e7ekerler. Gece k\u00f6rl\u00fc\u011f\u00fc sonradan ortaya \u00e7\u0131kabildi\u011fi gibi kal\u0131tsal da olabilir, ya da do\u011fum s\u0131ras\u0131nda olu\u015fan bir sorundan da kaynaklanabilir.<\/p>\n<p>Gece k\u00f6rl\u00fc\u011f\u00fcn\u00fcn sonradan ortaya \u00e7\u0131kmas\u0131n\u0131n nedenleri; tedavi edilmemi\u015f miyop, katarakt, glokom (g\u00f6z tansiyonu) hastal\u0131\u011f\u0131 ve g\u00f6z bebe\u011fine bask\u0131 yapan ila\u00e7lar, A vitamini ve \u00e7inko eksikli\u011fi, \u015feker hastal\u0131\u011f\u0131, kornean\u0131n \u015feklinin de\u011fi\u015fmesi (keratokon) olarak s\u0131ralanabilir.<\/p>\n<p>Gece K\u00f6rl\u00fc\u011f\u00fc Belirtileri; lo\u015f ortamlarda ya da ak\u015fam ve gece saatlerinde zay\u0131f ya da bulan\u0131k g\u00f6rme, parlak \u0131\u015f\u0131\u011fa maruz kald\u0131ktan sonra uzun s\u00fcreli g\u00f6rme kayb\u0131 ve kal\u0131c\u0131 olarak g\u00f6z kurumas\u0131 \u015feklinde olu\u015fmaktad\u0131r.<\/p>\n<p>\u00dcr\u00fcn\u00fcm\u00fcz tavuk karas\u0131 (gece k\u00f6rl\u00fc\u011f\u00fc) rahats\u0131zl\u0131\u011f\u0131n\u0131\u00a0 gidermek \u00fczere \u00fcretilmi\u015ftir. K\u0131sa zamanda rahats\u0131zl\u0131klar\u0131n azalmas\u0131na, iki ay ve daha uzun s\u00fcreli kullan\u0131mda tam olarak iyile\u015fmeye yard\u0131mc\u0131 olur.<\/p>\n<p>&nbsp;<\/p>\n","protected":false},"excerpt":{"rendered":"<p><strong>\u0130\u00e7indekiler:<\/strong> Ayn\u0131sefa, Rezene, Havu\u00e7 Tohumu, Hardal Tohumu, Kiraz Sap\u0131. Net 90 gr. \u00b1 2 gr.<\/p>\n<p><strong>Kullan\u0131m:<\/strong> Midesinde rahats\u0131zl\u0131k olmayanlar\u0131n sabah, ak\u015fam yemeklerden 30dk \u00f6nce; midesinde rahats\u0131zl\u0131k olanlar\u0131n ise yemeklerden iki saat sonra i\u00e7meleri tavsiye edilir. Bir su barda\u011f\u0131 kaynar suya bir tatl\u0131 ka\u015f\u0131\u011f\u0131 kar\u0131\u015f\u0131m \u00e7ay ekleyip 20 dk demlendikten sonra s\u00fcz\u00fcp i\u00e7iniz. \u0130ste\u011fe g\u00f6re bal, pekmez, \u015feker ile tatland\u0131r\u0131labilir.<\/p>\n<p><strong>Saklama ko\u015fullar\u0131 ve uyar\u0131lar:<\/strong> Hamile ve emziren bayanlar\u0131n kullanmas\u0131 tavsiye edilmez. Tavsiye edilen g\u00fcnl\u00fck dozu a\u015fmay\u0131n\u0131z. \u00c7ocuklar\u0131n ula\u015famayaca\u011f\u0131 yerde saklay\u0131n\u0131z. Serin ve kuru yerde muhafaza ediniz. Emniyet band\u0131 \u00a0y\u0131rt\u0131lm\u0131\u015f \u00fcr\u00fcnleri sat\u0131n almay\u0131n\u0131z. \u015e\u0130FAV\u0130<\/p>\n<p><strong>S\u0130PAR\u0130\u015e\u0130N\u0130ZLE \u0130LG\u0130L\u0130 HER T\u00dcRL\u00dc SORULARINIZ \u0130\u00c7\u0130N;<\/strong><\/p>\n<p class=\"western\"><strong>M\u00dc\u015eTER\u0130 TEMS\u0130LC\u0130L\u0130\u011e\u0130\u00a0\u00a0\u00a0<\/strong><strong> 0216 418 34 34<br \/>\n<\/strong><\/p>\n<div><strong>\u00a0<\/strong><\/div>\n<p class=\"western\"><strong>\u00a0<\/strong><\/p>\n<p>&nbsp;<\/p>\n","protected":false},"featured_media":5853,"comment_status":"open","ping_status":"closed","template":"","meta":[],"product_brand":[],"product_cat":[145],"product_tag":[],"class_list":{"0":"post-6316","1":"product","2":"type-product","3":"status-publish","4":"has-post-thumbnail","6":"product_cat-genel","8":"first","9":"instock","10":"sale","11":"downloadable","12":"virtual","13":"purchasable","14":"product-type-simple"},"_links":{"self":[{"href":"https:\/\/sifaistanbul.com\/index.php?rest_route=\/wp\/v2\/product\/6316","targetHints":{"allow":["GET"]}}],"collection":[{"href":"https:\/\/sifaistanbul.com\/index.php?rest_route=\/wp\/v2\/product"}],"about":[{"href":"https:\/\/sifaistanbul.com\/index.php?rest_route=\/wp\/v2\/types\/product"}],"replies":[{"embeddable":true,"href":"https:\/\/sifaistanbul.com\/index.php?rest_route=%2Fwp%2Fv2%2Fcomments&post=6316"}],"wp:featuredmedia":[{"embeddable":true,"href":"https:\/\/sifaistanbul.com\/index.php?rest_route=\/wp\/v2\/media\/5853"}],"wp:attachment":[{"href":"https:\/\/sifaistanbul.com\/index.php?rest_route=%2Fwp%2Fv2%2Fmedia&parent=6316"}],"wp:term":[{"taxonomy":"product_brand","embeddable":true,"href":"https:\/\/sifaistanbul.com\/index.php?rest_route=%2Fwp%2Fv2%2Fproduct_brand&post=6316"},{"taxonomy":"product_cat","embeddable":true,"href":"https:\/\/sifaistanbul.com\/index.php?rest_route=%2Fwp%2Fv2%2Fproduct_cat&post=6316"},{"taxonomy":"product_tag","embeddable":true,"href":"https:\/\/sifaistanbul.com\/index.php?rest_route=%2Fwp%2Fv2%2Fproduct_tag&post=6316"}],"curies":[{"name":"wp","href":"https:\/\/api.w.org\/{rel}","templated":true}]}}