{"id":6317,"date":"2022-07-15T10:28:09","date_gmt":"2022-07-15T07:28:09","guid":{"rendered":"http:\/\/devaistanbul.com\/?post_type=product&#038;p=6317"},"modified":"2026-04-10T13:26:54","modified_gmt":"2026-04-10T10:26:54","slug":"admiyas","status":"publish","type":"product","link":"https:\/\/sifaistanbul.com\/?product=admiyas","title":{"rendered":"<center>ADM\u0130YAS<center>(Kar\u0131\u015f\u0131k bitki \u00e7ay\u0131)<center>"},"content":{"rendered":"<p>Miyop, g\u00f6z\u00fcn \u00f6nden arkaya normalden uzun oldu\u011fu ya da kornea veya merce\u011fin k\u0131rma g\u00fcc\u00fcn\u00fcn normalden fazla oldu\u011fu durumda ortaya \u00e7\u0131kan uza\u011f\u0131 net g\u00f6rememe sorunudur. Genetik kaynakl\u0131 olabilece\u011fi gibi, \u00e7evresel fakt\u00f6rler de miyoba neden olabilir. Miyop olan ki\u015filer uzaktaki nesneleri bulan\u0131k g\u00f6r\u00fcrler. G\u00f6zlerini k\u0131sarak bakmak zorunda kal\u0131rlar. Ayr\u0131ca ba\u015f a\u011fr\u0131s\u0131 ve g\u00f6z yorgunlu\u011fu gibi sorunlar ya\u015farlar.<\/p>\n<p class=\"western\">\u00dcr\u00fcn\u00fcm\u00fcz; uza\u011f\u0131 g\u00f6rememe, bulan\u0131k g\u00f6rme \u015feklinde ortaya \u00e7\u0131kan miyop g\u00f6z rahats\u0131zl\u0131klar\u0131n\u0131 gidermek \u00fczere \u00fcretilmi\u015ftir. Son derece etkili olup; k\u0131sa s\u00fcreli kullan\u0131mda\u00a0 rahats\u0131zl\u0131klar\u0131n azalmas\u0131na, iki ay ve daha uzun s\u00fcreli kullan\u0131mda ise iyile\u015fmesine yard\u0131mc\u0131 olur.<\/p>\n<p>&nbsp;<\/p>\n","protected":false},"excerpt":{"rendered":"<p><strong>\u0130\u00e7indekiler:<\/strong> Rezene, O\u011ful Otu, Al\u0131\u00e7 Yapra\u011f\u0131, Havu\u00e7 Tohumu, Ceviz Yapra\u011f\u0131. Net 90 gr. \u00b1 2 gr.<\/p>\n<p><strong>Kullan\u0131m:<\/strong> Bir su barda\u011f\u0131 kaynar suya bir tatl\u0131 ka\u015f\u0131\u011f\u0131 kar\u0131\u015f\u0131m \u00e7ay ekleyip 20 dk. demlendikten sonra s\u00fcz\u00fcp i\u00e7iniz. \u0130ste\u011fe g\u00f6re \u00a0bal, pekmez, \u015feker \u00a0ile tatland\u0131r\u0131labilir. Midesinde rahats\u0131zl\u0131k olmayanlar\u0131n sabah, ak\u015fam yemeklerden 30 dk. \u00f6nce; midesinde rahats\u0131zl\u0131k olanlar\u0131n ise, yemeklerden 2 saat sonra i\u00e7meleri tavsiye edilir.<\/p>\n<p>\u00dcr\u00fcn kullan\u0131l\u0131rken, g\u00fcn i\u00e7erisinde ayr\u0131ca kuru \u00fcz\u00fcm, havu\u00e7, ceviz ve limon yiyilirse daha \u00e7abuk sonu\u00e7 almak m\u00fcmk\u00fcn olur.<\/p>\n<p><strong>Saklama ko\u015fullar\u0131 ve uyar\u0131lar:<\/strong> Hamile ve emziren bayanlar\u0131n kullanmas\u0131 tavsiye edilmez. Tavsiye edilen g\u00fcnl\u00fck dozu a\u015fmay\u0131n\u0131z. \u00c7ocuklar\u0131n ula\u015famayaca\u011f\u0131 yerde saklay\u0131n\u0131z. Serin ve kuru yerde muhafaza ediniz. Emniyet band\u0131 \u00a0y\u0131rt\u0131lm\u0131\u015f \u00fcr\u00fcnleri sat\u0131n almay\u0131n\u0131z. \u015e\u0130FAV\u0130<\/p>\n<p><strong>S\u0130PAR\u0130\u015e\u0130N\u0130ZLE \u0130LG\u0130L\u0130 HER T\u00dcRL\u00dc SORULARINIZ \u0130\u00c7\u0130N;<\/strong><\/p>\n<p class=\"western\"><strong>M\u00dc\u015eTER\u0130 TEMS\u0130LC\u0130L\u0130\u011e\u0130\u00a0\u00a0\u00a0<\/strong><strong> 0216 418 34 34<br \/>\n<\/strong><\/p>\n<div><strong>\u00a0<\/strong><\/div>\n<p class=\"western\"><strong>\u00a0<\/strong><\/p>\n","protected":false},"featured_media":5854,"comment_status":"open","ping_status":"closed","template":"","meta":[],"product_brand":[],"product_cat":[145],"product_tag":[],"class_list":{"0":"post-6317","1":"product","2":"type-product","3":"status-publish","4":"has-post-thumbnail","6":"product_cat-genel","8":"first","9":"instock","10":"sale","11":"downloadable","12":"virtual","13":"purchasable","14":"product-type-simple"},"_links":{"self":[{"href":"https:\/\/sifaistanbul.com\/index.php?rest_route=\/wp\/v2\/product\/6317","targetHints":{"allow":["GET"]}}],"collection":[{"href":"https:\/\/sifaistanbul.com\/index.php?rest_route=\/wp\/v2\/product"}],"about":[{"href":"https:\/\/sifaistanbul.com\/index.php?rest_route=\/wp\/v2\/types\/product"}],"replies":[{"embeddable":true,"href":"https:\/\/sifaistanbul.com\/index.php?rest_route=%2Fwp%2Fv2%2Fcomments&post=6317"}],"wp:featuredmedia":[{"embeddable":true,"href":"https:\/\/sifaistanbul.com\/index.php?rest_route=\/wp\/v2\/media\/5854"}],"wp:attachment":[{"href":"https:\/\/sifaistanbul.com\/index.php?rest_route=%2Fwp%2Fv2%2Fmedia&parent=6317"}],"wp:term":[{"taxonomy":"product_brand","embeddable":true,"href":"https:\/\/sifaistanbul.com\/index.php?rest_route=%2Fwp%2Fv2%2Fproduct_brand&post=6317"},{"taxonomy":"product_cat","embeddable":true,"href":"https:\/\/sifaistanbul.com\/index.php?rest_route=%2Fwp%2Fv2%2Fproduct_cat&post=6317"},{"taxonomy":"product_tag","embeddable":true,"href":"https:\/\/sifaistanbul.com\/index.php?rest_route=%2Fwp%2Fv2%2Fproduct_tag&post=6317"}],"curies":[{"name":"wp","href":"https:\/\/api.w.org\/{rel}","templated":true}]}}