{"id":6320,"date":"2022-07-15T10:57:38","date_gmt":"2022-07-15T07:57:38","guid":{"rendered":"http:\/\/devaistanbul.com\/?post_type=product&#038;p=6320"},"modified":"2026-04-10T15:03:20","modified_gmt":"2026-04-10T12:03:20","slug":"alike","status":"publish","type":"product","link":"https:\/\/sifaistanbul.com\/?product=alike","title":{"rendered":"<center>AL\u0130KE<center>(Kar\u0131\u015f\u0131k bitki \u00e7ay\u0131)<center><center>"},"content":{"rendered":"<p>Liken planus, her ya\u015fta ve farkl\u0131 nedenlerle ortaya \u00e7\u0131kabilen kronik ama iyi huylu bir cilt hastal\u0131\u011f\u0131d\u0131r. Bula\u015f\u0131c\u0131 olmayan bu problem genellikle cilt d\u00f6k\u00fcnt\u00fclerine neden olur. Bu d\u00f6k\u00fcnt\u00fclerin boyutu genellikle 1 mm ile 1 cm aras\u0131 de\u011fi\u015fir. Hafif kabar\u0131k, mor renkli ve k\u0131smen parlak olur. D\u00f6k\u00fcnt\u00fcler ba\u015flang\u0131\u00e7ta k\u0131rm\u0131z\u0131 renktedir ama zamanla as\u0131l rengi olan mora d\u00f6n\u00fc\u015f\u00fcr. Stres, liken planus hastal\u0131\u011f\u0131na neden olan ilk ve en etkili nedendir. Hepatit B ve C, karaci\u011fer hastal\u0131klar\u0131 ve diyabet liken planusa neden olan hastal\u0131klard\u0131r. Bu hastal\u0131klar\u0131n semptomlar\u0131, planus hastal\u0131\u011f\u0131n\u0131 tetikler ve \u015fiddetini de artt\u0131rabilir. Liken planus hastal\u0131\u011f\u0131n\u0131n bir di\u011fer tetikleyicisi ise ila\u00e7 kullan\u0131m\u0131d\u0131r. Tansiyon ila\u00e7lar\u0131, antibiyotikler, vb. ila\u00e7lar\u0131n, planus hastal\u0131\u011f\u0131n\u0131 tetikledi\u011fi bilinir.<\/p>\n<p class=\"western\">\u00dcr\u00fcn\u00fcm\u00fcz, liken planus rahats\u0131zl\u0131\u011f\u0131n\u0131 gidermek amac\u0131yla \u00fcretilmi\u015ftir. Bir ay gibi k\u0131sa zamanda \u00e7ok iyi sonu\u00e7lar verir, d\u00f6k\u00fcnt\u00fclerin ve ka\u015f\u0131nt\u0131n\u0131n azald\u0131\u011f\u0131 g\u00f6r\u00fcl\u00fcr. \u0130ki ay ve daha uzun s\u00fcre kullanmaya devam edilirse rahats\u0131zl\u0131klar\u0131n kal\u0131c\u0131 olarak iz b\u0131rakmadan kaybolup gitmesine yard\u0131mc\u0131 olur.<\/p>\n<p>&nbsp;<\/p>\n","protected":false},"excerpt":{"rendered":"<p><strong>\u0130\u00e7indekiler:<\/strong> Fesle\u011fen, Maydanoz, Meyan K\u00f6k\u00fc, P\u0131rasa, Sarm\u0131sak. Net 90 gr. \u00b1 2 gr.<\/p>\n<p><strong>Kullan\u0131m:<\/strong> Bir su barda\u011f\u0131 kaynar suya bir tatl\u0131 ka\u015f\u0131\u011f\u0131 kar\u0131\u015f\u0131m \u00e7ay ekleyip 20 dk. demlendikten sonra s\u00fcz\u00fcp(a\u011f\u0131z i\u00e7i lezyonlar i\u00e7in bir saat boyunca yudum yudum) i\u00e7iniz. \u0130ste\u011fe g\u00f6re \u00a0bal, pekmez, \u015feker \u00a0ile tatland\u0131r\u0131labilir. Midesinde rahats\u0131zl\u0131k olmayanlar\u0131n sabah, ak\u015fam yemeklerden 30 dk. \u00f6nce; midesinde rahats\u0131zl\u0131k olanlar\u0131n ise, yemeklerden 2 saat sonra i\u00e7meleri tavsiye edilir.<\/p>\n<p>\u00dcr\u00fcn kullan\u0131l\u0131rken, g\u00fcn i\u00e7erisinde ayr\u0131ca bir-iki di\u015f sarm\u0131sak ve p\u0131rasa t\u00fcketilirse daha \u00e7abuk sonu\u00e7 almak m\u00fcmk\u00fcn olur.<\/p>\n<p><strong>Saklama ko\u015fullar\u0131 ve uyar\u0131lar:<\/strong> Hamile ve emziren bayanlar\u0131n kullanmas\u0131 tavsiye edilmez. Tavsiye edilen g\u00fcnl\u00fck dozu a\u015fmay\u0131n\u0131z. \u00c7ocuklar\u0131n ula\u015famayaca\u011f\u0131 yerde saklay\u0131n\u0131z. Serin ve kuru yerde muhafaza ediniz. Emniyet band\u0131 \u00a0y\u0131rt\u0131lm\u0131\u015f \u00fcr\u00fcnleri sat\u0131n almay\u0131n\u0131z. \u015e\u0130FAV\u0130<\/p>\n<p><strong>S\u0130PAR\u0130\u015e\u0130N\u0130ZLE \u0130LG\u0130L\u0130 HER T\u00dcRL\u00dc SORULARINIZ \u0130\u00c7\u0130N;<\/strong><\/p>\n<p class=\"western\"><strong>M\u00dc\u015eTER\u0130 TEMS\u0130LC\u0130L\u0130\u011e\u0130\u00a0 0216 418 34 34<br \/>\n<\/strong><\/p>\n","protected":false},"featured_media":5859,"comment_status":"open","ping_status":"closed","template":"","meta":[],"product_brand":[],"product_cat":[145],"product_tag":[],"class_list":{"0":"post-6320","1":"product","2":"type-product","3":"status-publish","4":"has-post-thumbnail","6":"product_cat-genel","8":"first","9":"instock","10":"sale","11":"downloadable","12":"virtual","13":"purchasable","14":"product-type-simple"},"_links":{"self":[{"href":"https:\/\/sifaistanbul.com\/index.php?rest_route=\/wp\/v2\/product\/6320","targetHints":{"allow":["GET"]}}],"collection":[{"href":"https:\/\/sifaistanbul.com\/index.php?rest_route=\/wp\/v2\/product"}],"about":[{"href":"https:\/\/sifaistanbul.com\/index.php?rest_route=\/wp\/v2\/types\/product"}],"replies":[{"embeddable":true,"href":"https:\/\/sifaistanbul.com\/index.php?rest_route=%2Fwp%2Fv2%2Fcomments&post=6320"}],"wp:featuredmedia":[{"embeddable":true,"href":"https:\/\/sifaistanbul.com\/index.php?rest_route=\/wp\/v2\/media\/5859"}],"wp:attachment":[{"href":"https:\/\/sifaistanbul.com\/index.php?rest_route=%2Fwp%2Fv2%2Fmedia&parent=6320"}],"wp:term":[{"taxonomy":"product_brand","embeddable":true,"href":"https:\/\/sifaistanbul.com\/index.php?rest_route=%2Fwp%2Fv2%2Fproduct_brand&post=6320"},{"taxonomy":"product_cat","embeddable":true,"href":"https:\/\/sifaistanbul.com\/index.php?rest_route=%2Fwp%2Fv2%2Fproduct_cat&post=6320"},{"taxonomy":"product_tag","embeddable":true,"href":"https:\/\/sifaistanbul.com\/index.php?rest_route=%2Fwp%2Fv2%2Fproduct_tag&post=6320"}],"curies":[{"name":"wp","href":"https:\/\/api.w.org\/{rel}","templated":true}]}}