{"id":6325,"date":"2022-07-15T11:30:56","date_gmt":"2022-07-15T08:30:56","guid":{"rendered":"http:\/\/devaistanbul.com\/?post_type=product&#038;p=6325"},"modified":"2026-04-10T15:09:00","modified_gmt":"2026-04-10T12:09:00","slug":"adom","status":"publish","type":"product","link":"https:\/\/sifaistanbul.com\/?product=adom","title":{"rendered":"<center>AD\u00d6M<center>(Kar\u0131\u015f\u0131k bitki \u00e7ay\u0131)<center><center>"},"content":{"rendered":"<p>\u00d6dem, v\u00fccuttaki baz\u0131 dokularda anormal s\u0131v\u0131 birikmesi sonucu olu\u015fan \u015fi\u015fkinliktir. Sadece bacak, ayak gibi belirli bir yerde yada v\u00fccudun genelinde de geli\u015febilir. Uzun s\u00fcre ayakta durmaktan ya da oturmaktan kaynaklanan \u00f6demler ge\u00e7icidir ve tedavi gerektirmez. \u00d6dem, ayakta \u00e7al\u0131\u015fan ki\u015filerde ve ya\u015fl\u0131larda yayg\u0131nd\u0131r. kad\u0131nda adet d\u00f6nemlerinde veya hamilelikte \u00f6dem geli\u015febilir. Baz\u0131 \u00f6demler ila\u00e7lar\u0131n yan etkisinin sonucu olu\u015fur. Fazla tuzlu yemek \u00f6demin en \u00f6nemli tetikleyicisidir. \u00d6dem, konjestif kalp yetmezli\u011fi, b\u00f6brek hastal\u0131\u011f\u0131 veya siroz gibi bir hastal\u0131\u011f\u0131n belirtisi de olabilir.\u00d6dem asl\u0131nda v\u00fccudun geli\u015ftirdi\u011fi bir tepkidir. Bir hastal\u0131kla ba\u011flant\u0131l\u0131ysa hastal\u0131\u011f\u0131n kendisi ayr\u0131 bir tedavi gerektirir.<\/p>\n<p>\u00d6demin belirtileri; \u00f6zellikle bacak veya kollarda cildin alt\u0131ndaki dokunun \u015fi\u015fmesi, gerilmi\u015f veya parlak cilt, \u00f6demli b\u00f6lgeye birka\u00e7 saniye bas\u0131l\u0131 tuttuktan sonra ciltte \u00e7ukur olu\u015fumu, kar\u0131n bo\u015flu\u011funda \u015fi\u015flik, bacak ve ayaklardaki \u015fi\u015fkinlik nedeniyle y\u00fcr\u00fcmede zorlanma \u015feklindedir.<\/p>\n<p>Ad\u00f6m; bir\u00e7ok hastal\u0131\u011f\u0131n, kullan\u0131lan ila\u00e7lar\u0131n, fazla tuz ve \u015feker kullan\u0131m\u0131n\u0131n sonucu olarak, dokularda a\u015f\u0131r\u0131 s\u0131v\u0131 birikmesi ve \u015fi\u015flik \u015feklinde ortaya \u00e7\u0131kan \u00f6dem rahats\u0131zl\u0131\u011f\u0131n\u0131 gidermek \u00fczere \u00fcretilmi\u015ftir. Hafif \u00f6demler kendili\u011finden ge\u00e7er. \u00d6dem fazla ise, \u00fcr\u00fcn\u00fcm\u00fcz tarif edildi\u011fi \u015fekilde kullan\u0131l\u0131rsa v\u00fccuttaki a\u015f\u0131r\u0131 s\u0131v\u0131n\u0131n at\u0131lmas\u0131na ve \u00f6deme sebep olan baz\u0131 rahats\u0131zl\u0131klar\u0131n giderilmesine yard\u0131mc\u0131 olur. As\u0131l yap\u0131lmas\u0131 gereken \u00f6deme neden olan hastal\u0131\u011f\u0131n bulunup tedavi edilmesidir.<\/p>\n<p>&nbsp;<\/p>\n<p>&nbsp;<\/p>\n","protected":false},"excerpt":{"rendered":"<p><strong>\u0130\u00e7indekiler:<\/strong> Ayr\u0131k Otu, M\u0131s\u0131r P\u00fcsk\u00fcl\u00fc, \u00c7oban \u00c7\u00f6kerten, Kiraz Sap\u0131, Maydanoz, K\u0131rkkilit Otu. Net 90 gr. \u00b1 2 gr.<\/p>\n<p><strong>Kullan\u0131m:<\/strong> Bir su barda\u011f\u0131 kaynar suya bir tatl\u0131 ka\u015f\u0131\u011f\u0131 kar\u0131\u015f\u0131m \u00e7ay ekleyip 20 dk. demlendikten sonra s\u00fcz\u00fcp i\u00e7iniz. Midesinde rahats\u0131zl\u0131k olmayanlar\u0131n sabah, ak\u015fam yemeklerden 30 dk. \u00f6nce; midesinde rahats\u0131zl\u0131k olanlar\u0131n ise, yemeklerden 2 saat sonra i\u00e7meleri tavsiye edilir. \u0130ste\u011fe g\u00f6re bal, pekmez, \u015feker ile tatland\u0131r\u0131labilir.<\/p>\n<p><strong>Saklama ko\u015fullar\u0131 ve uyar\u0131lar:<\/strong> Hamile ve emziren bayanlar\u0131n kullanmas\u0131 tavsiye edilmez. Tavsiye edilen g\u00fcnl\u00fck dozu a\u015fmay\u0131n\u0131z. \u00c7ocuklar\u0131n ula\u015famayaca\u011f\u0131 yerde saklay\u0131n\u0131z. Serin ve kuru yerde muhafaza ediniz. Emniyet band\u0131 \u00a0y\u0131rt\u0131lm\u0131\u015f \u00fcr\u00fcnleri sat\u0131n almay\u0131n\u0131z. \u015e\u0130FAV\u0130<\/p>\n<p><strong>S\u0130PAR\u0130\u015e\u0130N\u0130ZLE \u0130LG\u0130L\u0130 HER T\u00dcRL\u00dc SORULARINIZ \u0130\u00c7\u0130N;<\/strong><\/p>\n<p class=\"western\"><strong>M\u00dc\u015eTER\u0130 TEMS\u0130LC\u0130L\u0130\u011e\u0130\u00a0 \u00a0 0216 418 34 34<br \/>\n<\/strong><\/p>\n<p>&nbsp;<\/p>\n","protected":false},"featured_media":5864,"comment_status":"open","ping_status":"closed","template":"","meta":[],"product_brand":[],"product_cat":[145],"product_tag":[],"class_list":{"0":"post-6325","1":"product","2":"type-product","3":"status-publish","4":"has-post-thumbnail","6":"product_cat-genel","8":"first","9":"instock","10":"sale","11":"downloadable","12":"virtual","13":"purchasable","14":"product-type-simple"},"_links":{"self":[{"href":"https:\/\/sifaistanbul.com\/index.php?rest_route=\/wp\/v2\/product\/6325","targetHints":{"allow":["GET"]}}],"collection":[{"href":"https:\/\/sifaistanbul.com\/index.php?rest_route=\/wp\/v2\/product"}],"about":[{"href":"https:\/\/sifaistanbul.com\/index.php?rest_route=\/wp\/v2\/types\/product"}],"replies":[{"embeddable":true,"href":"https:\/\/sifaistanbul.com\/index.php?rest_route=%2Fwp%2Fv2%2Fcomments&post=6325"}],"wp:featuredmedia":[{"embeddable":true,"href":"https:\/\/sifaistanbul.com\/index.php?rest_route=\/wp\/v2\/media\/5864"}],"wp:attachment":[{"href":"https:\/\/sifaistanbul.com\/index.php?rest_route=%2Fwp%2Fv2%2Fmedia&parent=6325"}],"wp:term":[{"taxonomy":"product_brand","embeddable":true,"href":"https:\/\/sifaistanbul.com\/index.php?rest_route=%2Fwp%2Fv2%2Fproduct_brand&post=6325"},{"taxonomy":"product_cat","embeddable":true,"href":"https:\/\/sifaistanbul.com\/index.php?rest_route=%2Fwp%2Fv2%2Fproduct_cat&post=6325"},{"taxonomy":"product_tag","embeddable":true,"href":"https:\/\/sifaistanbul.com\/index.php?rest_route=%2Fwp%2Fv2%2Fproduct_tag&post=6325"}],"curies":[{"name":"wp","href":"https:\/\/api.w.org\/{rel}","templated":true}]}}