{"id":6328,"date":"2022-07-15T11:42:18","date_gmt":"2022-07-15T08:42:18","guid":{"rendered":"http:\/\/devaistanbul.com\/?post_type=product&#038;p=6328"},"modified":"2026-04-10T15:23:32","modified_gmt":"2026-04-10T12:23:32","slug":"admnpz","status":"publish","type":"product","link":"https:\/\/sifaistanbul.com\/?product=admnpz","title":{"rendered":"<center>ADMNPZ<center>(Kar\u0131\u015f\u0131k bitki \u00e7ay\u0131)<center><center>"},"content":{"rendered":"<p class=\"western\">Menopoz bir kad\u0131n\u0131n adet d\u00f6neminin do\u011fal yollarla sona ermesi ve yumurtal\u0131klar\u0131n i\u015flevlerini kaybetmesi s\u00fcrecidir. Bu d\u00f6nemde yumurtal\u0131klar \u00f6strojen ve progesteron hormonlar\u0131n\u0131n sal\u0131nmas\u0131n\u0131 \u00f6nce yava\u015flat\u0131r; sonra da tamamen durdurur. 12 ay s\u00fcresince adet g\u00f6r\u00fclmemesi durumu menopozu i\u015faret eder ve menopoza genellikle 50 ya\u015f civar\u0131nda girilir. T\u00fcrkiye\u2019de ortalama menopoz ya\u015f\u0131 47\u2019dir. 30\u2019lu ya\u015flar\u0131n ortalar\u0131nda \u201cerken\u201d, 50\u2019lili ya\u015flar\u0131n ortalar\u0131nda ise \u201cge\u00e7\u201d olarak da kabul edilebilir.<br \/>\nAdet d\u00f6neminin ba\u015flama ya\u015f\u0131n\u0131n menopoz ba\u015flang\u0131\u00e7 ya\u015f\u0131yla bir ilgisi yoktur. Menopoz do\u011fal bir biyolojik s\u00fcre\u00e7tir. Do\u011furganl\u0131\u011f\u0131n sona ermesine ra\u011fmen sa\u011fl\u0131kl\u0131, hayat dolu ve cinsel a\u00e7\u0131dan aktif bir \u015fekilde hayat s\u00fcrd\u00fcr\u00fcl\u00fcnebilir. Hatta baz\u0131 kad\u0131nlar menopoz s\u00fcrecine girdiklerinde gebelik endi\u015fesi kalmad\u0131\u011f\u0131 i\u00e7in daha rahat cinsellik ya\u015far.<\/p>\n<p class=\"western\">Menopoz s\u00fcreci genelde 3 d\u00f6nemde incelenir. Bunlar; Perimenopoz (menopoz ba\u015flang\u0131\u00e7 d\u00f6nemi), Menopoz ve Postmenopoz (menopoz sonras\u0131 d\u00f6nem)&#8217;d\u0131r. Farkl\u0131l\u0131k g\u00f6stermekle birlikte ortalama perimenopoz s\u00fcresi 4 y\u0131ld\u0131r. Yumurtal\u0131klar bu s\u00fcre boyunca \u00e7al\u0131\u015fmaya devam eder ancak i\u015flevleri azalmaya ba\u015flar.<\/p>\n<p class=\"western\">Son adetin \u00fczerinden 12 ay ge\u00e7mi\u015fse art\u0131k menopoz d\u00f6nemi ba\u015flam\u0131\u015ft\u0131r. Menopoz kad\u0131n v\u00fccudunun bir d\u00f6neminin bitip yeni bir d\u00f6neminin ba\u015flad\u0131\u011f\u0131 son derece do\u011fal bir s\u00fcre\u00e7tir. Bu d\u00f6nemde yumurtal\u0131klar i\u015flevlerini yitirir ve do\u011furganl\u0131k kaybolur.<\/p>\n<p class=\"western\">Postmenopoz terimi menopozdan sonraki y\u0131llar\u0131 anlatmak i\u00e7in kullan\u0131l\u0131r. D\u00fc\u015f\u00fck \u00f6strojen seviyesinin bir sonucu olarak menopoz sonras\u0131 d\u00f6nemde kad\u0131nlar, kemik erimesi ve kalp rahats\u0131zl\u0131\u011f\u0131 gibi bir dizi sa\u011fl\u0131k sorunu a\u00e7\u0131s\u0131ndan y\u00fcksek risk alt\u0131nda olurlar.<\/p>\n<p class=\"western\">Menopoz Belirtileri; adet d\u00fczensizlikleri, s\u0131k s\u0131k ate\u015f basmas\u0131, gece terlemesi, ani kilo de\u011fi\u015fiklikleri, yorgunluk ve halsizlik, s\u0131k idrara \u00e7\u0131kma, vajinal kuruluk, g\u00f6\u011f\u00fcslerde hassasiyet, cinsel isteksizlik, \u00f6ks\u00fcr\u00fcrken veya hap\u015f\u0131r\u0131rken idrar ka\u00e7\u0131rma, ani ruh hali de\u011fi\u015fimleri ve uyku bozuklu\u011fu olarak s\u0131ralanabilir.<\/p>\n<p class=\"western\">Perimenopoz, menopoz ve postmenopoz d\u00f6nemlerinin belirtileri birbiriyle benzerlik g\u00f6sterir. Bu s\u00fcre\u00e7te ya\u015fanan belirtiler ve s\u00fcresi kad\u0131ndan kad\u0131na de\u011fi\u015febilir.<\/p>\n<p class=\"western\">ADMNPZ, menopoz \u00f6ncesi ve sonras\u0131 ortaya \u00e7\u0131kan rahats\u0131zl\u0131klar\u0131 gidermek \u00fczere \u00fcretilmi\u015ftir. Son derece etkili bir \u00fcr\u00fcn olup, k\u0131sa s\u00fcrede yak\u0131nmalar\u0131n azalmas\u0131n\u0131 sa\u011flar. \u0130ki ay ve daha uzun s\u00fcreli kullan\u0131mda ise tam olarak iyile\u015fmeye yard\u0131mc\u0131 olur.<\/p>\n<p>&nbsp;<\/p>\n","protected":false},"excerpt":{"rendered":"<p><strong>\u0130\u00e7indekiler:<\/strong> Mine \u00c7i\u00e7e\u011fi, Hay\u0131t, Civan Per\u00e7emi, Aslan Pen\u00e7esi, \u00c7oban \u00c7antas\u0131, Papatya, Kantaron. Net 90 gr. \u00b1 2 gr.<\/p>\n<p><strong>Kullan\u0131m:<\/strong> Bir su barda\u011f\u0131 kaynar suya bir tatl\u0131 ka\u015f\u0131\u011f\u0131 kar\u0131\u015f\u0131m \u00e7ay ekleyip 20 dk. demlendikten sonra s\u00fcz\u00fcp i\u00e7iniz. \u0130ste\u011fe g\u00f6re \u00a0bal, pekmez, \u015feker \u00a0ile tatland\u0131r\u0131labilir.\u00a0Midesinde rahats\u0131zl\u0131k olmayanlar\u0131n sabah, ak\u015fam yemeklerden 30 dk. \u00f6nce; midesinde rahats\u0131zl\u0131k olanlar\u0131n ise, yemeklerden 2 saat sonra i\u00e7meleri tavsiye edilir.<\/p>\n<p><strong>Saklama ko\u015fullar\u0131 ve uyar\u0131lar:<\/strong> Tavsiye edilen g\u00fcnl\u00fck dozu a\u015fmay\u0131n\u0131z. \u00c7ocuklar\u0131n ula\u015famayaca\u011f\u0131 yerde saklay\u0131n\u0131z. Serin ve kuru yerde muhafaza ediniz. Emniyet band\u0131 \u00a0y\u0131rt\u0131lm\u0131\u015f \u00fcr\u00fcnleri sat\u0131n almay\u0131n\u0131z. \u015e\u0130FAV\u0130<\/p>\n<p><strong>S\u0130PAR\u0130\u015e\u0130N\u0130ZLE \u0130LG\u0130L\u0130 HER T\u00dcRL\u00dc SORULARINIZ \u0130\u00c7\u0130N;<\/strong><\/p>\n<p class=\"western\"><strong>M\u00dc\u015eTER\u0130 TEMS\u0130LC\u0130L\u0130\u011e\u0130\u00a0 \u00a0 0216 418 34 34<br \/>\n<\/strong><\/p>\n","protected":false},"featured_media":5867,"comment_status":"open","ping_status":"closed","template":"","meta":[],"product_brand":[],"product_cat":[145],"product_tag":[],"class_list":{"0":"post-6328","1":"product","2":"type-product","3":"status-publish","4":"has-post-thumbnail","6":"product_cat-genel","8":"first","9":"instock","10":"sale","11":"downloadable","12":"virtual","13":"purchasable","14":"product-type-simple"},"_links":{"self":[{"href":"https:\/\/sifaistanbul.com\/index.php?rest_route=\/wp\/v2\/product\/6328","targetHints":{"allow":["GET"]}}],"collection":[{"href":"https:\/\/sifaistanbul.com\/index.php?rest_route=\/wp\/v2\/product"}],"about":[{"href":"https:\/\/sifaistanbul.com\/index.php?rest_route=\/wp\/v2\/types\/product"}],"replies":[{"embeddable":true,"href":"https:\/\/sifaistanbul.com\/index.php?rest_route=%2Fwp%2Fv2%2Fcomments&post=6328"}],"wp:featuredmedia":[{"embeddable":true,"href":"https:\/\/sifaistanbul.com\/index.php?rest_route=\/wp\/v2\/media\/5867"}],"wp:attachment":[{"href":"https:\/\/sifaistanbul.com\/index.php?rest_route=%2Fwp%2Fv2%2Fmedia&parent=6328"}],"wp:term":[{"taxonomy":"product_brand","embeddable":true,"href":"https:\/\/sifaistanbul.com\/index.php?rest_route=%2Fwp%2Fv2%2Fproduct_brand&post=6328"},{"taxonomy":"product_cat","embeddable":true,"href":"https:\/\/sifaistanbul.com\/index.php?rest_route=%2Fwp%2Fv2%2Fproduct_cat&post=6328"},{"taxonomy":"product_tag","embeddable":true,"href":"https:\/\/sifaistanbul.com\/index.php?rest_route=%2Fwp%2Fv2%2Fproduct_tag&post=6328"}],"curies":[{"name":"wp","href":"https:\/\/api.w.org\/{rel}","templated":true}]}}