{"id":6330,"date":"2022-07-15T12:27:00","date_gmt":"2022-07-15T09:27:00","guid":{"rendered":"https:\/\/devaistanbul.com\/?post_type=product&#038;p=6330"},"modified":"2026-04-10T15:26:04","modified_gmt":"2026-04-10T12:26:04","slug":"ahbars","status":"publish","type":"product","link":"https:\/\/sifaistanbul.com\/?product=ahbars","title":{"rendered":"<center>AHBARS<center>(Kar\u0131\u015f\u0131k bitki tozu)<center><center>"},"content":{"rendered":"<p>Ba\u011f\u0131rsaklar\u0131n duvarlar\u0131 kaslar ile \u00e7evrilidir ve bu kaslar, besinlerin koordineli ritimler ile rahat bir \u015fekilde hareket etmelerini sa\u011flar. Bu kas\u0131lma hareketleri, midedeki besinlerin, ba\u011f\u0131rsaklara oradan da rektuma ula\u015fmas\u0131 i\u00e7in gereklidir. E\u011fer huzursuz ba\u011f\u0131rsak sendromu meydana gelmi\u015f ise, kas\u0131lma hareketleri daha g\u00fc\u00e7l\u00fc \u015fekilde olur ve normalden daha uzun s\u00fcrebilir. B\u00f6ylece ki\u015fide gaz, \u015fi\u015fkinlik ve ishal geli\u015fir. Ya da tam tersi, kas\u0131lma hareketleri zay\u0131flar ve besinlerin ge\u00e7i\u015fleri zorla\u015f\u0131r. Bu durumda ise ki\u015fide, kuru d\u0131\u015fk\u0131 ve kab\u0131zl\u0131k geli\u015fir. Yani, huzursuz ba\u011f\u0131rsak sendromu, ba\u011f\u0131rsak kaslar\u0131n\u0131n etkin ya da zay\u0131f \u015fekilde kas\u0131lmas\u0131ndan dolay\u0131 kaynaklanan bir durum olarak nitelenebilir. Huzursuz ba\u011f\u0131rsak sendromundan dolay\u0131 \u015fikayet ve s\u0131k\u0131nt\u0131lar rahats\u0131z edici olsa da, bu hastal\u0131k ba\u011f\u0131rsak dokular\u0131na zarar vermez ya da kolon kanseri riskini art\u0131rmaz.<\/p>\n<p>Baz\u0131 yiyecekler, stres, hormonal de\u011fi\u015fiklikler ve ba\u011f\u0131rsaklarda geli\u015fen di\u011fer hastal\u0131klar bu sendromun olu\u015fmas\u0131n\u0131 tetikleyebilmektedir.<\/p>\n<p>AHBARS, huzursuz ba\u011f\u0131rsak (hassas ba\u011f\u0131rsak veya irritabl ba\u011f\u0131rsak) sendromunu gidermek \u00fczere \u00fcretilmi\u015ftir. \u00dcr\u00fcn son derece etkili olup, k\u0131sa s\u00fcreli kullan\u0131mda yak\u0131nmalar\u0131n azalmas\u0131n\u0131 sa\u011flar. \u0130ki ay ve daha uzun s\u00fcreli kullan\u0131mda ise tam olarak iyile\u015fmeye yard\u0131mc\u0131 olur.<\/p>\n<p>&nbsp;<\/p>\n<p>&nbsp;<\/p>\n","protected":false},"excerpt":{"rendered":"<p><strong>\u0130\u00e7indekiler:<\/strong> Kantaron, Labada, Ayn\u0131sefa, Kilermeni, S\u0131\u011f\u0131r Kuyru\u011fu Otu, Me\u015fe Kabu\u011fu. Net 100 gr. \u00b1 2 gr.<\/p>\n<p><strong>Kullan\u0131m:<\/strong> Bir su barda\u011f\u0131 suya bir tatl\u0131 ka\u015f\u0131\u011f\u0131 toz kar\u0131\u015f\u0131m ekleyiniz. Bir ta\u015f\u0131m kaynad\u0131ktan sonra 20 dk. demlenmesini bekleyip, s\u00fcz\u00fcp i\u00e7iniz. \u0130ste\u011fe g\u00f6re \u00a0bal, pekmez, \u015feker \u00a0ile tatland\u0131r\u0131labilir.\u00a0Midesinde rahats\u0131zl\u0131k olmayanlar\u0131n sabah, ak\u015fam yemeklerden 30 dk. \u00f6nce; midesinde rahats\u0131zl\u0131k olanlar\u0131n ise, yemeklerden 2 saat sonra i\u00e7meleri tavsiye edilir.<\/p>\n<p><strong>Saklama ko\u015fullar\u0131 ve uyar\u0131lar:<\/strong> Hamile ve emziren bayanlar\u0131n kullanmas\u0131 tavsiye edilmez. Tavsiye edilen g\u00fcnl\u00fck dozu a\u015fmay\u0131n\u0131z. \u00c7ocuklar\u0131n ula\u015famayaca\u011f\u0131 yerde saklay\u0131n\u0131z. Serin ve kuru yerde muhafaza ediniz. Emniyet band\u0131 \u00a0y\u0131rt\u0131lm\u0131\u015f \u00fcr\u00fcnleri sat\u0131n almay\u0131n\u0131z. \u015e\u0130FAV\u0130<\/p>\n<p><strong>S\u0130PAR\u0130\u015e\u0130N\u0130ZLE \u0130LG\u0130L\u0130 HER T\u00dcRL\u00dc SORULARINIZ \u0130\u00c7\u0130N;<\/strong><\/p>\n<p class=\"western\"><strong>M\u00dc\u015eTER\u0130 TEMS\u0130LC\u0130L\u0130\u011e\u0130\u00a0 \u00a0 0216 418 34 34<br \/>\n<\/strong><\/p>\n<p>&nbsp;<\/p>\n","protected":false},"featured_media":6503,"comment_status":"open","ping_status":"closed","template":"","meta":[],"product_brand":[],"product_cat":[145],"product_tag":[],"class_list":{"0":"post-6330","1":"product","2":"type-product","3":"status-publish","4":"has-post-thumbnail","6":"product_cat-genel","8":"first","9":"instock","10":"sale","11":"downloadable","12":"virtual","13":"purchasable","14":"product-type-simple"},"_links":{"self":[{"href":"https:\/\/sifaistanbul.com\/index.php?rest_route=\/wp\/v2\/product\/6330","targetHints":{"allow":["GET"]}}],"collection":[{"href":"https:\/\/sifaistanbul.com\/index.php?rest_route=\/wp\/v2\/product"}],"about":[{"href":"https:\/\/sifaistanbul.com\/index.php?rest_route=\/wp\/v2\/types\/product"}],"replies":[{"embeddable":true,"href":"https:\/\/sifaistanbul.com\/index.php?rest_route=%2Fwp%2Fv2%2Fcomments&post=6330"}],"wp:featuredmedia":[{"embeddable":true,"href":"https:\/\/sifaistanbul.com\/index.php?rest_route=\/wp\/v2\/media\/6503"}],"wp:attachment":[{"href":"https:\/\/sifaistanbul.com\/index.php?rest_route=%2Fwp%2Fv2%2Fmedia&parent=6330"}],"wp:term":[{"taxonomy":"product_brand","embeddable":true,"href":"https:\/\/sifaistanbul.com\/index.php?rest_route=%2Fwp%2Fv2%2Fproduct_brand&post=6330"},{"taxonomy":"product_cat","embeddable":true,"href":"https:\/\/sifaistanbul.com\/index.php?rest_route=%2Fwp%2Fv2%2Fproduct_cat&post=6330"},{"taxonomy":"product_tag","embeddable":true,"href":"https:\/\/sifaistanbul.com\/index.php?rest_route=%2Fwp%2Fv2%2Fproduct_tag&post=6330"}],"curies":[{"name":"wp","href":"https:\/\/api.w.org\/{rel}","templated":true}]}}