{"id":6332,"date":"2022-07-15T13:05:53","date_gmt":"2022-07-15T10:05:53","guid":{"rendered":"http:\/\/devaistanbul.com\/?post_type=product&#038;p=6332"},"modified":"2026-04-10T15:28:12","modified_gmt":"2026-04-10T12:28:12","slug":"ahals","status":"publish","type":"product","link":"https:\/\/sifaistanbul.com\/?product=ahals","title":{"rendered":"<center>AHALS<center>(Kar\u0131\u015f\u0131k bitki \u00e7ay\u0131)<center><center>"},"content":{"rendered":"<p>Halsizlik, fiziksel veya psikolojik nedenlerden kaynaklanabilen g\u00fc\u00e7 kayb\u0131, yorgunluk ve fiziksel zay\u0131fl\u0131k hissidir. D\u00fczensiz uyku, uzun s\u00fcreli stres, grip gibi hastal\u0131klarda dahil olmak \u00fczere halsizli\u011fin bir \u00e7ok nedeni vard\u0131r. Yanl\u0131\u015f ve yetersiz beslenmenin yan\u0131 s\u0131ra bilin\u00e7sizce yap\u0131lan yanl\u0131\u015f diyetler de halsizlik nedeni olabilir. Ayr\u0131ca \u00e7ok \u00e7al\u0131\u015fan ki\u015filerde ge\u00e7ici halsizlik durumu g\u00f6r\u00fclebilmektedir. Bu \u015fekildeki fiziki yorgunluklar\u0131n neden oldu\u011fu halsizlik durumu k\u0131sa s\u00fcreli dinlenme sonucu ortadan kalkabilir. Fakat kronik ve uzun s\u00fcreli yorgunluk ve halsizli\u011fin alt\u0131nda yatan ba\u015fka nedenler olabilir. Buna neden olan zihinsel ve fiziki enerji kayb\u0131 veya \u00e7e\u015fitli hastal\u0131klard\u0131r.<\/p>\n<p>Halsizli\u011fe neden olan bir\u00e7ok fakt\u00f6r\u00fc s\u0131ralamak m\u00fcmk\u00fcn. Bunlar\u0131n baz\u0131lar\u0131 psikolojik ve zihinsel yorgunluk olabilece\u011fi gibi bir k\u0131sm\u0131 ba\u015fka bir hastal\u0131k belirtisi olabilir. Kronik halsizli\u011fe neden olan sebebler 3 ana grupta toplanabilir.<\/p>\n<p>Ya\u015fam Tarz\u0131, bireyin kronik halsizlik ya\u015famas\u0131na neden olan en \u00f6nemli nedendir. Kafein kullan\u0131m\u0131, sa\u011fl\u0131ks\u0131z beslenme, hareketsizlik, uykusuzluk, a\u015f\u0131r\u0131 alkol t\u00fcketimi, \u00f6ks\u00fcr\u00fck veya so\u011fuk alg\u0131nl\u0131\u011f\u0131 ila\u00e7lar\u0131, a\u015f\u0131r\u0131 fiziksel aktivite bu nedenlerin ba\u015f\u0131nda gelir.<\/p>\n<p>Ya\u015fam tarz\u0131 d\u0131\u015f\u0131nda psikolojik sebeplerden dolay\u0131 zihinde meydana gelen olumsuz d\u00fc\u015f\u00fcnceler de halsizlik sebeplerindendir. Bunlar; keder, depresyon, kayg\u0131 ve strestir.<\/p>\n<p>Bir tak\u0131m hastal\u0131klar ve hastal\u0131klar\u0131n tedavisinde kullan\u0131lan ila\u00e7lar da kronik halsizli\u011fe neden olabilmektedir.<\/p>\n<p>Ahals, herhangi bir hastal\u0131k tespit edilmedi\u011fi halde halsizlik olarak ortaya \u00e7\u0131kan rahats\u0131zl\u0131klar\u0131 gidermek \u00fczere \u00fcretilmi\u015ftir. Son derece etkili bir \u00fcr\u00fcn olup, k\u0131sa s\u00fcreli kullan\u0131mda, kronik halsizlik yak\u0131nmalar\u0131n\u0131n azalmas\u0131n\u0131 sa\u011flar. \u0130ki ay ve daha uzun s\u00fcreli kullan\u0131mda ise halsizli\u011fin tam olarak giderilmesine yard\u0131mc\u0131 olur.<\/p>\n<p>&nbsp;<\/p>\n","protected":false},"excerpt":{"rendered":"<p><strong>\u0130\u00e7indekiler:<\/strong> \u00a0Defne, Is\u0131rgan, Kekik, Biberiye, O\u011ful Otu, K\u0131rkkilit, Sinirli Ot. Net 90 gr. \u00b1 2 gr.<\/p>\n<p><strong>Kullan\u0131m:<\/strong> Bir su barda\u011f\u0131 kaynar suya bir tatl\u0131 ka\u015f\u0131\u011f\u0131 kar\u0131\u015f\u0131m \u00e7ay ekleyip 20 dk. demlendikten sonra s\u00fcz\u00fcp i\u00e7iniz. \u0130ste\u011fe g\u00f6re \u00a0bal, pekmez, \u015feker \u00a0ile tatland\u0131r\u0131labilir. Midesinde rahats\u0131zl\u0131k olmayanlar\u0131n sabah, ak\u015fam yemeklerden 30 dk. \u00f6nce; midesinde rahats\u0131zl\u0131k olanlar\u0131n ise, yemeklerden 2 saat sonra i\u00e7meleri tavsiye edilir.<\/p>\n<p>\u00dcr\u00fcn kullan\u0131l\u0131rken, g\u00fcn i\u00e7erisinde ayr\u0131ca bir \u00e7orba ka\u015f\u0131\u011f\u0131 kadar kuru \u00fcz\u00fcm yiyilirse daha \u00e7abuk sonu\u00e7 almak m\u00fcmk\u00fcn olur.<\/p>\n<p><strong>Saklama ko\u015fullar\u0131 ve uyar\u0131lar:<\/strong> Hamile ve emziren bayanlar\u0131n kullanmas\u0131 tavsiye edilmez. Tavsiye edilen g\u00fcnl\u00fck dozu a\u015fmay\u0131n\u0131z. \u00c7ocuklar\u0131n ula\u015famayaca\u011f\u0131 yerde saklay\u0131n\u0131z. Serin ve kuru yerde muhafaza ediniz. Emniyet band\u0131 \u00a0y\u0131rt\u0131lm\u0131\u015f \u00fcr\u00fcnleri sat\u0131n almay\u0131n\u0131z. \u015e\u0130FAV\u0130<\/p>\n<p><strong>S\u0130PAR\u0130\u015e\u0130N\u0130ZLE \u0130LG\u0130L\u0130 HER T\u00dcRL\u00dc SORULARINIZ \u0130\u00c7\u0130N;<\/strong><\/p>\n<p class=\"western\"><strong>M\u00dc\u015eTER\u0130 TEMS\u0130LC\u0130L\u0130\u011e\u0130\u00a0 \u00a0 0216 418 34 34<br \/>\n<\/strong><\/p>\n<p>&nbsp;<\/p>\n","protected":false},"featured_media":5872,"comment_status":"open","ping_status":"closed","template":"","meta":[],"product_brand":[],"product_cat":[145],"product_tag":[],"class_list":{"0":"post-6332","1":"product","2":"type-product","3":"status-publish","4":"has-post-thumbnail","6":"product_cat-genel","8":"first","9":"instock","10":"sale","11":"downloadable","12":"virtual","13":"purchasable","14":"product-type-simple"},"_links":{"self":[{"href":"https:\/\/sifaistanbul.com\/index.php?rest_route=\/wp\/v2\/product\/6332","targetHints":{"allow":["GET"]}}],"collection":[{"href":"https:\/\/sifaistanbul.com\/index.php?rest_route=\/wp\/v2\/product"}],"about":[{"href":"https:\/\/sifaistanbul.com\/index.php?rest_route=\/wp\/v2\/types\/product"}],"replies":[{"embeddable":true,"href":"https:\/\/sifaistanbul.com\/index.php?rest_route=%2Fwp%2Fv2%2Fcomments&post=6332"}],"wp:featuredmedia":[{"embeddable":true,"href":"https:\/\/sifaistanbul.com\/index.php?rest_route=\/wp\/v2\/media\/5872"}],"wp:attachment":[{"href":"https:\/\/sifaistanbul.com\/index.php?rest_route=%2Fwp%2Fv2%2Fmedia&parent=6332"}],"wp:term":[{"taxonomy":"product_brand","embeddable":true,"href":"https:\/\/sifaistanbul.com\/index.php?rest_route=%2Fwp%2Fv2%2Fproduct_brand&post=6332"},{"taxonomy":"product_cat","embeddable":true,"href":"https:\/\/sifaistanbul.com\/index.php?rest_route=%2Fwp%2Fv2%2Fproduct_cat&post=6332"},{"taxonomy":"product_tag","embeddable":true,"href":"https:\/\/sifaistanbul.com\/index.php?rest_route=%2Fwp%2Fv2%2Fproduct_tag&post=6332"}],"curies":[{"name":"wp","href":"https:\/\/api.w.org\/{rel}","templated":true}]}}