{"id":6334,"date":"2022-07-15T13:14:29","date_gmt":"2022-07-15T10:14:29","guid":{"rendered":"http:\/\/devaistanbul.com\/?post_type=product&#038;p=6334"},"modified":"2026-04-10T15:30:38","modified_gmt":"2026-04-10T12:30:38","slug":"acoker","status":"publish","type":"product","link":"https:\/\/sifaistanbul.com\/?product=acoker","title":{"rendered":"<center>A\u00c7OKER<center>(Kar\u0131\u015f\u0131k bitki \u00e7ay\u0131)<center><center>"},"content":{"rendered":"<p>\u00c7ocuk olmamas\u0131 durumunda erkek fakt\u00f6r\u00fcne ba\u011fl\u0131 problemleri 3 ana b\u00f6l\u00fcmde d\u00fc\u015f\u00fcnebiliriz. Bunlar; hormonal bozukluklar, testislerde sperm yap\u0131m\u0131n\u0131n bozuk olmas\u0131 ve yap\u0131lan spermin ta\u015f\u0131nd\u0131\u011f\u0131 kanallardaki t\u0131kan\u0131kl\u0131klard\u0131r.<\/p>\n<p>Bu problemlere, genetik bozukluklar, inmemi\u015f testis, testis ve sperm kanal\u0131 iltihaplanmalar\u0131 (kabakulak or\u015fiti), a\u011f\u0131r esrar-alkol-sigara kullan\u0131m\u0131, radyasyon ,kemoterapi-radyoterapi, uzun s\u00fcreli \u0131s\u0131ya maruz kalma ve \u00e7e\u015fitli ila\u00e7lar neden olabilir. Ancak olgular\u0131n b\u00fcy\u00fck \u00e7o\u011funlu\u011funda bir neden bulunamaz. Nedeni bulunabilenlerin ancak %10\u2019dan daha az bir k\u0131sm\u0131 ila\u00e7la veya operasyonla d\u00fczelebilir. Bu nedenle genellikle eldeki mevcut spermle ne yapabilinece\u011fine karar vermek zorunda kal\u0131nmaktad\u0131r.<\/p>\n<p class=\"western\">A\u00e7oker, \u00e7ocu\u011fu olmayan erkeklerin rahats\u0131zl\u0131klar\u0131n\u0131 gidermek \u00fczere \u00fcretilmi\u015ftir.\u00a0 Sperm olmamas\u0131, az olmas\u0131, canl\u0131l\u0131k ve hareketlili\u011finin az olmas\u0131, \u015feklinin bozuk olmas\u0131 vb. durumlarda, son derece etkili olup; k\u0131sa s\u00fcreli kullan\u0131mda, de\u011ferler normal de\u011ferlere yakla\u015fmaya ba\u015flar. \u0130ki ay ve daha uzun s\u00fcreli kullan\u0131mda ise tam olarak iyile\u015fmeye yard\u0131mc\u0131 olur.<\/p>\n<h2><\/h2>\n<p>&nbsp;<\/p>\n<p>&nbsp;<\/p>\n","protected":false},"excerpt":{"rendered":"<p><strong>\u0130\u00e7indekiler:<\/strong> Azg\u0131nteke Otu, Demir Dikeni, Maydanoz, Lavanta, Reyhan, Tar\u00e7\u0131n, Karanfil, So\u011fan Tohumu, Ke\u00e7iboynuzu. Net 90 gr. \u00b1 2 gr.<\/p>\n<p><strong>Kullan\u0131m:<\/strong> Bir su barda\u011f\u0131 kaynar suya bir tatl\u0131 ka\u015f\u0131\u011f\u0131 kar\u0131\u015f\u0131m \u00e7ay ekleyip 20 dk. demlendikten sonra s\u00fcz\u00fcp i\u00e7iniz. \u0130ste\u011fe g\u00f6re \u00a0bal, pekmez, \u015feker \u00a0ile tatland\u0131r\u0131labilir. Midesinde rahats\u0131zl\u0131k olmayanlar\u0131n sabah, ak\u015fam yemeklerden 30 dk. \u00f6nce; midesinde rahats\u0131zl\u0131k olanlar\u0131n ise, yemeklerden 2 saat sonra i\u00e7meleri tavsiye edilir.<\/p>\n<p>\u00dcr\u00fcn kullan\u0131l\u0131rken, g\u00fcn i\u00e7erisinde ayr\u0131ca nohut, yumurta, ke\u00e7iboynuzu, kabak \u00e7ekirde\u011fi, et, havu\u00e7, bakla, yulaf ezmesi, yo\u011furt, s\u00fctla\u00e7, sarm\u0131sak, so\u011fan yiyilirse daha \u00e7abuk sonu\u00e7 almak m\u00fcmk\u00fcn olur.<\/p>\n<p><strong>Saklama ko\u015fullar\u0131 ve uyar\u0131lar:<\/strong> Tavsiye edilen g\u00fcnl\u00fck dozu a\u015fmay\u0131n\u0131z. \u00c7ocuklar\u0131n ula\u015famayaca\u011f\u0131 yerde saklay\u0131n\u0131z. Serin ve kuru yerde muhafaza ediniz. Emniyet band\u0131 \u00a0y\u0131rt\u0131lm\u0131\u015f \u00fcr\u00fcnleri sat\u0131n almay\u0131n\u0131z. \u015e\u0130FAV\u0130<\/p>\n<p><strong>S\u0130PAR\u0130\u015e\u0130N\u0130ZLE \u0130LG\u0130L\u0130 HER T\u00dcRL\u00dc SORULARINIZ \u0130\u00c7\u0130N;<\/strong><\/p>\n<p class=\"western\"><strong>M\u00dc\u015eTER\u0130 TEMS\u0130LC\u0130L\u0130\u011e\u0130\u00a0\u00a0\u00a0<\/strong><strong> 0216 418 34 34<\/strong><\/p>\n<p class=\"western\"><strong>\u00a0<\/strong><\/p>\n","protected":false},"featured_media":5874,"comment_status":"open","ping_status":"closed","template":"","meta":[],"product_brand":[],"product_cat":[145],"product_tag":[],"class_list":{"0":"post-6334","1":"product","2":"type-product","3":"status-publish","4":"has-post-thumbnail","6":"product_cat-genel","8":"first","9":"instock","10":"sale","11":"downloadable","12":"virtual","13":"purchasable","14":"product-type-simple"},"_links":{"self":[{"href":"https:\/\/sifaistanbul.com\/index.php?rest_route=\/wp\/v2\/product\/6334","targetHints":{"allow":["GET"]}}],"collection":[{"href":"https:\/\/sifaistanbul.com\/index.php?rest_route=\/wp\/v2\/product"}],"about":[{"href":"https:\/\/sifaistanbul.com\/index.php?rest_route=\/wp\/v2\/types\/product"}],"replies":[{"embeddable":true,"href":"https:\/\/sifaistanbul.com\/index.php?rest_route=%2Fwp%2Fv2%2Fcomments&post=6334"}],"wp:featuredmedia":[{"embeddable":true,"href":"https:\/\/sifaistanbul.com\/index.php?rest_route=\/wp\/v2\/media\/5874"}],"wp:attachment":[{"href":"https:\/\/sifaistanbul.com\/index.php?rest_route=%2Fwp%2Fv2%2Fmedia&parent=6334"}],"wp:term":[{"taxonomy":"product_brand","embeddable":true,"href":"https:\/\/sifaistanbul.com\/index.php?rest_route=%2Fwp%2Fv2%2Fproduct_brand&post=6334"},{"taxonomy":"product_cat","embeddable":true,"href":"https:\/\/sifaistanbul.com\/index.php?rest_route=%2Fwp%2Fv2%2Fproduct_cat&post=6334"},{"taxonomy":"product_tag","embeddable":true,"href":"https:\/\/sifaistanbul.com\/index.php?rest_route=%2Fwp%2Fv2%2Fproduct_tag&post=6334"}],"curies":[{"name":"wp","href":"https:\/\/api.w.org\/{rel}","templated":true}]}}