{"id":6336,"date":"2022-07-15T13:21:13","date_gmt":"2022-07-15T10:21:13","guid":{"rendered":"http:\/\/devaistanbul.com\/?post_type=product&#038;p=6336"},"modified":"2026-04-10T16:21:02","modified_gmt":"2026-04-10T13:21:02","slug":"advert","status":"publish","type":"product","link":"https:\/\/sifaistanbul.com\/?product=advert","title":{"rendered":"<center>ADVERT<center>(Kar\u0131\u015f\u0131k bitki \u00e7ay\u0131)<center><center>"},"content":{"rendered":"<p>V\u00fccut dengesinde olu\u015fan bozukluklar sebebiyle olu\u015fan ve ba\u015f d\u00f6nmesi ile kendini g\u00f6steren vertigo, ba\u015f d\u00f6nmesinden daha \u015fiddetli olup; ki\u015fi, d\u00fcnya etraf\u0131nda d\u00f6n\u00fcyormu\u015f gibi ya da kendi hareket etmiyorken bile kendi ve etraf\u0131ndakileri hareker ediyormu\u015f gibi hisseder. Sabit duramama, sarho\u015fluk hissi ve bay\u0131lmaya kadar giden belirtiler ki\u015fide uzun vadede korku ve depresyon gibi rahats\u0131zl\u0131klara d\u00f6n\u00fc\u015febilir.<br \/>\nVertigo, denge bozukluklar\u0131ndan olu\u015fuyorsa, sorun beyin veya i\u00e7 kulak sisteminden kaynaklan\u0131yor olabilir. Ancak, ortada bir denge sorunu yokken ba\u015f d\u00f6nmesi ataklar\u0131 devam ediyorsa; bunlar genellikle yo\u011fun stres ve psikolojik etkenlere ba\u011fl\u0131d\u0131r.<\/p>\n<p class=\"western\">\u00dcr\u00fcn\u00fcm\u00fcz her t\u00fcrl\u00fc vertigo rahats\u0131zl\u0131\u011f\u0131n\u0131 gidermek \u00fczere \u00fcretilmi\u015ftir. Son derece etkili olup; k\u0131sa s\u00fcreli kullan\u0131mda ba\u015f d\u00f6nmesi, denge kayb\u0131 ve mide bulant\u0131s\u0131n\u0131n azalmas\u0131na, iki ay ve daha uzun s\u00fcreli kullan\u0131mda ise tam olarak iyile\u015fmeye yard\u0131mc\u0131 olur<\/p>\n<p>&nbsp;<\/p>\n<p>&nbsp;<\/p>\n<p>&nbsp;<\/p>\n","protected":false},"excerpt":{"rendered":"<p><strong>\u0130\u00e7indekiler:<\/strong> Maydanoz, Labada, S\u0131\u011f\u0131r Kuyru\u011fu, Avakado Yapra\u011f\u0131, Yarpuz. Net 90 gr. \u00b1 2 gr.<\/p>\n<p><strong>Kullan\u0131m:<\/strong> Bir su barda\u011f\u0131 kaynar suya bir tatl\u0131 ka\u015f\u0131\u011f\u0131 kar\u0131\u015f\u0131m \u00e7ay ekleyip 20 dk. demlendikten sonra s\u00fcz\u00fcp i\u00e7iniz. \u0130ste\u011fe g\u00f6re \u00a0bal, pekmez, \u015feker \u00a0ile tatland\u0131r\u0131labilir. Midesinde rahats\u0131zl\u0131k olmayanlar\u0131n sabah, ak\u015fam yemeklerden 30 dk. \u00f6nce; midesinde rahats\u0131zl\u0131k olanlar\u0131n ise, yemeklerden 2 saat sonra i\u00e7meleri tavsiye edilir.<\/p>\n<p><strong>Saklama ko\u015fullar\u0131 ve uyar\u0131lar:<\/strong> Hamile ve emziren bayanlar\u0131n kullanmas\u0131 tavsiye edilmez. Tavsiye edilen g\u00fcnl\u00fck dozu a\u015fmay\u0131n\u0131z. \u00c7ocuklar\u0131n ula\u015famayaca\u011f\u0131 yerde saklay\u0131n\u0131z. Serin ve kuru yerde muhafaza ediniz. Emniyet band\u0131 \u00a0y\u0131rt\u0131lm\u0131\u015f \u00fcr\u00fcnleri sat\u0131n almay\u0131n\u0131z. \u015e\u0130FAV\u0130<\/p>\n<p><strong>S\u0130PAR\u0130\u015e\u0130N\u0130ZLE \u0130LG\u0130L\u0130 HER T\u00dcRL\u00dc SORULARINIZ \u0130\u00c7\u0130N;<\/strong><\/p>\n<p class=\"western\"><strong>M\u00dc\u015eTER\u0130 TEMS\u0130LC\u0130L\u0130\u011e\u0130\u00a0\u00a0\u00a0<\/strong><strong> 0216 418 34 34<\/strong><\/p>\n<p class=\"western\"><strong>\u00a0<\/strong><\/p>\n","protected":false},"featured_media":5876,"comment_status":"open","ping_status":"closed","template":"","meta":[],"product_brand":[],"product_cat":[145],"product_tag":[],"class_list":{"0":"post-6336","1":"product","2":"type-product","3":"status-publish","4":"has-post-thumbnail","6":"product_cat-genel","8":"first","9":"instock","10":"sale","11":"downloadable","12":"virtual","13":"purchasable","14":"product-type-simple"},"_links":{"self":[{"href":"https:\/\/sifaistanbul.com\/index.php?rest_route=\/wp\/v2\/product\/6336","targetHints":{"allow":["GET"]}}],"collection":[{"href":"https:\/\/sifaistanbul.com\/index.php?rest_route=\/wp\/v2\/product"}],"about":[{"href":"https:\/\/sifaistanbul.com\/index.php?rest_route=\/wp\/v2\/types\/product"}],"replies":[{"embeddable":true,"href":"https:\/\/sifaistanbul.com\/index.php?rest_route=%2Fwp%2Fv2%2Fcomments&post=6336"}],"wp:featuredmedia":[{"embeddable":true,"href":"https:\/\/sifaistanbul.com\/index.php?rest_route=\/wp\/v2\/media\/5876"}],"wp:attachment":[{"href":"https:\/\/sifaistanbul.com\/index.php?rest_route=%2Fwp%2Fv2%2Fmedia&parent=6336"}],"wp:term":[{"taxonomy":"product_brand","embeddable":true,"href":"https:\/\/sifaistanbul.com\/index.php?rest_route=%2Fwp%2Fv2%2Fproduct_brand&post=6336"},{"taxonomy":"product_cat","embeddable":true,"href":"https:\/\/sifaistanbul.com\/index.php?rest_route=%2Fwp%2Fv2%2Fproduct_cat&post=6336"},{"taxonomy":"product_tag","embeddable":true,"href":"https:\/\/sifaistanbul.com\/index.php?rest_route=%2Fwp%2Fv2%2Fproduct_tag&post=6336"}],"curies":[{"name":"wp","href":"https:\/\/api.w.org\/{rel}","templated":true}]}}