{"id":6341,"date":"2022-07-15T15:04:10","date_gmt":"2022-07-15T12:04:10","guid":{"rendered":"http:\/\/devaistanbul.com\/?post_type=product&#038;p=6341"},"modified":"2026-04-10T16:29:32","modified_gmt":"2026-04-10T13:29:32","slug":"adowns","status":"publish","type":"product","link":"https:\/\/sifaistanbul.com\/?product=adowns","title":{"rendered":"<center>ADOWNS<center>(Kar\u0131\u015f\u0131k bitki \u00e7ay\u0131)<center><center>"},"content":{"rendered":"<p>\u0130nsanlar, anne ve babalar\u0131ndan ald\u0131klar\u0131 23\u2019er kromozomla, yani toplamda 46 kromozomla d\u00fcnyaya gelirler. Ancak baz\u0131 durumlarda, 21. kromozom \u00e7iftindeki kromozomlardan birinin ekstra bir kopyas\u0131 \u00fcretilir. Bu durum sonucunda baz\u0131 bireyler 46 yerine 47 kromozoma sahip olurlar ve buna Down sendromu denir. Ad\u0131n\u0131 bu durumu tan\u0131mlay\u0131p s\u0131n\u0131fland\u0131ran Doktor John Langdon Down\u2019dan al\u0131r. Down sendromu bir hastal\u0131k de\u011fil, genetik bir durumdur. Down sendromunun belirtileri; k\u00fc\u00e7\u00fck ve yass\u0131 ba\u015f yap\u0131s\u0131, k\u00fc\u00e7\u00fck el ve ayaklar, parmaklarda tombulluk, ensede k\u0131sal\u0131k ve geni\u015flik, gev\u015fek kas yap\u0131s\u0131, kalp-sindirim veya ba\u011f\u0131\u015f\u0131kl\u0131k sistemi sorunlar\u0131, i\u015fitme ve g\u00f6rmede zay\u0131fl\u0131k, zekada gerilik, oturma-y\u00fcr\u00fcme-konu\u015fma gibi becerileri \u00f6\u011frenmede g\u00fc\u00e7l\u00fck olarak s\u0131ralanabilir.<\/p>\n<p>Hen\u00fcz nedeni tam olarak bilinmese de Down sendromu i\u00e7in en \u00f6nemli risk fakt\u00f6rlerinden birisi ileri ya\u015ftaki gebeliktir. Genellikle 35 ya\u015f\u0131ndan sonraki do\u011fumlarda risk artmaktad\u0131r. Baz\u0131 ara\u015ft\u0131rmalar babal\u0131k ya\u015f\u0131n\u0131n da \u00f6nemli olabilece\u011fini g\u00f6stermi\u015f ve 40 ya\u015f\u0131n \u00fczerindeki baba adaylar\u0131n\u0131n \u00e7ocuklar\u0131n\u0131n Down sendromlu olma riskinin daha gen\u00e7 ya\u015ftaki babalara oranla daha y\u00fcksek oldu\u011funu belirtmi\u015ftir. Di\u011fer bir risk fakt\u00f6r\u00fc ise Down sendromlu bir \u00e7ocu\u011fa sahip olmakt\u0131r.<\/p>\n<p>\u00dcr\u00fcn\u00fcm\u00fcz, Down sendromu rahats\u0131zl\u0131klar\u0131n\u0131 gidermek \u00fczere \u00fcretilmi\u015ftir. Son derece etkili olup; k\u0131sa s\u00fcreli kullan\u0131mda rahats\u0131zl\u0131klar\u0131n azalmas\u0131na, iki ay ve daha uzun s\u00fcreli kullan\u0131mda ise rahats\u0131zl\u0131klar\u0131n\u00a0 b\u00fcy\u00fck oranda iyile\u015fmesine yard\u0131mc\u0131 olur.<\/p>\n<p>&nbsp;<\/p>\n","protected":false},"excerpt":{"rendered":"<p><strong>\u0130\u00e7indekiler:<\/strong> Maydanoz, Reyhan, O\u011ful Otu, Mine \u00c7i\u00e7e\u011fi. Net 90 gr. \u00b1 2 gr.<\/p>\n<p><strong>Kullan\u0131m:<\/strong> Bir su barda\u011f\u0131 kaynar suya bir tatl\u0131 ka\u015f\u0131\u011f\u0131 kar\u0131\u015f\u0131m \u00e7ay ekleyip 20 dk. demlendikten sonra s\u00fcz\u00fcp i\u00e7iniz. \u0130ste\u011fe g\u00f6re \u00a0bal, pekmez, \u015feker \u00a0ile tatland\u0131r\u0131labilir. Midesinde rahats\u0131zl\u0131k olmayanlar\u0131n sabah, ak\u015fam yemeklerden 30 dk. \u00f6nce; midesinde rahats\u0131zl\u0131k olanlar\u0131n ise, yemeklerden 2 saat sonra i\u00e7meleri tavsiye edilir.<\/p>\n<p>\u00dcr\u00fcn kullan\u0131l\u0131rken, g\u00fcn i\u00e7erisinde ayr\u0131ca bol limon s\u0131k\u0131lm\u0131\u015f so\u011fan, yumurta salatas\u0131 yiyilirse daha \u00e7abuk sonu\u00e7 almak m\u00fcmk\u00fcn olur.<\/p>\n<p><strong>Saklama ko\u015fullar\u0131 ve uyar\u0131lar:<\/strong> Hamile ve emziren bayanlar\u0131n kullanmas\u0131 tavsiye edilmez. Tavsiye edilen g\u00fcnl\u00fck dozu a\u015fmay\u0131n\u0131z. \u00c7ocuklar\u0131n ula\u015famayaca\u011f\u0131 yerde saklay\u0131n\u0131z. Serin ve kuru yerde muhafaza ediniz. Emniyet band\u0131 \u00a0y\u0131rt\u0131lm\u0131\u015f \u00fcr\u00fcnleri sat\u0131n almay\u0131n\u0131z. \u015e\u0130FAV\u0130<\/p>\n<p><strong>S\u0130PAR\u0130\u015e\u0130N\u0130ZLE \u0130LG\u0130L\u0130 HER T\u00dcRL\u00dc SORULARINIZ \u0130\u00c7\u0130N;<\/strong><\/p>\n<p class=\"western\"><strong>M\u00dc\u015eTER\u0130 TEMS\u0130LC\u0130L\u0130\u011e\u0130\u00a0\u00a0\u00a0<\/strong><strong>\u00a0 0216 418 34 34<\/strong><\/p>\n","protected":false},"featured_media":5880,"comment_status":"open","ping_status":"closed","template":"","meta":[],"product_brand":[],"product_cat":[145],"product_tag":[],"class_list":{"0":"post-6341","1":"product","2":"type-product","3":"status-publish","4":"has-post-thumbnail","6":"product_cat-genel","8":"first","9":"instock","10":"sale","11":"downloadable","12":"virtual","13":"purchasable","14":"product-type-simple"},"_links":{"self":[{"href":"https:\/\/sifaistanbul.com\/index.php?rest_route=\/wp\/v2\/product\/6341","targetHints":{"allow":["GET"]}}],"collection":[{"href":"https:\/\/sifaistanbul.com\/index.php?rest_route=\/wp\/v2\/product"}],"about":[{"href":"https:\/\/sifaistanbul.com\/index.php?rest_route=\/wp\/v2\/types\/product"}],"replies":[{"embeddable":true,"href":"https:\/\/sifaistanbul.com\/index.php?rest_route=%2Fwp%2Fv2%2Fcomments&post=6341"}],"wp:featuredmedia":[{"embeddable":true,"href":"https:\/\/sifaistanbul.com\/index.php?rest_route=\/wp\/v2\/media\/5880"}],"wp:attachment":[{"href":"https:\/\/sifaistanbul.com\/index.php?rest_route=%2Fwp%2Fv2%2Fmedia&parent=6341"}],"wp:term":[{"taxonomy":"product_brand","embeddable":true,"href":"https:\/\/sifaistanbul.com\/index.php?rest_route=%2Fwp%2Fv2%2Fproduct_brand&post=6341"},{"taxonomy":"product_cat","embeddable":true,"href":"https:\/\/sifaistanbul.com\/index.php?rest_route=%2Fwp%2Fv2%2Fproduct_cat&post=6341"},{"taxonomy":"product_tag","embeddable":true,"href":"https:\/\/sifaistanbul.com\/index.php?rest_route=%2Fwp%2Fv2%2Fproduct_tag&post=6341"}],"curies":[{"name":"wp","href":"https:\/\/api.w.org\/{rel}","templated":true}]}}