{"id":6345,"date":"2022-07-15T15:49:43","date_gmt":"2022-07-15T12:49:43","guid":{"rendered":"http:\/\/devaistanbul.com\/?post_type=product&#038;p=6345"},"modified":"2026-04-10T17:33:04","modified_gmt":"2026-04-10T14:33:04","slug":"mnpgec","status":"publish","type":"product","link":"https:\/\/sifaistanbul.com\/?product=mnpgec","title":{"rendered":"<center>MNPGE\u00c7<center>(Kar\u0131\u015f\u0131k bitki \u00e7ay\u0131)<center><center>"},"content":{"rendered":"<p>Menopoz, kad\u0131nlar\u0131n hayat\u0131nda meydana gelen do\u011fal bir olgudur. G\u00fcn\u00fcm\u00fczde menopoza girme ya\u015f\u0131 olduk\u00e7a d\u00fc\u015fm\u00fc\u015ft\u00fcr. Yenilen besinlerin hormonlar\u0131yla oynanm\u0131\u015f olmas\u0131 ve i\u015flenmi\u015f g\u0131dalardan beslenme menopoz \u00fczerinde olduk\u00e7a etkilidir. Menopoza girme ya\u015f\u0131 beslenme \u015fekli, sigara kullan\u0131m\u0131, depresyon ve stres, kullan\u0131lan ila\u00e7lar ve\u00a0 genetik fakt\u00f6rlerle ba\u011flant\u0131l\u0131d\u0131r. Eskiye g\u00f6re menopoza girme ya\u015f\u0131 yakla\u015f\u0131k 10 y\u0131l \u00f6nceye \u00e7ekilmi\u015f durumdad\u0131r. Kad\u0131nlar\u0131n menopoza girmelerinin\u00a0 30-35 ya\u015flar\u0131nda bile g\u00f6r\u00fcld\u00fc\u011f\u00fc bilinmektedir. Erken menopozun sa\u011fl\u0131k \u00fczerinde pek \u00e7ok olumsuz etkisi vard\u0131r. Ayn\u0131 zamanda erken menopoz demek \u00fcreme, \u00e7ocuk sahibi olma \u015fans\u0131n\u0131n bitmesi demektir. Bunun i\u00e7in erken olu\u015facak menopozu geciktirmek gerekmektedir.<\/p>\n<p>\u00dcr\u00fcn\u00fcm\u00fcz, menopozu geciktirmede son derece etkili bir \u00fcr\u00fcn olup, k\u0131sa s\u00fcreli kullan\u0131mda rahats\u0131zl\u0131klar\u0131n azalmas\u0131na, iki ay ve daha uzun s\u00fcreli kullan\u0131mda ise menopozun ortalama iki-\u00fc\u00e7 y\u0131l ertelenmesine\u00a0 yard\u0131mc\u0131 olur.<\/p>\n","protected":false},"excerpt":{"rendered":"<p><strong>\u0130\u00e7indekiler:<\/strong> Ada\u00e7ay\u0131, Civan Per\u00e7emi, Aslan Pen\u00e7esi, \u00c7oban \u00c7antas\u0131, Is\u0131rgan, Fesle\u011fen. Net 90 gr. \u00b1 2 gr.<\/p>\n<p><strong>Kullan\u0131m:<\/strong> Bir su barda\u011f\u0131 kaynar suya bir tatl\u0131 ka\u015f\u0131\u011f\u0131 kar\u0131\u015f\u0131m \u00e7ay ekleyip 20 dk. demlendikten sonra s\u00fcz\u00fcp i\u00e7iniz. \u0130ste\u011fe g\u00f6re \u00a0bal, pekmez, \u015feker \u00a0ile tatland\u0131r\u0131labilir.\u00a0Midesinde rahats\u0131zl\u0131k olmayanlar\u0131n sabah, ak\u015fam yemeklerden 30 dk. \u00f6nce; midesinde rahats\u0131zl\u0131k olanlar\u0131n ise, yemeklerden 2 saat sonra i\u00e7meleri tavsiye edilir.<\/p>\n<p>\u00dcr\u00fcn kullan\u0131l\u0131rken, g\u00fcn i\u00e7erisinde ayr\u0131ca havu\u00e7, m\u0131s\u0131r, mercimek, yumurta ve kuru \u00fcz\u00fcm yiyilirse daha \u00e7abuk sonu\u00e7 almak m\u00fcmk\u00fcn olur.<\/p>\n<p><strong>Saklama ko\u015fullar\u0131 ve uyar\u0131lar:<\/strong> Tavsiye edilen g\u00fcnl\u00fck dozu a\u015fmay\u0131n\u0131z. \u00c7ocuklar\u0131n ula\u015famayaca\u011f\u0131 yerde saklay\u0131n\u0131z. Serin ve kuru yerde muhafaza ediniz. Emniyet band\u0131 \u00a0y\u0131rt\u0131lm\u0131\u015f \u00fcr\u00fcnleri sat\u0131n almay\u0131n\u0131z. \u015e\u0130FAV\u0130<\/p>\n<p><strong>S\u0130PAR\u0130\u015e\u0130N\u0130ZLE \u0130LG\u0130L\u0130 HER T\u00dcRL\u00dc SORULARINIZ \u0130\u00c7\u0130N;<\/strong><\/p>\n<p class=\"western\"><strong>M\u00dc\u015eTER\u0130 TEMS\u0130LC\u0130L\u0130\u011e\u0130\u00a0\u00a0\u00a0<\/strong><strong> 0216 418 34 34<br \/>\n<\/strong><\/p>\n<div><strong>\u00a0<\/strong><\/div>\n<p class=\"western\"><strong>\u00a0<\/strong><\/p>\n<p>&nbsp;<\/p>\n<p>&nbsp;<\/p>\n","protected":false},"featured_media":5885,"comment_status":"open","ping_status":"closed","template":"","meta":[],"product_brand":[],"product_cat":[145],"product_tag":[],"class_list":{"0":"post-6345","1":"product","2":"type-product","3":"status-publish","4":"has-post-thumbnail","6":"product_cat-genel","8":"first","9":"instock","10":"sale","11":"downloadable","12":"virtual","13":"purchasable","14":"product-type-simple"},"_links":{"self":[{"href":"https:\/\/sifaistanbul.com\/index.php?rest_route=\/wp\/v2\/product\/6345","targetHints":{"allow":["GET"]}}],"collection":[{"href":"https:\/\/sifaistanbul.com\/index.php?rest_route=\/wp\/v2\/product"}],"about":[{"href":"https:\/\/sifaistanbul.com\/index.php?rest_route=\/wp\/v2\/types\/product"}],"replies":[{"embeddable":true,"href":"https:\/\/sifaistanbul.com\/index.php?rest_route=%2Fwp%2Fv2%2Fcomments&post=6345"}],"wp:featuredmedia":[{"embeddable":true,"href":"https:\/\/sifaistanbul.com\/index.php?rest_route=\/wp\/v2\/media\/5885"}],"wp:attachment":[{"href":"https:\/\/sifaistanbul.com\/index.php?rest_route=%2Fwp%2Fv2%2Fmedia&parent=6345"}],"wp:term":[{"taxonomy":"product_brand","embeddable":true,"href":"https:\/\/sifaistanbul.com\/index.php?rest_route=%2Fwp%2Fv2%2Fproduct_brand&post=6345"},{"taxonomy":"product_cat","embeddable":true,"href":"https:\/\/sifaistanbul.com\/index.php?rest_route=%2Fwp%2Fv2%2Fproduct_cat&post=6345"},{"taxonomy":"product_tag","embeddable":true,"href":"https:\/\/sifaistanbul.com\/index.php?rest_route=%2Fwp%2Fv2%2Fproduct_tag&post=6345"}],"curies":[{"name":"wp","href":"https:\/\/api.w.org\/{rel}","templated":true}]}}