{"id":6349,"date":"2022-07-15T16:16:31","date_gmt":"2022-07-15T13:16:31","guid":{"rendered":"http:\/\/devaistanbul.com\/?post_type=product&#038;p=6349"},"modified":"2026-04-11T11:43:22","modified_gmt":"2026-04-11T08:43:22","slug":"adise","status":"publish","type":"product","link":"https:\/\/sifaistanbul.com\/?product=adise","title":{"rendered":"<center>AD\u0130\u015eE<center>(Kar\u0131\u015f\u0131k bitki \u00e7ay\u0131)<center><center>"},"content":{"rendered":"<p>Di\u015f eti; di\u015f k\u00f6klerini \u00e7evreleyerek d\u0131\u015f etkilerden uzak tutan koruyucu bir dokudur. Bu dokunun bir tak\u0131m etkilerle zarar g\u00f6rerek geriye do\u011fru a\u00e7\u0131lmas\u0131 ve di\u015f etinin alt\u0131nda sakl\u0131 olan di\u015f dokusunun a\u00e7\u0131\u011fa \u00e7\u0131kmas\u0131na di\u015f eti \u00e7ekilmesi denir. Di\u015f eti \u00e7ekilmesi tedavi edilmedi\u011fi takdirde, di\u015fleri destekleyen doku ve kemik yap\u0131lar\u0131 ciddi \u015fekilde hasar g\u00f6rebilir ve di\u015f kayb\u0131 ger\u00e7ekle\u015febilir.<\/p>\n<p>Di\u015f eti \u00e7ekilmesi yayg\u0131n bir di\u015f problemidir. Her ya\u015fta insanda g\u00f6zlenebilir. \u00c7o\u011fu insan di\u015f etlerinde \u00e7ekilme oldu\u011funu fark etmeyebilir, \u00e7\u00fcnk\u00fc di\u015f eti \u00e7ekilmesi yava\u015f yava\u015f ger\u00e7ekle\u015fir. Di\u015f eti \u00e7ekilmesi farkl\u0131 nedenlere ba\u011fl\u0131 olarak olu\u015fabilir. Di\u015f eti \u00e7ekilmesinin ilk belirtisi genellikle di\u015flerde hissedilen hassasiyettir. Bunun haricinde di\u015f eti \u00e7ekilmesinin belirtileri; di\u015f f\u0131r\u00e7alarken ya da normal zamanlarda di\u015f etlerinde g\u00f6r\u00fclen kanama, di\u015fin normalden daha uzun g\u00f6z\u00fckmesi, di\u015f etlerinde g\u00f6zlenen k\u0131zar\u0131kl\u0131k veya \u015fi\u015fkinlik \u015feklindedir.<\/p>\n<p>Di\u015f eti \u00e7ekilmesinin nedenleri ise; di\u015f eti hastal\u0131klar\u0131, yanl\u0131\u015f f\u0131r\u00e7alama ve hatal\u0131 a\u011f\u0131z bak\u0131m\u0131, kal\u0131tsal \u00f6zellikler, hormonal de\u011fi\u015fiklikler, t\u00fct\u00fcn \u00fcr\u00fcnleri kullanmak, di\u015f g\u0131c\u0131rdatmak, dil veya duda\u011fa piercing takmak olarak s\u0131ralanabilir.\u00a0 Ayr\u0131ca. di\u015f eti \u00e7ekilmesi \u015feker hastas\u0131 olan ki\u015filerde \u00fc\u00e7 kat fazla ortaya \u00e7\u0131kmaktad\u0131r.<\/p>\n<p>A\u011f\u0131z yaras\u0131 t\u00fcr\u00fc olan aft ise; bilinen a\u011f\u0131z bo\u015flu\u011funda, di\u015f etlerinde,bademciklerde ve dilde ortaya \u00e7\u0131kan sar\u0131 renkte ve yuvarlak olan a\u011fr\u0131l\u0131 \u00fclserdir. Bazen genital b\u00f6lgede de g\u00f6r\u00fclebilirler. A\u011f\u0131zdaki aftlar \u00f6zellikle dil kenar\u0131nda veya dudaklar\u0131n i\u00e7 k\u0131sm\u0131nda yayg\u0131nd\u0131r. Yuvarlak veya oval, sar\u0131ms\u0131 ila grimsi beyaz taban\u0131 olan ve genellikle iltihapl\u0131 k\u0131rm\u0131z\u0131 bir s\u0131n\u0131rla \u00e7evrili yaralar \u015feklindedir. Boyutu, bir i\u011fnenin ba\u015f\u0131n\u0131n boyutundan \u00fc\u00e7 santimetre \u00e7apa kadar de\u011fi\u015febilir. Konu\u015furken ve yemek yerken ki\u015finin zorluk \u00e7ekmesine neden olurlar.<\/p>\n<p>Aft\u0131n nedenleri aras\u0131nda vitamin-mineral eksiklikleri, zay\u0131f bir ba\u011f\u0131\u015f\u0131kl\u0131k sistemi, a\u011f\u0131z i\u00e7ini tahri\u015f eden besinler, viral ve sistemik baz\u0131 hastal\u0131klar da yer al\u0131r. D\u00fczg\u00fcn ve zaman\u0131nda tedavi edilmezse aftlar tekrarlama e\u011filimindedir. Ayr\u0131ca aftlar Beh\u00e7et gibi baz\u0131 sistemik hastal\u0131klara da e\u015flik edebilir.<\/p>\n<p>\u00dcr\u00fcn\u00fcm\u00fcz, di\u015f eti \u00e7ekilmelerini gidermede ve aftlar\u0131 iyile\u015ftirmede son derece etkili olup, k\u0131sa s\u00fcreli kullan\u0131mda rahats\u0131zl\u0131klar\u0131n azalmas\u0131na, iki ay ve daha uzun s\u00fcreli kullan\u0131mda ise kal\u0131c\u0131 iyile\u015fmeye yard\u0131mc\u0131 olur.<\/p>\n<p>&nbsp;<\/p>\n","protected":false},"excerpt":{"rendered":"<p><strong>\u0130\u00e7indekiler:<\/strong> Ekinezya, Zencefil, Zerde\u00e7al, Karanfil, Tar\u00e7\u0131n, Ada\u00e7ay\u0131, Ihlamur, Ku\u015fburnu, Havl\u0131can. Net 90 gr. \u00b1 2 gr.<\/p>\n<p><strong>Kullan\u0131m:<\/strong> Midesinde rahats\u0131zl\u0131k olmayanlar\u0131n sabah, ak\u015fam yemeklerden 30 dk. \u00f6nce; midesinde rahats\u0131zl\u0131k olanlar\u0131n ise, yemeklerden 2 saat sonra gargara yaparak i\u00e7meleri tavsiye edilir. Bir su barda\u011f\u0131 kaynar suya bir tatl\u0131 ka\u015f\u0131\u011f\u0131 kar\u0131\u015f\u0131m \u00e7ay ekleyip 20 dk. demlendikten sonra s\u00fcz\u00fcp, gargara yapa yapa yutunuz. \u0130ste\u011fe g\u00f6re bal, pekmez, \u015feker \u00a0ile tatland\u0131r\u0131labilir.<\/p>\n<p>\u00dcr\u00fcn kullan\u0131l\u0131rken, g\u00fcn i\u00e7erisinde ayr\u0131ca ku\u015fburnu \u00fcr\u00fcnleri t\u00fcketilirse daha \u00e7abuk sonu\u00e7 almak m\u00fcmk\u00fcn olur.<\/p>\n<p><strong>Saklama ko\u015fullar\u0131 ve uyar\u0131lar:<\/strong> Hamile ve emziren bayanlar\u0131n kullanmas\u0131 tavsiye edilmez. Tavsiye edilen g\u00fcnl\u00fck dozu a\u015fmay\u0131n\u0131z. \u00c7ocuklar\u0131n ula\u015famayaca\u011f\u0131 yerde saklay\u0131n\u0131z. Serin ve kuru yerde muhafaza ediniz. Emniyet band\u0131 \u00a0y\u0131rt\u0131lm\u0131\u015f \u00fcr\u00fcnleri sat\u0131n almay\u0131n\u0131z. \u015e\u0130FAV\u0130<\/p>\n<p><strong>S\u0130PAR\u0130\u015e\u0130N\u0130ZLE \u0130LG\u0130L\u0130 HER T\u00dcRL\u00dc SORULARINIZ \u0130\u00c7\u0130N;<\/strong><\/p>\n<p class=\"western\"><strong>M\u00dc\u015eTER\u0130 TEMS\u0130LC\u0130L\u0130\u011e\u0130\u00a0 \u00a0<\/strong><strong>0216 418 34 34<\/strong><\/p>\n<form class=\"cart\" action=\"https:\/\/sifaistanbul.com\/?product=acovir\" enctype=\"multipart\/form-data\" method=\"post\">\n<div class=\"quantity\"><\/div>\n<\/form>\n<p class=\"western\"><strong>\u00a0<\/strong><\/p>\n<p>&nbsp;<\/p>\n<p>&nbsp;<\/p>\n","protected":false},"featured_media":5887,"comment_status":"open","ping_status":"closed","template":"","meta":[],"product_brand":[],"product_cat":[145],"product_tag":[],"class_list":{"0":"post-6349","1":"product","2":"type-product","3":"status-publish","4":"has-post-thumbnail","6":"product_cat-genel","8":"first","9":"instock","10":"sale","11":"downloadable","12":"virtual","13":"purchasable","14":"product-type-simple"},"_links":{"self":[{"href":"https:\/\/sifaistanbul.com\/index.php?rest_route=\/wp\/v2\/product\/6349","targetHints":{"allow":["GET"]}}],"collection":[{"href":"https:\/\/sifaistanbul.com\/index.php?rest_route=\/wp\/v2\/product"}],"about":[{"href":"https:\/\/sifaistanbul.com\/index.php?rest_route=\/wp\/v2\/types\/product"}],"replies":[{"embeddable":true,"href":"https:\/\/sifaistanbul.com\/index.php?rest_route=%2Fwp%2Fv2%2Fcomments&post=6349"}],"wp:featuredmedia":[{"embeddable":true,"href":"https:\/\/sifaistanbul.com\/index.php?rest_route=\/wp\/v2\/media\/5887"}],"wp:attachment":[{"href":"https:\/\/sifaistanbul.com\/index.php?rest_route=%2Fwp%2Fv2%2Fmedia&parent=6349"}],"wp:term":[{"taxonomy":"product_brand","embeddable":true,"href":"https:\/\/sifaistanbul.com\/index.php?rest_route=%2Fwp%2Fv2%2Fproduct_brand&post=6349"},{"taxonomy":"product_cat","embeddable":true,"href":"https:\/\/sifaistanbul.com\/index.php?rest_route=%2Fwp%2Fv2%2Fproduct_cat&post=6349"},{"taxonomy":"product_tag","embeddable":true,"href":"https:\/\/sifaistanbul.com\/index.php?rest_route=%2Fwp%2Fv2%2Fproduct_tag&post=6349"}],"curies":[{"name":"wp","href":"https:\/\/api.w.org\/{rel}","templated":true}]}}