{"id":6354,"date":"2022-07-15T17:08:32","date_gmt":"2022-07-15T14:08:32","guid":{"rendered":"http:\/\/devaistanbul.com\/?post_type=product&#038;p=6354"},"modified":"2026-04-11T11:57:47","modified_gmt":"2026-04-11T08:57:47","slug":"askol","status":"publish","type":"product","link":"https:\/\/sifaistanbul.com\/?product=askol","title":{"rendered":"<center>ASKOL<center>(Kar\u0131\u015f\u0131k bitki ya\u011f\u0131)<center><center>"},"content":{"rendered":"<p>Omurgan\u0131n sa\u011fa veya sola e\u011filmesi ile kendini g\u00f6steren skolyoz (omurga e\u011frili\u011fi), do\u011fumsal olabildi\u011fi gibi sonradan da geli\u015febilen ve hayat kalitesini ciddi \u00f6l\u00e7\u00fcde d\u00fc\u015f\u00fcren ortopedik bir problemdir. Skolyoz, omurgaya arkadan bak\u0131ld\u0131\u011f\u0131nda normalde d\u00fcz bir hatta yerle\u015fmesi gereken omurgan\u0131n sa\u011fa veya sola do\u011fru 10 derece \u00fczerindeki e\u011frili\u011fi olarak tan\u0131mlan\u0131r. Skolyoz sadece tek boyutlu bir a\u00e7\u0131sal deformasyon olmay\u0131p v\u00fccudu \u00f6nden ve yandan yani \u00fc\u00e7 boyutta etkileyen bir kemiksel ve yap\u0131sal bozulmad\u0131r.<\/p>\n<p>Skolyoz ya\u015fam\u0131n her d\u00f6neminde g\u00f6r\u00fclebilen bir rahats\u0131zl\u0131kt\u0131r. Skolyozda genetik ge\u00e7i\u015f sorumlu tutmaktad\u0131r. Skolyoz a\u00e7\u0131s\u0131 y\u00fcksek ise v\u00fccudun g\u00f6rsel etkilenimi \u00e7ok bozulur. Bu kozmetik bozukluk, ergenlik d\u00f6neminin ba\u015f\u0131ndaki bu gen\u00e7 ya\u015f \u00e7ocuklar\u0131 sa\u011fl\u0131k sorunu olmas\u0131n\u0131n d\u0131\u015f\u0131nda g\u00f6rsel olarak da \u00e7ok etkiler ve kendi bedenlerine olan g\u00fcveni bozar, psikolojik sorunlara da yol a\u00e7ar. Kozmetik bozukluk d\u0131\u015f\u0131nda, skolyozun e\u011frilik a\u00e7\u0131s\u0131 artt\u0131k\u00e7a, ba\u015fta s\u0131rt ve bel a\u011fr\u0131s\u0131 olmak \u00fczere, akci\u011ferlerin ve kalbin g\u00f6\u011f\u00fcs kafesinde s\u0131k\u0131\u015fmas\u0131 nedeniyle, nefes darl\u0131\u011f\u0131, \u015fi\u015fkinlik, \u00e7abuk yorulma gibi \u015fikayetler ortaya \u00e7\u0131kmaktad\u0131r. Omurgan\u0131n dinami\u011fi bozulursa a\u011fr\u0131ya neden olabilir. Sonu\u00e7 olarak ya\u015fam kalitesini olumsuz y\u00f6nde etkileyebilir.<\/p>\n<p>Skolyoz, erken d\u00f6nemde hi\u00e7bir sa\u011fl\u0131k problemi olu\u015fturmaz, \u00e7ok nadir olarak s\u0131rt a\u011fr\u0131s\u0131 g\u00f6r\u00fclebilir. Bu nedenle, dikkatli olunmad\u0131\u011f\u0131 takdirde ailelerin fark etmesi zor olabilir. Skolyozun belirtileri, omuzlardan birinin di\u011ferine g\u00f6re y\u00fcksek olmas\u0131, kal\u00e7an\u0131n sa\u011fa\/sola do\u011fru kaymas\u0131 veya bir tarafta kal\u00e7an\u0131n y\u00fcksek durmas\u0131 ve k\u00fcrek kemiklerinin duru\u015funda e\u015fitsizlik gibi g\u00f6rsel \u00f6zelliklerdir. Skolyoza bazen ciltte renk de\u011fi\u015fiklikleri e\u015flik edebilir.<\/p>\n<p class=\"western\">Askol, skolyoz rahats\u0131zl\u0131\u011f\u0131n\u0131 gidermek \u00fczere \u00fcretilmi\u015ftir. Rahats\u0131zl\u0131\u011f\u0131n oldu\u011fu sorunlu b\u00f6lgeye yedirilerek s\u00fcr\u00fcl\u00fcp \u00fczeri stre\u00e7 filmle kaplan\u0131rsa daha iyi sonu\u00e7 al\u0131n\u0131r. E\u011frilik, tamamen kayboluncaya kadar kullanmaya devam edilmesi gerekir. K\u0131sa s\u00fcrede omurgadaki e\u011frili\u011fin azalmas\u0131na, a\u011fr\u0131, tutukluk ve gerginli\u011fin giderilmesine; iki ay ve daha uzun s\u00fcreli kullan\u0131mda rahats\u0131zl\u0131\u011f\u0131n tam olarak iyile\u015fmesine yard\u0131mc\u0131 olur.<\/p>\n<p>&nbsp;<\/p>\n","protected":false},"excerpt":{"rendered":"<p><strong>\u0130\u00e7indekiler:<\/strong> Sarm\u0131sak Ya\u011f\u0131, Karabiber Ya\u011f\u0131, Anason Ya\u011f\u0131, Hardal Ya\u011f\u0131, Biberiye Ya\u011f\u0131. Net 100 cc.<\/p>\n<p><strong>Kullan\u0131m:<\/strong> A\u011fr\u0131yan b\u00f6lgeye herg\u00fcn iki \u00fc\u00e7 defa iyice yedirilerek s\u00fcr\u00fcl\u00fcr, m\u00fcmk\u00fcnse stre\u00e7 film ile kapat\u0131l\u0131r.<\/p>\n<p><strong>Saklama Ko\u015fullar\u0131 ve Uyar\u0131lar:<\/strong> Haricen kullan\u0131l\u0131r. Hamile ve emziren bayanlar\u0131n kullanmas\u0131 tavsiye edilmez. Tavsiye edilen g\u00fcnl\u00fck dozu a\u015fmay\u0131n\u0131z. G\u00f6z ile temas ettirmeyiniz. \u00c7ocuklar\u0131n ula\u015famayaca\u011f\u0131, serin ve kuru yerde saklay\u0131n\u0131z. \u015e\u0130FAV\u0130<\/p>\n<p><strong>S\u0130PAR\u0130\u015e\u0130N\u0130ZLE \u0130LG\u0130L\u0130 HER T\u00dcRL\u00dc SORULARINIZ \u0130\u00c7\u0130N;<\/strong><\/p>\n<p class=\"western\"><strong>M\u00dc\u015eTER\u0130 TEMS\u0130LC\u0130L\u0130\u011e\u0130\u00a0 0216 418 34 34<br \/>\n<\/strong><\/p>\n","protected":false},"featured_media":4933,"comment_status":"open","ping_status":"closed","template":"","meta":[],"product_brand":[],"product_cat":[145],"product_tag":[],"class_list":{"0":"post-6354","1":"product","2":"type-product","3":"status-publish","4":"has-post-thumbnail","6":"product_cat-genel","8":"first","9":"instock","10":"sale","11":"downloadable","12":"virtual","13":"purchasable","14":"product-type-simple"},"_links":{"self":[{"href":"https:\/\/sifaistanbul.com\/index.php?rest_route=\/wp\/v2\/product\/6354","targetHints":{"allow":["GET"]}}],"collection":[{"href":"https:\/\/sifaistanbul.com\/index.php?rest_route=\/wp\/v2\/product"}],"about":[{"href":"https:\/\/sifaistanbul.com\/index.php?rest_route=\/wp\/v2\/types\/product"}],"replies":[{"embeddable":true,"href":"https:\/\/sifaistanbul.com\/index.php?rest_route=%2Fwp%2Fv2%2Fcomments&post=6354"}],"wp:featuredmedia":[{"embeddable":true,"href":"https:\/\/sifaistanbul.com\/index.php?rest_route=\/wp\/v2\/media\/4933"}],"wp:attachment":[{"href":"https:\/\/sifaistanbul.com\/index.php?rest_route=%2Fwp%2Fv2%2Fmedia&parent=6354"}],"wp:term":[{"taxonomy":"product_brand","embeddable":true,"href":"https:\/\/sifaistanbul.com\/index.php?rest_route=%2Fwp%2Fv2%2Fproduct_brand&post=6354"},{"taxonomy":"product_cat","embeddable":true,"href":"https:\/\/sifaistanbul.com\/index.php?rest_route=%2Fwp%2Fv2%2Fproduct_cat&post=6354"},{"taxonomy":"product_tag","embeddable":true,"href":"https:\/\/sifaistanbul.com\/index.php?rest_route=%2Fwp%2Fv2%2Fproduct_tag&post=6354"}],"curies":[{"name":"wp","href":"https:\/\/api.w.org\/{rel}","templated":true}]}}