{"id":6357,"date":"2022-07-15T17:20:58","date_gmt":"2022-07-15T14:20:58","guid":{"rendered":"http:\/\/devaistanbul.com\/?post_type=product&#038;p=6357"},"modified":"2026-04-11T11:59:06","modified_gmt":"2026-04-11T08:59:06","slug":"ankspa","status":"publish","type":"product","link":"https:\/\/sifaistanbul.com\/?product=ankspa","title":{"rendered":"<center>ANKSPA<center>(Kar\u0131\u015f\u0131k bitki ya\u011f\u0131)<center><center>"},"content":{"rendered":"<p>Ankilozan spondilit (AS), omurga ve le\u011fen kemi\u011fini birle\u015ftiren eklemleri etkileyen iltihapl\u0131 bir romatizmal hastal\u0131kt\u0131r. AS hastalar\u0131, sabahlar\u0131 yataktan bel a\u011fr\u0131s\u0131yla uyan\u0131r. \u00d6zellikle belde, kal\u00e7ada, boyunda, s\u0131rtta yar\u0131m saatin \u00fczerinde sabah tutuklu\u011fu ya da sertlik gibi belirtilerle kendini g\u00f6sterir. AS baz\u0131 hastalarda omurgay\u0131 tamamen hareketsiz hale getirebilir, hasta ba\u015f\u0131n\u0131 dahi d\u00f6nd\u00fcremez. Hastal\u0131\u011f\u0131n son evresinde baz\u0131 hastalarda \u2018kamburluk\u2019 olarak bilinen s\u0131rt ve boyun deformasyonu g\u00f6r\u00fclebilir.<\/p>\n<p>\u00dcr\u00fcn\u00fcm\u00fcz, ankilozan spondilit rahats\u0131zl\u0131\u011f\u0131n\u0131 gidermek \u00fczere \u00fcretilmi\u015ftir. A\u011fr\u0131yan b\u00f6lgeye yedirilerek s\u00fcr\u00fcl\u00fcp \u00fczeri stre\u00e7 filmle kaplan\u0131rsa daha iyi sonu\u00e7 al\u0131n\u0131r. A\u011fr\u0131 tamamen kayboluncaya kadar kullanmaya devam edilmesi gerekir. K\u0131sa s\u00fcrede rahats\u0131zl\u0131klar\u0131n azalmas\u0131na, a\u011fr\u0131, tutukluk ve gerginli\u011fin giderilmesine; iki ay ve daha uzun s\u00fcreli kullan\u0131mda ise rahats\u0131zl\u0131\u011f\u0131n tam olarak iyile\u015fmesine yard\u0131mc\u0131 olur. ARMAT adl\u0131\u00a0 \u00e7ay formundaki \u00fcr\u00fcn\u00fcm\u00fczle birlikte kullan\u0131ld\u0131\u011f\u0131nda daha h\u0131zl\u0131 ve etkili sonu\u00e7 al\u0131n\u0131r.<\/p>\n","protected":false},"excerpt":{"rendered":"<p><strong>\u0130\u00e7indekiler:<\/strong> Kekik Ya\u011f\u0131, Biberiye Ya\u011f\u0131, Ekinezya Ya\u011f\u0131, K\u0131rkkilit Ya\u011f\u0131, Defne Ya\u011f\u0131. Net 100 cc.<\/p>\n<p><strong>Kullan\u0131m:<\/strong> A\u011fr\u0131yan b\u00f6lgeye herg\u00fcn iki \u00fc\u00e7 defa iyice yedirilerek s\u00fcr\u00fcl\u00fcr, m\u00fcmk\u00fcnse stre\u00e7 film ile kapat\u0131l\u0131r.<\/p>\n<p><strong>Saklama Ko\u015fullar\u0131 ve Uyar\u0131lar:<\/strong> Haricen kullan\u0131l\u0131r. Hamile ve emziren bayanlar\u0131n kullanmas\u0131 tavsiye edilmez. Tavsiye edilen g\u00fcnl\u00fck dozu a\u015fmay\u0131n\u0131z. G\u00f6z ile temas ettirmeyiniz. \u00c7ocuklar\u0131n ula\u015famayaca\u011f\u0131, serin ve kuru yerde saklay\u0131n\u0131z. \u015e\u0130FAV\u0130<\/p>\n<p><strong>S\u0130PAR\u0130\u015e\u0130N\u0130ZLE \u0130LG\u0130L\u0130 HER T\u00dcRL\u00dc SORULARINIZ \u0130\u00c7\u0130N;<\/strong><\/p>\n<p class=\"western\"><strong>M\u00dc\u015eTER\u0130 TEMS\u0130LC\u0130L\u0130\u011e\u0130\u00a0 0216 418 34 34<br \/>\n<\/strong><\/p>\n<p>&nbsp;<\/p>\n","protected":false},"featured_media":4931,"comment_status":"open","ping_status":"closed","template":"","meta":[],"product_brand":[],"product_cat":[145],"product_tag":[],"class_list":{"0":"post-6357","1":"product","2":"type-product","3":"status-publish","4":"has-post-thumbnail","6":"product_cat-genel","8":"first","9":"instock","10":"sale","11":"downloadable","12":"virtual","13":"purchasable","14":"product-type-simple"},"_links":{"self":[{"href":"https:\/\/sifaistanbul.com\/index.php?rest_route=\/wp\/v2\/product\/6357","targetHints":{"allow":["GET"]}}],"collection":[{"href":"https:\/\/sifaistanbul.com\/index.php?rest_route=\/wp\/v2\/product"}],"about":[{"href":"https:\/\/sifaistanbul.com\/index.php?rest_route=\/wp\/v2\/types\/product"}],"replies":[{"embeddable":true,"href":"https:\/\/sifaistanbul.com\/index.php?rest_route=%2Fwp%2Fv2%2Fcomments&post=6357"}],"wp:featuredmedia":[{"embeddable":true,"href":"https:\/\/sifaistanbul.com\/index.php?rest_route=\/wp\/v2\/media\/4931"}],"wp:attachment":[{"href":"https:\/\/sifaistanbul.com\/index.php?rest_route=%2Fwp%2Fv2%2Fmedia&parent=6357"}],"wp:term":[{"taxonomy":"product_brand","embeddable":true,"href":"https:\/\/sifaistanbul.com\/index.php?rest_route=%2Fwp%2Fv2%2Fproduct_brand&post=6357"},{"taxonomy":"product_cat","embeddable":true,"href":"https:\/\/sifaistanbul.com\/index.php?rest_route=%2Fwp%2Fv2%2Fproduct_cat&post=6357"},{"taxonomy":"product_tag","embeddable":true,"href":"https:\/\/sifaistanbul.com\/index.php?rest_route=%2Fwp%2Fv2%2Fproduct_tag&post=6357"}],"curies":[{"name":"wp","href":"https:\/\/api.w.org\/{rel}","templated":true}]}}