{"id":6360,"date":"2022-07-15T17:26:31","date_gmt":"2022-07-15T14:26:31","guid":{"rendered":"http:\/\/devaistanbul.com\/?post_type=product&#038;p=6360"},"modified":"2026-04-11T12:00:32","modified_gmt":"2026-04-11T09:00:32","slug":"aturm","status":"publish","type":"product","link":"https:\/\/sifaistanbul.com\/?product=aturm","title":{"rendered":"<center>ATURM<center>(Kar\u0131\u015f\u0131k bitki ya\u011f\u0131)<center><center>"},"content":{"rendered":"<p>Dizde kire\u00e7lenme, diz eklem k\u0131k\u0131rda\u011f\u0131n\u0131n parlak ve p\u00fcr\u00fczs\u00fcz yap\u0131s\u0131n\u0131n bozulmas\u0131 ve eklemin fonksiyonlar\u0131n\u0131n bozulmas\u0131d\u0131r. Kire\u00e7lenmelerde k\u0131k\u0131rdakla beraber menisk\u00fcslerde y\u0131rt\u0131klar, kemik \u00e7\u0131k\u0131nt\u0131lar\u0131n olu\u015fumu da genellikle birlikte olur. Kire\u00e7lenen dizde a\u011fr\u0131 ba\u015flar. Zaman i\u00e7inde eklem hareketleri k\u0131s\u0131tlan\u0131r ve kire\u00e7lenme ilerledik\u00e7e bacaklar e\u011frilmeye ba\u015flar. Kad\u0131nlarda, erkeklere g\u00f6re iki kat fazla g\u00f6r\u00fcl\u00fcr. Bu hastal\u0131ktan etkilenenlerin \u00e7o\u011fu 50 ya\u015f\u0131n \u00fczerindedir. Birden fazla fakt\u00f6r\u00fcn bu rahats\u0131zl\u0131\u011fa neden oldu\u011fu d\u00fc\u015f\u00fcn\u00fclmektedir. Bu fakt\u00f6rler; ya\u015flanma, kire\u00e7lenmeye genel yatk\u0131nl\u0131k, eklemin i\u00e7 yap\u0131s\u0131ndaki dokular\u0131n ya\u015flanmas\u0131, eklem y\u00fczeylerini kapsayan k\u0131r\u0131klar, eklem ba\u011flar\u0131nda y\u0131rt\u0131k, menisk\u00fcs yaralanmas\u0131, \u015fi\u015fmanl\u0131k ve ki\u015finin yapt\u0131\u011f\u0131 a\u011f\u0131r i\u015flere (y\u00fck ta\u015f\u0131ma gibi), spor aktivitelerine (profesyonel uzun mesafe ko\u015fucular\u0131, futbolcular gibi) ve travmaya ba\u011fl\u0131 olarak diz ekleminin y\u0131pranmas\u0131d\u0131r.<\/p>\n<p>Normal eklem ve kire\u00e7lenmeden etkilenen eklem aras\u0131ndaki en \u00f6nemli fark kemik u\u00e7lar\u0131n\u0131 kaplayan k\u0131k\u0131rda\u011f\u0131n incelmesi ve yap\u0131s\u0131n\u0131n bozulmas\u0131d\u0131r. Bu de\u011fi\u015fiklikler, eklemin i\u00e7 y\u00fczeyinde \u00f6zellikle de diz kapa\u011f\u0131 alt\u0131nda g\u00f6r\u00fcl\u00fcr. Bu tutulum yamal\u0131 tarzdad\u0131r ve eklemin t\u00fcm\u00fcn\u00fc nadiren tutar. \u00c7evreleyen kemik dokular\u0131 da bu de\u011fi\u015fikliklere tepki verir ve eklemin kenarlar\u0131nda diz kenar\u0131 t\u0131rt\u0131klar\u0131 dedi\u011fimiz gaga bi\u00e7imli yeni kemik olu\u015fumlar\u0131 geli\u015fir.<\/p>\n<p>Aturm, \u00f6zellikle diz eklemlerinin yan taraflar\u0131nda s\u0131v\u0131 eksikli\u011fi ve kire\u00e7lenme sonucu olu\u015fan gaga bi\u00e7imli t\u0131rt\u0131klar\u0131 gidermek\u00a0 \u00fczere \u00fcretilmi\u015ftir. A\u011fr\u0131yan b\u00f6lgeye yedirilerek s\u00fcr\u00fcl\u00fcp \u00fczeri stre\u00e7 filmle kaplan\u0131rsa daha iyi sonu\u00e7 al\u0131n\u0131r. A\u011fr\u0131 tamamen kayboluncaya kadar kullanmaya devam edilmesi gerekir. K\u0131sa s\u00fcrede rahats\u0131zl\u0131klar\u0131n azalmas\u0131na, a\u011fr\u0131, tak\u0131lma ve gerginli\u011fin giderilmesine; iki ay ve daha uzun s\u00fcreli kullan\u0131mda t\u0131rt\u0131klar\u0131n u\u00e7lar\u0131n\u0131n oval hale gelip art\u0131k rahats\u0131zl\u0131k vermemesini sa\u011flamaya yard\u0131mc\u0131 olur.<\/p>\n","protected":false},"excerpt":{"rendered":"<p><strong>\u0130\u00e7indekiler:<\/strong> At Kestanesi Ya\u011f\u0131, Biberiye Ya\u011f\u0131, Papatya Ya\u011f\u0131, Karanfil Ya\u011f\u0131, Defne Ya\u011f\u0131, Alabal\u0131k Ya\u011f\u0131. Net 50 cc.<\/p>\n<p><strong>Kullan\u0131m:<\/strong> A\u011fr\u0131yan b\u00f6lgeye herg\u00fcn iki \u00fc\u00e7 defa iyice yedirilerek s\u00fcr\u00fcl\u00fcr, m\u00fcmk\u00fcnse stre\u00e7 film ile kapat\u0131l\u0131r.<\/p>\n<p><strong>Saklama Ko\u015fullar\u0131 ve Uyar\u0131lar:<\/strong> Haricen kullan\u0131l\u0131r. Hamile ve emziren bayanlar\u0131n kullanmas\u0131 tavsiye edilmez. Tavsiye edilen g\u00fcnl\u00fck dozu a\u015fmay\u0131n\u0131z. G\u00f6z ile temas ettirmeyiniz. \u00c7ocuklar\u0131n ula\u015famayaca\u011f\u0131, serin ve kuru yerde saklay\u0131n\u0131z. \u015e\u0130FAV\u0130<\/p>\n<p><strong>S\u0130PAR\u0130\u015e\u0130N\u0130ZLE \u0130LG\u0130L\u0130 HER T\u00dcRL\u00dc SORULARINIZ \u0130\u00c7\u0130N;<\/strong><\/p>\n<p class=\"western\"><strong>M\u00dc\u015eTER\u0130 TEMS\u0130LC\u0130L\u0130\u011e\u0130\u00a0 0216 418 34 34<br \/>\n<\/strong><\/p>\n<p>&nbsp;<\/p>\n","protected":false},"featured_media":4656,"comment_status":"open","ping_status":"closed","template":"","meta":[],"product_brand":[],"product_cat":[145],"product_tag":[],"class_list":{"0":"post-6360","1":"product","2":"type-product","3":"status-publish","4":"has-post-thumbnail","6":"product_cat-genel","8":"first","9":"instock","10":"sale","11":"downloadable","12":"virtual","13":"purchasable","14":"product-type-simple"},"_links":{"self":[{"href":"https:\/\/sifaistanbul.com\/index.php?rest_route=\/wp\/v2\/product\/6360","targetHints":{"allow":["GET"]}}],"collection":[{"href":"https:\/\/sifaistanbul.com\/index.php?rest_route=\/wp\/v2\/product"}],"about":[{"href":"https:\/\/sifaistanbul.com\/index.php?rest_route=\/wp\/v2\/types\/product"}],"replies":[{"embeddable":true,"href":"https:\/\/sifaistanbul.com\/index.php?rest_route=%2Fwp%2Fv2%2Fcomments&post=6360"}],"wp:featuredmedia":[{"embeddable":true,"href":"https:\/\/sifaistanbul.com\/index.php?rest_route=\/wp\/v2\/media\/4656"}],"wp:attachment":[{"href":"https:\/\/sifaistanbul.com\/index.php?rest_route=%2Fwp%2Fv2%2Fmedia&parent=6360"}],"wp:term":[{"taxonomy":"product_brand","embeddable":true,"href":"https:\/\/sifaistanbul.com\/index.php?rest_route=%2Fwp%2Fv2%2Fproduct_brand&post=6360"},{"taxonomy":"product_cat","embeddable":true,"href":"https:\/\/sifaistanbul.com\/index.php?rest_route=%2Fwp%2Fv2%2Fproduct_cat&post=6360"},{"taxonomy":"product_tag","embeddable":true,"href":"https:\/\/sifaistanbul.com\/index.php?rest_route=%2Fwp%2Fv2%2Fproduct_tag&post=6360"}],"curies":[{"name":"wp","href":"https:\/\/api.w.org\/{rel}","templated":true}]}}