{"id":6362,"date":"2022-07-15T17:36:32","date_gmt":"2022-07-15T14:36:32","guid":{"rendered":"http:\/\/devaistanbul.com\/?post_type=product&#038;p=6362"},"modified":"2026-04-11T12:01:34","modified_gmt":"2026-04-11T09:01:34","slug":"teriyo","status":"publish","type":"product","link":"https:\/\/sifaistanbul.com\/?product=teriyo","title":{"rendered":"<center>TER\u0130YO KREM<center>(Terlemeyi azaltma )"},"content":{"rendered":"<p>Terleme, insanlar\u0131n derilerinde bulunan ter bezlerinden bir miktar su ile birlikte \u00e7\u00f6z\u00fcnm\u00fc\u015f kat\u0131lar\u0131n salg\u0131lanmas\u0131d\u0131r. Terlemenin temel amac\u0131 v\u00fccudun s\u0131cakl\u0131k dengesini korumak ve d\u00fczenlemektir. Karaci\u011fer ve b\u00f6bre\u011fin yan\u0131 s\u0131ra v\u00fccuttaki at\u0131klar\u0131n at\u0131lma yollar\u0131ndan biridir. Terleme yoluyla at\u0131lan maddelerden baz\u0131lar\u0131 tuz, amonyak, \u00fcre, mineraller ve zararl\u0131 maddelerdir. Koltuk alt\u0131, ayak taban\u0131, avu\u00e7 i\u00e7i ve y\u00fcz gibi baz\u0131 alanlarda, di\u011fer v\u00fccut b\u00f6lgelerine k\u0131yasla daha fazla ter bezi bulunur. Ter salg\u0131s\u0131 olu\u015fturuldu\u011fu anda asl\u0131nda kokusuzdur. Ancak bu salg\u0131, ciltte bulunan bakteriler taraf\u0131ndan metabolize edildi\u011finde koku ortaya \u00e7\u0131kar.<\/p>\n<p>Normal (fizyolojik) terlemenin, s\u0131cakl\u0131k d\u00fczenleyici terleme ve duygusal terleme olmak \u00fczere iki farkl\u0131 ana t\u00fcr\u00fc vard\u0131r. Ter bezlerinden salg\u0131lanan s\u0131v\u0131, v\u00fccut y\u00fczeyinden buharla\u015farak v\u00fccudun so\u011futulmas\u0131na yard\u0131m eder. Buna s\u0131cakl\u0131k d\u00fczenleyici terleme denir. Duygusal terleme, stres, heyecan, kayg\u0131 veya sinirlenme gibi duygular sonucu olu\u015fan terleme t\u00fcr\u00fcd\u00fcr.<\/p>\n<p>Terlemeye yol a\u00e7an sebepler; s\u0131cak hava, duygular (sinirlilik, utanma, stres, korku ve kayg\u0131 gibi), baharatl\u0131 yiyecekler, kafein i\u00e7eren i\u00e7ecekler, alkoll\u00fc i\u00e7ecekler, a\u015f\u0131r\u0131 nem, sigara i\u00e7mek, egzersiz yapmak olarak s\u0131ralanabilir.<\/p>\n<p class=\"western\">Teriyo, terlemeyi azaltmak ve ter kokusunu gidermek \u00fczere \u00fcretilmi\u015f, el, y\u00fcz ve v\u00fccut bak\u0131m ve g\u00fczellik kremidir. Terlemeyi azalt\u0131r, a\u015f\u0131r\u0131 terlemeyi giderir. Cildi yumu\u015fat\u0131r ve besler. Uzun s\u00fcreli kullan\u0131ma uygundur.<\/p>\n<p>&nbsp;<\/p>\n","protected":false},"excerpt":{"rendered":"<p><strong>\u0130\u00e7indekiler:\u00a0<\/strong> Ada\u00e7ay\u0131, \u00c7oban \u00c7antas\u0131, Papatya, Ceviz Yapra\u011f\u0131, Jojoba Ya\u011f\u0131. Net 100 ml.<\/p>\n<p><strong>Kullan\u0131m:\u00a0<\/strong>\u00a0Haricen kullan\u0131l\u0131r. G\u00fcnde iki ya da \u00fc\u00e7 kere cilde yedirilerek s\u00fcr\u00fcl\u00fcr. T\u00fcm cilt tiplerine uygundur.<\/p>\n<p><strong>Saklama ko\u015fullar\u0131 ve uyar\u0131lar:<\/strong> G\u00f6ze temas ettirmeyiniz. \u00c7ocuklar\u0131n ula\u015famayaca\u011f\u0131 yerde saklay\u0131n\u0131z. Oda s\u0131cakl\u0131\u011f\u0131nda muhafaza ediniz. \u015e\u0130FAV\u0130<\/p>\n<p><strong>S\u0130PAR\u0130\u015e\u0130N\u0130ZLE \u0130LG\u0130L\u0130 HER T\u00dcRL\u00dc SORULARINIZ \u0130\u00c7\u0130N;<\/strong><\/p>\n<p class=\"western\"><strong>M\u00dc\u015eTER\u0130 TEMS\u0130LC\u0130L\u0130\u011e\u0130\u00a0 0216 418 34 34<br \/>\n<\/strong><\/p>\n","protected":false},"featured_media":4431,"comment_status":"open","ping_status":"closed","template":"","meta":[],"product_brand":[],"product_cat":[183,145],"product_tag":[],"class_list":{"0":"post-6362","1":"product","2":"type-product","3":"status-publish","4":"has-post-thumbnail","6":"product_cat-astrm","7":"product_cat-genel","9":"first","10":"instock","11":"sale","12":"downloadable","13":"virtual","14":"purchasable","15":"product-type-simple"},"_links":{"self":[{"href":"https:\/\/sifaistanbul.com\/index.php?rest_route=\/wp\/v2\/product\/6362","targetHints":{"allow":["GET"]}}],"collection":[{"href":"https:\/\/sifaistanbul.com\/index.php?rest_route=\/wp\/v2\/product"}],"about":[{"href":"https:\/\/sifaistanbul.com\/index.php?rest_route=\/wp\/v2\/types\/product"}],"replies":[{"embeddable":true,"href":"https:\/\/sifaistanbul.com\/index.php?rest_route=%2Fwp%2Fv2%2Fcomments&post=6362"}],"wp:featuredmedia":[{"embeddable":true,"href":"https:\/\/sifaistanbul.com\/index.php?rest_route=\/wp\/v2\/media\/4431"}],"wp:attachment":[{"href":"https:\/\/sifaistanbul.com\/index.php?rest_route=%2Fwp%2Fv2%2Fmedia&parent=6362"}],"wp:term":[{"taxonomy":"product_brand","embeddable":true,"href":"https:\/\/sifaistanbul.com\/index.php?rest_route=%2Fwp%2Fv2%2Fproduct_brand&post=6362"},{"taxonomy":"product_cat","embeddable":true,"href":"https:\/\/sifaistanbul.com\/index.php?rest_route=%2Fwp%2Fv2%2Fproduct_cat&post=6362"},{"taxonomy":"product_tag","embeddable":true,"href":"https:\/\/sifaistanbul.com\/index.php?rest_route=%2Fwp%2Fv2%2Fproduct_tag&post=6362"}],"curies":[{"name":"wp","href":"https:\/\/api.w.org\/{rel}","templated":true}]}}