{"id":6364,"date":"2022-07-15T17:43:27","date_gmt":"2022-07-15T14:43:27","guid":{"rendered":"http:\/\/devaistanbul.com\/?post_type=product&#038;p=6364"},"modified":"2026-04-11T12:39:27","modified_gmt":"2026-04-11T09:39:27","slug":"kazay","status":"publish","type":"product","link":"https:\/\/sifaistanbul.com\/?product=kazay","title":{"rendered":"<center>KAZAY KREM<center>(Kazaya\u011f\u0131, g\u00f6zalt\u0131 morluk.)"},"content":{"rendered":"<p>Ya\u015flanma ve di\u011fer etkenler sonucu y\u00fcz\u00fcm\u00fczde istenmeyen sonu\u00e7lar ya\u015fanabilir. Onlardan biri olan kaz aya\u011f\u0131 bir\u00e7ok ki\u015finin kurtulmak istedi\u011fi \u00e7izgilerdir. G\u00f6zlerimizin yan taraf\u0131ndan d\u0131\u015f tarafa do\u011fru uzayan \u00e7izgiler kaz aya\u011f\u0131 olarak adland\u0131r\u0131l\u0131r. Bunlar \u00e7o\u011funlukla g\u00fcl\u00fcmsedi\u011fimizde g\u00f6zlerimizin yan\u0131nda beliren k\u0131r\u0131\u015f\u0131kl\u0131klard\u0131r. Kimi zaman \u201ckarakter \u00e7izgileri\u201d ya da \u201cg\u00fcl\u00fc\u015f \u00e7izgileri\u201d gibi adland\u0131r\u0131lsa da pek \u00e7ok insan bunlardan rahats\u0131z olur.<\/p>\n<p>Kolajen kayb\u0131 kaz aya\u011f\u0131 olu\u015fumunun temel nedenlerinden biridir. En sade ifadesiyle kolajen, cilt ve k\u0131k\u0131rdak gibi ba\u011f dokular\u0131n\u0131n ana bile\u015feni olan bir protein t\u00fcr\u00fcd\u00fcr. Kolajen, cilt h\u00fccrelerinin s\u0131k\u0131l\u0131\u011f\u0131na, esnekli\u011fine ve s\u00fcrekli yenilenmesine yard\u0131mc\u0131 olan ba\u011f dokusunun bir par\u00e7as\u0131d\u0131r. Bu a\u00e7\u0131dan, cildin esnekli\u011fi i\u00e7in hayati \u00f6nem ta\u015f\u0131r. Yine kolajen ile ba\u011flant\u0131l\u0131 olarak, kolajen eksikli\u011fi sonucu cildin elastikiyetini kaybetmesi ve a\u015f\u0131r\u0131 ultraviyole \u0131\u015f\u0131n\u0131na maruz kalma kaz aya\u011f\u0131 problemine yol a\u00e7an ana etmenlerdir. G\u00f6zleri k\u0131smak, ka\u015flar\u0131 kald\u0131rmak ka\u015flar\u0131 \u00e7atmaktan kaynaklanan tekrarlayan kas kas\u0131lmalar\u0131 cildin katlanmas\u0131na ve \u00e7atlamas\u0131na neden olarak yava\u015f yava\u015f y\u00fcz hatlar\u0131nda de\u011fi\u015fime yol a\u00e7ar. Ya\u015flanma ve ultraviyole maruziyeti kaz ayaklar\u0131n\u0131n olu\u015fumunda \u00f6nemli bir rol oynasa da, kaz ayaklar\u0131 her ya\u015fta ortaya \u00e7\u0131kabilir.<\/p>\n<p>Kazaya\u011f\u0131n\u0131n yan\u0131s\u0131ra, &#8220;G\u00f6zalt\u0131 Morluklar\u0131&#8221; dedi\u011fimiz, g\u00f6z kapaklar\u0131n\u0131n alt\u0131nda olu\u015fan koyu halkalar da erkeklerde ve kad\u0131nlarda yayg\u0131n olarak g\u00f6r\u00fclebilmektedir. Genelde torbalar\u0131n e\u015flik etti\u011fi koyu halkalar ki\u015filerin oldu\u011fundan daha ya\u015fl\u0131 g\u00f6r\u00fcnmesine neden olur. Sorunlar\u0131 daha da k\u00f6t\u00fcle\u015fmeden onlardan kurtulmak istenir. Hemen herkeste g\u00f6r\u00fclse de daha ziyade genetik yatk\u0131nl\u0131k ve ya\u015fl\u0131l\u0131k sebebiyle s\u0131kl\u0131kla g\u00f6r\u00fclen bir t\u00fcr rahats\u0131zl\u0131kt\u0131r.<\/p>\n<p>Do\u011fal ya\u015flanma s\u00fcrecinde, g\u00f6zlerin alt\u0131nda bulunan morluklar ve halkalar daha da bir yayg\u0131n hale gelir. Bunun nedeni ise ya\u015fland\u0131k\u00e7a cilt yap\u0131s\u0131n\u0131n incelmesidir. Yorgunluk, alerjik reaksiyonlar, vucudun susuz kalmas\u0131, g\u00fcne\u015fe maruz kalma ve tiroid rahats\u0131zl\u0131\u011f\u0131 da g\u00f6zalt\u0131 morluklar\u0131na sebeb olabilmektedir.<\/p>\n<p class=\"western\">Kazay, kazaya\u011f\u0131 ve g\u00f6zalt\u0131 morlu\u011fu i\u00e7in \u00fcretilmi\u015f, y\u00fcz bak\u0131m ve g\u00fczellik kremidir. Kazaya\u011f\u0131 ve g\u00f6zalt\u0131 morluklar\u0131n\u0131 giderip, g\u00fczelle\u015ftirir ve cildin yenilenmesini sa\u011flar. Cildi yumu\u015fat\u0131r ve besler. Uzun s\u00fcreli kullan\u0131ma uygundur.<\/p>\n<p>&nbsp;<\/p>\n<p>&nbsp;<\/p>\n","protected":false},"excerpt":{"rendered":"<p><strong>\u0130\u00e7indekiler:<\/strong> Ada\u00e7ay\u0131, Papatya, Fesle\u011fen, Jojoba Ya\u011f\u0131. Net 100 ml.<\/p>\n<p><strong>Kullan\u0131m:<\/strong> Haricen kullan\u0131l\u0131r. G\u00fcnde iki ya da \u00fc\u00e7 kere cilde yedirilerek s\u00fcr\u00fcl\u00fcr. T\u00fcm cilt tiplerine uygundur.<\/p>\n<p><strong>Saklama ko\u015fullar\u0131 ve uyar\u0131lar:<\/strong> G\u00f6ze temas ettirmeyiniz. \u00c7ocuklar\u0131n ula\u015famayaca\u011f\u0131 yerde saklay\u0131n\u0131z. Oda s\u0131cakl\u0131\u011f\u0131nda muhafaza ediniz. \u015e\u0130FAV\u0130<\/p>\n<p><strong>S\u0130PAR\u0130\u015e\u0130N\u0130ZLE \u0130LG\u0130L\u0130 HER T\u00dcRL\u00dc SORULARINIZ \u0130\u00c7\u0130N;<\/strong><\/p>\n<p class=\"western\"><strong>M\u00dc\u015eTER\u0130 TEMS\u0130LC\u0130L\u0130\u011e\u0130\u00a0 0216 418 34 34<br \/>\n<\/strong><\/p>\n","protected":false},"featured_media":4439,"comment_status":"open","ping_status":"closed","template":"","meta":[],"product_brand":[],"product_cat":[191,192,145],"product_tag":[],"class_list":{"0":"post-6364","1":"product","2":"type-product","3":"status-publish","4":"has-post-thumbnail","6":"product_cat-gozmr","7":"product_cat-kzayi","8":"product_cat-genel","10":"first","11":"instock","12":"sale","13":"downloadable","14":"virtual","15":"purchasable","16":"product-type-simple"},"_links":{"self":[{"href":"https:\/\/sifaistanbul.com\/index.php?rest_route=\/wp\/v2\/product\/6364","targetHints":{"allow":["GET"]}}],"collection":[{"href":"https:\/\/sifaistanbul.com\/index.php?rest_route=\/wp\/v2\/product"}],"about":[{"href":"https:\/\/sifaistanbul.com\/index.php?rest_route=\/wp\/v2\/types\/product"}],"replies":[{"embeddable":true,"href":"https:\/\/sifaistanbul.com\/index.php?rest_route=%2Fwp%2Fv2%2Fcomments&post=6364"}],"wp:featuredmedia":[{"embeddable":true,"href":"https:\/\/sifaistanbul.com\/index.php?rest_route=\/wp\/v2\/media\/4439"}],"wp:attachment":[{"href":"https:\/\/sifaistanbul.com\/index.php?rest_route=%2Fwp%2Fv2%2Fmedia&parent=6364"}],"wp:term":[{"taxonomy":"product_brand","embeddable":true,"href":"https:\/\/sifaistanbul.com\/index.php?rest_route=%2Fwp%2Fv2%2Fproduct_brand&post=6364"},{"taxonomy":"product_cat","embeddable":true,"href":"https:\/\/sifaistanbul.com\/index.php?rest_route=%2Fwp%2Fv2%2Fproduct_cat&post=6364"},{"taxonomy":"product_tag","embeddable":true,"href":"https:\/\/sifaistanbul.com\/index.php?rest_route=%2Fwp%2Fv2%2Fproduct_tag&post=6364"}],"curies":[{"name":"wp","href":"https:\/\/api.w.org\/{rel}","templated":true}]}}