{"id":6369,"date":"2022-07-15T17:53:28","date_gmt":"2022-07-15T14:53:28","guid":{"rendered":"http:\/\/devaistanbul.com\/?post_type=product&#038;p=6369"},"modified":"2026-04-11T12:50:05","modified_gmt":"2026-04-11T09:50:05","slug":"alekgi","status":"publish","type":"product","link":"https:\/\/sifaistanbul.com\/?product=alekgi","title":{"rendered":"<center><strong>ALEKG\u0130 KREM<\/strong><\/center>  (Leke giderici)"},"content":{"rendered":"<p>Cildin ya\u015flanmas\u0131nda, genetik fakt\u00f6rler, uykusuzluk, az su i\u00e7me ve yanl\u0131\u015f beslenmenin etkili olmas\u0131n\u0131n yan\u0131s\u0131ra; yo\u011fun \u015feker t\u00fcketimi ve i\u015flenmi\u015f g\u0131dalar da cildin bozulmas\u0131nda \u00f6nem ta\u015f\u0131maktad\u0131rlar. Cildin kolajen yap\u0131s\u0131n\u0131 etkileyen bu \u00fcr\u00fcnlere glikojen \u00fcr\u00fcn deniliyor. Bunlar v\u00fccuda girdi\u011finde, cildi canl\u0131, esnek ve gergin tutmay\u0131 sa\u011flayan kolajen yap\u0131ya tutunuyorlar ve kat\u0131 bir hale gelen kolajen yap\u0131 ciltte hasara yol a\u00e7\u0131yor. A\u015f\u0131r\u0131 makyaj, sigara ve alkol kullan\u0131m\u0131 da bu s\u00fcreci h\u0131zland\u0131r\u0131yor. Ayr\u0131ca, g\u00fcne\u015fe maruz kalma, beslenme al\u0131\u015fkanl\u0131\u011f\u0131, yanl\u0131\u015f kozmetik \u00fcr\u00fcn kullan\u0131m\u0131 gibi \u00e7evresel etkenler ve ilerleyen ya\u015fa ba\u011fl\u0131 olarak ta cilt yap\u0131s\u0131 bozulmakta, \u00e7abuk hasar g\u00f6rmekte ve ciltte lekelenme oranlar\u0131 artmaktad\u0131r.<\/p>\n<p class=\"western\">Alekgi, cilt lekelerini gidermek \u00fczere \u00fcretilmi\u015f, el, y\u00fcz ve v\u00fccut bak\u0131m kremidir. Yara, yan\u0131k, lazer lekesi, g\u00fcne\u015f lekesi vb lekeleri giderir. Cildin yenilenmesini sa\u011flar ve yumu\u015fat\u0131r, cildi besler.\u00a0 Koltukalt\u0131na s\u00fcr\u00fcld\u00fc\u011f\u00fcnde koyuluk gider, renk a\u00e7\u0131l\u0131r. T\u00fcyl\u00fc b\u00f6lgelere s\u00fcr\u00fcld\u00fc\u011f\u00fcnde t\u00fcylerin ge\u00e7 \u00e7\u0131kmas\u0131n\u0131 sa\u011flar. Uzun s\u00fcreli kullan\u0131ma uygundur.<\/p>\n<p>&nbsp;<\/p>\n<p>&nbsp;<\/p>\n","protected":false},"excerpt":{"rendered":"<p><strong>\u0130\u00e7indekiler:<\/strong> Mine \u00c7i\u00e7e\u011fi, Ayn\u0131sefa, E\u011fir K\u00f6k\u00fc, Is\u0131rgan, Ada\u00e7ay\u0131. Net 100 ml.<\/p>\n<p><strong>Kullan\u0131m:<\/strong> Haricen kullan\u0131l\u0131r. G\u00fcnde en az \u00fc\u00e7 kere cilde yedirilerek s\u00fcr\u00fcl\u00fcr. T\u00fcm cilt tiplerine uygundur.<\/p>\n<p><strong>Saklama ko\u015fullar\u0131 ve uyar\u0131lar:<\/strong> G\u00f6ze temas ettirmeyiniz. \u00c7ocuklar\u0131n ula\u015famayaca\u011f\u0131 yerde saklay\u0131n\u0131z. Serin ve kuru yerde muhafaza ediniz. \u015e\u0130FAV\u0130<\/p>\n<p><strong>S\u0130PAR\u0130\u015e\u0130N\u0130ZLE \u0130LG\u0130L\u0130 HER T\u00dcRL\u00dc SORULARINIZ \u0130\u00c7\u0130N;<\/strong><\/p>\n<p class=\"western\"><strong>M\u00dc\u015eTER\u0130 TEMS\u0130LC\u0130L\u0130\u011e\u0130\u00a0 0216 418 34 34<br \/>\n<\/strong><\/p>\n","protected":false},"featured_media":5893,"comment_status":"open","ping_status":"closed","template":"","meta":[],"product_brand":[],"product_cat":[182,145],"product_tag":[],"class_list":{"0":"post-6369","1":"product","2":"type-product","3":"status-publish","4":"has-post-thumbnail","6":"product_cat-ciltlk","7":"product_cat-genel","9":"first","10":"instock","11":"sale","12":"downloadable","13":"virtual","14":"purchasable","15":"product-type-simple"},"_links":{"self":[{"href":"https:\/\/sifaistanbul.com\/index.php?rest_route=\/wp\/v2\/product\/6369","targetHints":{"allow":["GET"]}}],"collection":[{"href":"https:\/\/sifaistanbul.com\/index.php?rest_route=\/wp\/v2\/product"}],"about":[{"href":"https:\/\/sifaistanbul.com\/index.php?rest_route=\/wp\/v2\/types\/product"}],"replies":[{"embeddable":true,"href":"https:\/\/sifaistanbul.com\/index.php?rest_route=%2Fwp%2Fv2%2Fcomments&post=6369"}],"wp:featuredmedia":[{"embeddable":true,"href":"https:\/\/sifaistanbul.com\/index.php?rest_route=\/wp\/v2\/media\/5893"}],"wp:attachment":[{"href":"https:\/\/sifaistanbul.com\/index.php?rest_route=%2Fwp%2Fv2%2Fmedia&parent=6369"}],"wp:term":[{"taxonomy":"product_brand","embeddable":true,"href":"https:\/\/sifaistanbul.com\/index.php?rest_route=%2Fwp%2Fv2%2Fproduct_brand&post=6369"},{"taxonomy":"product_cat","embeddable":true,"href":"https:\/\/sifaistanbul.com\/index.php?rest_route=%2Fwp%2Fv2%2Fproduct_cat&post=6369"},{"taxonomy":"product_tag","embeddable":true,"href":"https:\/\/sifaistanbul.com\/index.php?rest_route=%2Fwp%2Fv2%2Fproduct_tag&post=6369"}],"curies":[{"name":"wp","href":"https:\/\/api.w.org\/{rel}","templated":true}]}}