{"id":6376,"date":"2022-07-15T18:28:02","date_gmt":"2022-07-15T15:28:02","guid":{"rendered":"http:\/\/devaistanbul.com\/?post_type=product&#038;p=6376"},"modified":"2026-04-11T13:01:29","modified_gmt":"2026-04-11T10:01:29","slug":"vargi","status":"publish","type":"product","link":"https:\/\/sifaistanbul.com\/?product=vargi","title":{"rendered":"<center>VARG\u0130 KREM<center>(Varis rahats\u0131zl\u0131klar\u0131)"},"content":{"rendered":"<p>Toplardamar geni\u015flemesi olan varisler; b\u00fcy\u00fckl\u00fck ve olu\u015fumlar\u0131na g\u00f6re b\u00fcy\u00fck, orta boy ve k\u0131lcal varis (k\u0131lcal damar) olarak \u00fc\u00e7 \u00e7e\u015fittir. \u00dcr\u00fcn\u00fcm\u00fcz genelde b\u00fct\u00fcn varis t\u00fcrlerinde etkili olmakla birlikte \u00f6zellikle b\u00fcy\u00fck ve orta boy varis t\u00fcrlerinde \u00e7ok etkilidir. Orta Boy Varisler, boyutu 2-3 mm. \u015feklinde de\u011fi\u015fmekte olan k\u0131vr\u0131ml\u0131 haldeki varislerdir. Cilt alt\u0131ndan ufak bir \u015fekilde \u00e7\u0131k\u0131nt\u0131 yapmaktad\u0131rlar, renkleri ye\u015fil ve mordur. A\u011fr\u0131, ka\u015f\u0131nma ve s\u0131zlanma \u015fikayetleri do\u011furabilirler. B\u00fcy\u00fck varisler ise, ciltte \u00e7ok a\u00e7\u0131k bir \u015fekilde \u00e7\u0131k\u0131nt\u0131 yapm\u0131\u015f ve boyutlar\u0131 3 mm.\u2019den daha b\u00fcy\u00fck varislerdir. Bulunduklar\u0131 yerde a\u011fr\u0131, yorgunluk, kramp, yanma gibi yak\u0131nma yaparlar.<\/p>\n<p class=\"western\">VARG\u0130, varis rahats\u0131zl\u0131klar\u0131n\u0131 gidermek \u00fczere \u00fcretilmi\u015ftir. K\u0131sa zamanda etkisini g\u00f6sterir. \u0130ki ay ve daha \u00fczeri kullan\u0131mda kal\u0131c\u0131 iyile\u015fmeye yard\u0131mc\u0131 olur. AVARS isimli varis \u00e7ay\u0131m\u0131zla birlikte kullan\u0131l\u0131rsa \u00e7ok daha k\u0131sa s\u00fcrede netice al\u0131nmas\u0131 m\u00fcmk\u00fcn olur.<\/p>\n<p>&nbsp;<\/p>\n<p>&nbsp;<\/p>\n","protected":false},"excerpt":{"rendered":"<p><strong>\u0130\u00e7indekiler:<\/strong> At Kestanesi, \u00dczerlik Tohumu, \u00c7oban \u00c7antas\u0131, Biberiye,\u00a0 Jojoba Ya\u011f\u0131. Net 100 ml.<\/p>\n<p><strong>Kullan\u0131m:<\/strong> Haricen kullan\u0131l\u0131r. G\u00fcnde bir ya da iki kere sorunlu b\u00f6lgeye s\u00fcr\u00fcl\u00fcr. M\u00fcmk\u00fcnse \u00fczeri stre\u00e7 film ile sar\u0131l\u0131r. En az bir-iki saat bu \u015fekilde kalmas\u0131 sa\u011flan\u0131r. T\u00fcm cilt tiplerine uygundur.<\/p>\n<p><strong>Saklama ko\u015fullar\u0131 ve uyar\u0131lar:<\/strong> G\u00f6ze temas ettirmeyiniz. \u00c7ocuklar\u0131n ula\u015famayaca\u011f\u0131 yerde saklay\u0131n\u0131z. Oda s\u0131cakl\u0131\u011f\u0131nda muhafaza ediniz. \u015e\u0130FAV\u0130<\/p>\n<p><strong>S\u0130PAR\u0130\u015e\u0130N\u0130ZLE \u0130LG\u0130L\u0130 HER T\u00dcRL\u00dc SORULARINIZ \u0130\u00c7\u0130N;<\/strong><\/p>\n<p class=\"western\"><strong>M\u00dc\u015eTER\u0130 TEMS\u0130LC\u0130L\u0130\u011e\u0130\u00a0 0216 418 34 34<br \/>\n<\/strong><\/p>\n","protected":false},"featured_media":5932,"comment_status":"open","ping_status":"closed","template":"","meta":[],"product_brand":[],"product_cat":[145,150],"product_tag":[],"class_list":{"0":"post-6376","1":"product","2":"type-product","3":"status-publish","4":"has-post-thumbnail","6":"product_cat-genel","7":"product_cat-vars","9":"first","10":"instock","11":"sale","12":"downloadable","13":"virtual","14":"purchasable","15":"product-type-simple"},"_links":{"self":[{"href":"https:\/\/sifaistanbul.com\/index.php?rest_route=\/wp\/v2\/product\/6376","targetHints":{"allow":["GET"]}}],"collection":[{"href":"https:\/\/sifaistanbul.com\/index.php?rest_route=\/wp\/v2\/product"}],"about":[{"href":"https:\/\/sifaistanbul.com\/index.php?rest_route=\/wp\/v2\/types\/product"}],"replies":[{"embeddable":true,"href":"https:\/\/sifaistanbul.com\/index.php?rest_route=%2Fwp%2Fv2%2Fcomments&post=6376"}],"wp:featuredmedia":[{"embeddable":true,"href":"https:\/\/sifaistanbul.com\/index.php?rest_route=\/wp\/v2\/media\/5932"}],"wp:attachment":[{"href":"https:\/\/sifaistanbul.com\/index.php?rest_route=%2Fwp%2Fv2%2Fmedia&parent=6376"}],"wp:term":[{"taxonomy":"product_brand","embeddable":true,"href":"https:\/\/sifaistanbul.com\/index.php?rest_route=%2Fwp%2Fv2%2Fproduct_brand&post=6376"},{"taxonomy":"product_cat","embeddable":true,"href":"https:\/\/sifaistanbul.com\/index.php?rest_route=%2Fwp%2Fv2%2Fproduct_cat&post=6376"},{"taxonomy":"product_tag","embeddable":true,"href":"https:\/\/sifaistanbul.com\/index.php?rest_route=%2Fwp%2Fv2%2Fproduct_tag&post=6376"}],"curies":[{"name":"wp","href":"https:\/\/api.w.org\/{rel}","templated":true}]}}