{"id":6383,"date":"2022-07-15T18:52:32","date_gmt":"2022-07-15T15:52:32","guid":{"rendered":"http:\/\/devaistanbul.com\/?post_type=product&#038;p=6383"},"modified":"2026-04-11T13:18:24","modified_gmt":"2026-04-11T10:18:24","slug":"atopdik-krem","status":"publish","type":"product","link":"https:\/\/sifaistanbul.com\/?product=atopdik-krem","title":{"rendered":"<center>ATOPD\u0130K KREM<center>(Topuk dikeni )"},"content":{"rendered":"<p>Topuk dikeni, topuk kemi\u011fi ile taban \u00e7ukuru aras\u0131nda olu\u015fan kemik benzeri kalsiyum birikintisidir. S\u0131kl\u0131kla topu\u011fun \u00f6n\u00fcnde ba\u015flar ve daha sonra aya\u011f\u0131n di\u011fer k\u0131s\u0131mlar\u0131n\u0131 etkiler. S\u0131kl\u0131kla kas ve ba\u011f dokusunda g\u00f6r\u00fclen uzun s\u00fcreli gerginli\u011fin sonucudur. Topu\u011fun \u00f6n k\u0131sm\u0131nda a\u011fr\u0131, \u015fi\u015flik, \u0131s\u0131 art\u0131\u015f\u0131 gibi iltihap belirtileri g\u00f6r\u00fcl\u00fcr.<\/p>\n<p>Atopdik Krem, topuk dikeninde a\u011fr\u0131l\u0131 b\u00f6lgeye s\u00fcr\u00fcld\u00fc\u011f\u00fcnde k\u0131sa zamanda kas ve ba\u011f dokusu aras\u0131ndaki gerginli\u011fi ve dolay\u0131s\u0131yle a\u011fr\u0131y\u0131 azalt\u0131r. Uzun s\u00fcreli kullan\u0131ma uygundur. ATOPD\u0130K adl\u0131 \u00e7ay formundaki \u00fcr\u00fcn\u00fcm\u00fczle birlikte kullan\u0131ld\u0131\u011f\u0131nda daha \u00e7abuk sonu\u00e7 al\u0131n\u0131r.<\/p>\n<p>&nbsp;<\/p>\n","protected":false},"excerpt":{"rendered":"<p><strong>\u0130\u00e7indekiler:<\/strong> Ayn\u0131sefa, Kudret Nar\u0131, Susam, M\u0131s\u0131r, G\u00fcl Ya\u011f\u0131. Net 100 ml.<\/p>\n<p><strong>Kullan\u0131m:<\/strong> Haricen kullan\u0131l\u0131r. G\u00fcnde iki ya da \u00fc\u00e7 kere cilde yedirilerek s\u00fcr\u00fcl\u00fcr. T\u00fcm cilt tiplerine uygundur.<\/p>\n<p><strong>Saklama ko\u015fullar\u0131 ve uyar\u0131lar:<\/strong> G\u00f6ze temas ettirmeyiniz. \u00c7ocuklar\u0131n ula\u015famayaca\u011f\u0131 yerde saklay\u0131n\u0131z. Oda s\u0131cakl\u0131\u011f\u0131nda muhafaza ediniz. \u015e\u0130FAV\u0130<\/p>\n<p><strong>S\u0130PAR\u0130\u015e\u0130N\u0130ZLE \u0130LG\u0130L\u0130 HER T\u00dcRL\u00dc SORULARINIZ \u0130\u00c7\u0130N;<\/strong><\/p>\n<p class=\"western\"><strong>M\u00dc\u015eTER\u0130 TEMS\u0130LC\u0130L\u0130\u011e\u0130\u00a0 0216 418 34 34<br \/>\n<\/strong><\/p>\n<p>&nbsp;<\/p>\n","protected":false},"featured_media":5285,"comment_status":"open","ping_status":"closed","template":"","meta":[],"product_brand":[],"product_cat":[273,145],"product_tag":[],"class_list":{"0":"post-6383","1":"product","2":"type-product","3":"status-publish","4":"has-post-thumbnail","6":"product_cat-topuk-dikeni","7":"product_cat-genel","9":"first","10":"instock","11":"sale","12":"downloadable","13":"virtual","14":"purchasable","15":"product-type-simple"},"_links":{"self":[{"href":"https:\/\/sifaistanbul.com\/index.php?rest_route=\/wp\/v2\/product\/6383","targetHints":{"allow":["GET"]}}],"collection":[{"href":"https:\/\/sifaistanbul.com\/index.php?rest_route=\/wp\/v2\/product"}],"about":[{"href":"https:\/\/sifaistanbul.com\/index.php?rest_route=\/wp\/v2\/types\/product"}],"replies":[{"embeddable":true,"href":"https:\/\/sifaistanbul.com\/index.php?rest_route=%2Fwp%2Fv2%2Fcomments&post=6383"}],"wp:featuredmedia":[{"embeddable":true,"href":"https:\/\/sifaistanbul.com\/index.php?rest_route=\/wp\/v2\/media\/5285"}],"wp:attachment":[{"href":"https:\/\/sifaistanbul.com\/index.php?rest_route=%2Fwp%2Fv2%2Fmedia&parent=6383"}],"wp:term":[{"taxonomy":"product_brand","embeddable":true,"href":"https:\/\/sifaistanbul.com\/index.php?rest_route=%2Fwp%2Fv2%2Fproduct_brand&post=6383"},{"taxonomy":"product_cat","embeddable":true,"href":"https:\/\/sifaistanbul.com\/index.php?rest_route=%2Fwp%2Fv2%2Fproduct_cat&post=6383"},{"taxonomy":"product_tag","embeddable":true,"href":"https:\/\/sifaistanbul.com\/index.php?rest_route=%2Fwp%2Fv2%2Fproduct_tag&post=6383"}],"curies":[{"name":"wp","href":"https:\/\/api.w.org\/{rel}","templated":true}]}}