{"id":6921,"date":"2022-09-19T17:08:09","date_gmt":"2022-09-19T14:08:09","guid":{"rendered":"http:\/\/devaistanbul.com\/?post_type=product&#038;p=6921"},"modified":"2026-04-11T15:04:37","modified_gmt":"2026-04-11T12:04:37","slug":"kandar-krem","status":"publish","type":"product","link":"https:\/\/sifaistanbul.com\/?product=kandar-krem","title":{"rendered":"<center>KANDAR KREM<center>(Kanal darl\u0131\u011f\u0131)"},"content":{"rendered":"<p>Kanal darl\u0131\u011f\u0131, sinirlerin ve omurili\u011fin i\u00e7inden ge\u00e7ti\u011fi kemik kanallar\u0131n\u0131n daralmas\u0131d\u0131r. Omurgalar\u0131n i\u00e7erisinde omurili\u011fin ge\u00e7ti\u011fi kanal\u0131n \u00e7ap\u0131 bel , s\u0131rt, boyun b\u00f6lgesinde farkl\u0131l\u0131k g\u00f6sterir. Bu kanal\u0131n \u00e7ap\u0131 %25 daralm\u0131\u015fsa hafif, %25-50 daralm\u0131\u015fsa orta, % 50 \u00fczeri daralm\u0131\u015fsa \u015fiddetli kanal darl\u0131\u011f\u0131ndan s\u00f6z edilir. Kanal darl\u0131\u011f\u0131; ya\u015fla birlikte ba\u011flar\u0131n kal\u0131nla\u015fmas\u0131, kire\u00e7lenmelere ba\u011fl\u0131 kemik \u00e7\u0131k\u0131nt\u0131lar, f\u0131t\u0131k, omurga k\u0131r\u0131klar\u0131, kemik erimesine ba\u011fl\u0131 omurgalar\u0131n \u00e7\u00f6kmesi ve ameliyat sonras\u0131 geli\u015fen komplikasyonlara ba\u011fl\u0131 g\u00f6r\u00fclebilir. En \u00e7ok bel b\u00f6lgesindeki omurlarda ve boyun omurlar\u0131nda g\u00f6r\u00fclen kanal darl\u0131\u011f\u0131; bacaklarda, s\u0131rtta, boyun veya kollarda a\u011fr\u0131, kramp, uyu\u015fukluk veya g\u00fc\u00e7s\u00fczl\u00fc\u011fe neden olur.<\/p>\n<p>\u00dcr\u00fcn\u00fcm\u00fcz, kanal darl\u0131\u011f\u0131 rahats\u0131zl\u0131klar\u0131n\u0131 gidermek \u00fczere \u00fcretilmi\u015ftir. K\u0131sa s\u00fcrede rahats\u0131zl\u0131klar\u0131n azalmas\u0131na, iki ay ve daha uzun s\u00fcreli kullan\u0131mda tam olarak iyile\u015fmesine yard\u0131mc\u0131 olur. Yan\u0131nda AFLEC adl\u0131 \u00fcr\u00fcn\u00fcm\u00fcz de kullan\u0131l\u0131rsa daha \u00e7abuk sonu\u00e7 almak m\u00fcmk\u00fcn olur.<\/p>\n<p>&nbsp;<\/p>\n","protected":false},"excerpt":{"rendered":"<p><strong>\u0130\u00e7indekiler:<\/strong> Keten Tohumu, Pelin, Bakla, Mine \u00c7i\u00e7e\u011fi,\u00a0 Jojoba Ya\u011f\u0131. Net 100 ml.<\/p>\n<p><strong>Kullan\u0131m:<\/strong> Haricen kullan\u0131l\u0131r. G\u00fcnde bir ya da iki kere sorunlu b\u00f6lgeye s\u00fcr\u00fcl\u00fcr. M\u00fcmk\u00fcnse \u00fczeri stre\u00e7 film ile sar\u0131l\u0131r. En az bir-iki saat bu \u015fekilde kalmas\u0131 sa\u011flan\u0131r. T\u00fcm cilt tiplerine uygundur.<\/p>\n<p><strong>Saklama ko\u015fullar\u0131 ve uyar\u0131lar:<\/strong> G\u00f6ze temas ettirmeyiniz. \u00c7ocuklar\u0131n ula\u015famayaca\u011f\u0131 yerde saklay\u0131n\u0131z. Oda s\u0131cakl\u0131\u011f\u0131nda muhafaza ediniz. \u015e\u0130FAV\u0130<\/p>\n<p><strong>S\u0130PAR\u0130\u015e\u0130N\u0130ZLE \u0130LG\u0130L\u0130 HER T\u00dcRL\u00dc SORULARINIZ \u0130\u00c7\u0130N;<\/strong><\/p>\n<p class=\"western\"><strong>M\u00dc\u015eTER\u0130 TEMS\u0130LC\u0130L\u0130\u011e\u0130\u00a0 0216 418 34 34<br \/>\n<\/strong><\/p>\n","protected":false},"featured_media":6049,"comment_status":"open","ping_status":"closed","template":"","meta":[],"product_brand":[],"product_cat":[199,145],"product_tag":[],"class_list":{"0":"post-6921","1":"product","2":"type-product","3":"status-publish","4":"has-post-thumbnail","6":"product_cat-kndrl","7":"product_cat-genel","9":"first","10":"instock","11":"sale","12":"downloadable","13":"virtual","14":"purchasable","15":"product-type-simple"},"_links":{"self":[{"href":"https:\/\/sifaistanbul.com\/index.php?rest_route=\/wp\/v2\/product\/6921","targetHints":{"allow":["GET"]}}],"collection":[{"href":"https:\/\/sifaistanbul.com\/index.php?rest_route=\/wp\/v2\/product"}],"about":[{"href":"https:\/\/sifaistanbul.com\/index.php?rest_route=\/wp\/v2\/types\/product"}],"replies":[{"embeddable":true,"href":"https:\/\/sifaistanbul.com\/index.php?rest_route=%2Fwp%2Fv2%2Fcomments&post=6921"}],"wp:featuredmedia":[{"embeddable":true,"href":"https:\/\/sifaistanbul.com\/index.php?rest_route=\/wp\/v2\/media\/6049"}],"wp:attachment":[{"href":"https:\/\/sifaistanbul.com\/index.php?rest_route=%2Fwp%2Fv2%2Fmedia&parent=6921"}],"wp:term":[{"taxonomy":"product_brand","embeddable":true,"href":"https:\/\/sifaistanbul.com\/index.php?rest_route=%2Fwp%2Fv2%2Fproduct_brand&post=6921"},{"taxonomy":"product_cat","embeddable":true,"href":"https:\/\/sifaistanbul.com\/index.php?rest_route=%2Fwp%2Fv2%2Fproduct_cat&post=6921"},{"taxonomy":"product_tag","embeddable":true,"href":"https:\/\/sifaistanbul.com\/index.php?rest_route=%2Fwp%2Fv2%2Fproduct_tag&post=6921"}],"curies":[{"name":"wp","href":"https:\/\/api.w.org\/{rel}","templated":true}]}}