{"id":6922,"date":"2022-07-15T10:55:53","date_gmt":"2022-07-15T07:55:53","guid":{"rendered":"http:\/\/devaistanbul.com\/?post_type=product&#038;p=6922"},"modified":"2026-04-10T14:51:37","modified_gmt":"2026-04-10T11:51:37","slug":"aglok","status":"publish","type":"product","link":"https:\/\/sifaistanbul.com\/?product=aglok","title":{"rendered":"<center>AGLOK<center>(Kar\u0131\u015f\u0131k bitki \u00e7ay\u0131)<center><center>"},"content":{"rendered":"<p>G\u00f6z tansiyonu, di\u011fer ad\u0131yla glokom, g\u00f6z i\u00e7i bas\u0131nc\u0131n\u0131n artmas\u0131 sonras\u0131nda g\u00f6z\u00fcn optik sinirinin hasar g\u00f6rmesine ve ki\u015finin g\u00f6rme yetene\u011fini kaybetmesine neden olabilen olduk\u00e7a ciddi bir g\u00f6z hastal\u0131\u011f\u0131d\u0131r.\u00a0 Drenaj kanal\u0131ndan d\u0131\u015far\u0131 akmas\u0131 gereken g\u00f6z s\u0131v\u0131s\u0131n\u0131n g\u00f6z\u00fcn \u00f6n kameras\u0131nda birikmesi g\u00f6z i\u00e7i bas\u0131nc\u0131n\u0131 y\u00fckseltir. G\u00f6z i\u00e7i bas\u0131nc\u0131n\u0131n y\u00fckselmesi ile hasar g\u00f6ren optik sinir liflerinin zamanla \u00f6lmesi sonras\u0131nda ki\u015fi k\u00f6r kalabilir.<\/p>\n<p>Glokom zaman zaman bulan\u0131k g\u00f6rme, ba\u015f a\u011fr\u0131s\u0131, \u0131\u015f\u0131klar\u0131n etraf\u0131nda \u0131\u015f\u0131kl\u0131 halka g\u00f6rme, televizyon izlerken g\u00f6z a\u011fr\u0131s\u0131 ve nihayet belirgin g\u00f6rme kayb\u0131 \u015feklinde ortaya \u00e7\u0131kar.<\/p>\n<p>\u00dcr\u00fcn\u00fcm\u00fcz, g\u00f6z tansiyonu (Glokom) rahats\u0131zl\u0131\u011f\u0131n\u0131 gidermek \u00fczere \u00fcretilmi\u015ftir. \u00dcr\u00fcn k\u0131sa s\u00fcreli\u00a0 kullan\u0131mda g\u00f6z i\u00e7i bas\u0131nc\u0131 d\u00fc\u015f\u00fcr\u00fcr, uzun s\u00fcreli kullan\u0131mda ise\u00a0 tam olarak iyile\u015fmeye yard\u0131mc\u0131 olur. Uzun s\u00fcreli kullan\u0131ma uygun olup, g\u0131da mahiyetinde bir \u00fcr\u00fcnd\u00fcr.<\/p>\n<p class=\"western\">\n","protected":false},"excerpt":{"rendered":"<p><strong>\u0130\u00e7indekiler:<\/strong> Is\u0131rgan, Fesle\u011fen, Papatya, Havu\u00e7, P\u0131rasa. Net 90 gr. \u00b1 2 gr.<\/p>\n<p><strong>Kullan\u0131m:<\/strong> Bir su barda\u011f\u0131 kaynar suya bir tatl\u0131 ka\u015f\u0131\u011f\u0131 kar\u0131\u015f\u0131m \u00e7ay ekleyip 20 dk. demlendikten sonra s\u00fcz\u00fcp i\u00e7iniz. Midesinde rahats\u0131zl\u0131k olmayanlar\u0131n sabah, ak\u015fam yemeklerden 30 dk. \u00f6nce; midesinde rahats\u0131zl\u0131k olanlar\u0131n ise, yemeklerden 2 saat sonra i\u00e7meleri tavsiye edilir. \u0130ste\u011fe g\u00f6re \u00a0bal, pekmez, \u015feker ile tatland\u0131r\u0131labilir.<\/p>\n<p>\u00dcr\u00fcn kullan\u0131l\u0131rken g\u00fcn i\u00e7erisinde ayr\u0131ca havu\u00e7 ve p\u0131rasa yenilirse, daha \u00e7abuk sonu\u00e7 almak m\u00fcmk\u00fcn olur.<\/p>\n<p><strong>Saklama ko\u015fullar\u0131 ve uyar\u0131lar:<\/strong> Hamile ve emziren bayanlar\u0131n kullanmas\u0131 tavsiye edilmez. Tavsiye edilen g\u00fcnl\u00fck dozu a\u015fmay\u0131n\u0131z. \u00c7ocuklar\u0131n ula\u015famayaca\u011f\u0131 yerde saklay\u0131n\u0131z. Serin ve kuru yerde muhafaza ediniz. Emniyet band\u0131 y\u0131rt\u0131lm\u0131\u015f \u00fcr\u00fcnleri sat\u0131n almay\u0131n\u0131z. \u015e\u0130FAV\u0130<\/p>\n<p><strong>S\u0130PAR\u0130\u015e\u0130N\u0130ZLE \u0130LG\u0130L\u0130 HER T\u00dcRL\u00dc SORULARINIZ \u0130\u00c7\u0130N;<\/strong><\/p>\n<p class=\"western\"><strong>M\u00dc\u015eTER\u0130 TEMS\u0130LC\u0130L\u0130\u011e\u0130\u00a0 0216 418 34 34<br \/>\n<\/strong><\/p>\n","protected":false},"featured_media":5852,"comment_status":"open","ping_status":"closed","template":"","meta":[],"product_brand":[],"product_cat":[145],"product_tag":[],"class_list":{"0":"post-6922","1":"product","2":"type-product","3":"status-publish","4":"has-post-thumbnail","6":"product_cat-genel","8":"first","9":"instock","10":"sale","11":"downloadable","12":"virtual","13":"purchasable","14":"product-type-simple"},"_links":{"self":[{"href":"https:\/\/sifaistanbul.com\/index.php?rest_route=\/wp\/v2\/product\/6922","targetHints":{"allow":["GET"]}}],"collection":[{"href":"https:\/\/sifaistanbul.com\/index.php?rest_route=\/wp\/v2\/product"}],"about":[{"href":"https:\/\/sifaistanbul.com\/index.php?rest_route=\/wp\/v2\/types\/product"}],"replies":[{"embeddable":true,"href":"https:\/\/sifaistanbul.com\/index.php?rest_route=%2Fwp%2Fv2%2Fcomments&post=6922"}],"wp:featuredmedia":[{"embeddable":true,"href":"https:\/\/sifaistanbul.com\/index.php?rest_route=\/wp\/v2\/media\/5852"}],"wp:attachment":[{"href":"https:\/\/sifaistanbul.com\/index.php?rest_route=%2Fwp%2Fv2%2Fmedia&parent=6922"}],"wp:term":[{"taxonomy":"product_brand","embeddable":true,"href":"https:\/\/sifaistanbul.com\/index.php?rest_route=%2Fwp%2Fv2%2Fproduct_brand&post=6922"},{"taxonomy":"product_cat","embeddable":true,"href":"https:\/\/sifaistanbul.com\/index.php?rest_route=%2Fwp%2Fv2%2Fproduct_cat&post=6922"},{"taxonomy":"product_tag","embeddable":true,"href":"https:\/\/sifaistanbul.com\/index.php?rest_route=%2Fwp%2Fv2%2Fproduct_tag&post=6922"}],"curies":[{"name":"wp","href":"https:\/\/api.w.org\/{rel}","templated":true}]}}