{"id":7290,"date":"2023-06-21T18:57:10","date_gmt":"2023-06-21T15:57:10","guid":{"rendered":"https:\/\/devaistanbul.com\/?post_type=product&#038;p=7290"},"modified":"2026-04-11T15:05:49","modified_gmt":"2026-04-11T12:05:49","slug":"aduyz-uyuz-sagaltim-kremi","status":"publish","type":"product","link":"https:\/\/sifaistanbul.com\/?product=aduyz-uyuz-sagaltim-kremi","title":{"rendered":"<center><strong>ADUYZ<\/strong><\/center> (Uyuz sa\u011falt\u0131m kremi)"},"content":{"rendered":"<p>Uyuz; halk aras\u0131nda uyuz b\u00f6ce\u011fi ad\u0131 verilen akar\u0131n (b\u00f6cek) sebep oldu\u011fu, t\u00fcm d\u00fcnyada yayg\u0131n olarak g\u00f6r\u00fclen ve \u00f6zellikle sonbahar ve k\u0131\u015f aylar\u0131nda art\u0131\u015f g\u00f6steren son derece bula\u015f\u0131c\u0131 bir cilt hastal\u0131\u011f\u0131d\u0131r. G\u00f6zle g\u00f6r\u00fclemeyen ancak mikroskopla se\u00e7ilebilen uyuz b\u00f6cekleri insan derisini istila ederek hastal\u0131\u011fa yol a\u00e7arlar. Uyuz b\u00f6ce\u011fi deride t\u00fcneller a\u00e7arak bu t\u00fcnellerin i\u00e7inde ya\u015far. Uyuz, akar\u0131n ciltte t\u00fcneller a\u00e7arak ilerlemesine ba\u011fl\u0131 olarak ka\u015f\u0131nt\u0131ya neden olur. Geceleri daha yo\u011fun bir \u015fekilde ka\u015f\u0131nt\u0131ya neden olan hastal\u0131k, tedavi edilmedi\u011finde d\u00f6k\u00fcnt\u00fc ve yara olu\u015fumunu beraberinde getirir. Uyuz, ki\u015fisel hijyenden ba\u011f\u0131ms\u0131z olarak herkeste g\u00f6r\u00fclebilir. Bak\u0131m evi ve askeri k\u0131\u015fla gibi toplu ya\u015fam alanlar\u0131nda \u00e7ok daha kolay yay\u0131lan uyuz hastal\u0131\u011f\u0131, kedi ve k\u00f6pek gibi evcil hayvanlardan ziyade insandan insana bula\u015f\u0131r. Evcil hayvanlardaki akarlar insanlara ge\u00e7se bile insan cildinin i\u00e7ine giremez ve cilt y\u00fczeyinde uzun s\u00fcre ya\u015fayamaz. Dolay\u0131s\u0131yla var olan tahri\u015f de k\u0131sa s\u00fcre i\u00e7inde kendili\u011finden ge\u00e7ebilir. Ancak insandan insana ge\u00e7en uyuz hastal\u0131\u011f\u0131 mutlaka tedavi edilmelidir.<\/p>\n<p>Uyuz genellikle hasta olan biriyle do\u011frudan ve uzun s\u00fcreli yak\u0131n temas ile bula\u015f\u0131r. Ki\u015fiden ki\u015fiye genellikle 15-20 dakikal\u0131k bir s\u00fcrede bile yak\u0131n temasla (ayn\u0131 yatakta yatma, ele ele tutu\u015fma gibi) bula\u015fabilir. Yatak tak\u0131m\u0131, giysi ve havlu gibi ki\u015fisel e\u015fyalar\u0131n ortak kullan\u0131m\u0131 uyuzun bula\u015fmas\u0131n\u0131 ve yay\u0131lmas\u0131n\u0131 kolayla\u015ft\u0131r\u0131r. \u0130lk defa uyuza yakalanan bir ki\u015fide belirtilerin ba\u015flamas\u0131 2-6 hafta kadar s\u00fcrebilir. Ancak daha \u00f6nce uyuza yakalanan bir ki\u015fide, belirtiler genellikle maruz kald\u0131ktan 1-4 g\u00fcn i\u00e7inde ortaya \u00e7\u0131kar. Hastal\u0131k belirtilerinin ba\u015flamad\u0131\u011f\u0131 bu d\u00f6nemlerde bile ki\u015fi uyuzu ba\u015fkalar\u0131na bula\u015ft\u0131rabilir.<\/p>\n<p>Uyuzun en \u00f6nemli belirtisi \u015fiddetli gece ka\u015f\u0131nt\u0131s\u0131d\u0131r. Ka\u015f\u0131nt\u0131, ki\u015finin yata\u011fa girip \u0131s\u0131nmas\u0131 ile artar ve ki\u015fiyi uykudan uyand\u0131rabilecek \u015fiddette iken g\u00fcnd\u00fczleri daha hafiftir. Ka\u015f\u0131nt\u0131 genellikle el parmak aralar\u0131, el bile\u011finin i\u00e7 y\u00fcz\u00fc, bilekler, koltuk altlar\u0131, dirsekler ve kas\u0131klarda g\u00f6r\u00fclmekle birlikte t\u00fcm v\u00fccutta g\u00f6r\u00fclebilmektedir. Hastal\u0131\u011f\u0131n en belirgin bulgusu parmaklar aras\u0131nda dalgal\u0131 kirli bir \u00e7izgi halinde g\u00f6r\u00fclen, uyuz b\u00f6ce\u011finin i\u00e7inde ya\u015fad\u0131\u011f\u0131, gri beyaz renkli, 1-10 mm uzunlu\u011fundaki t\u00fcnellerdir. Ki\u015filerde \u00f6zellikle geceleri artan \u015fiddetli ka\u015f\u0131nt\u0131 ve deride g\u00f6r\u00fclen i\u00e7i su dolu keseciklerin g\u00f6r\u00fclmesi uyuz \u015f\u00fcphesini artt\u0131r\u0131r. Tedavi bittikte sonra \u00f6len b\u00f6ceklere ve b\u00f6cek art\u0131klar\u0131na kar\u015f\u0131 alerji nedeniyle ka\u015f\u0131nt\u0131 2-4 hafta daha devam edebilir.<\/p>\n<p>Aduyz, uyuz rahats\u0131zl\u0131\u011f\u0131nda etkili, y\u00fcz ve v\u00fccut bak\u0131m kremidir. Ciltte olu\u015fan uyuz rahats\u0131zl\u0131klar\u0131n\u0131\u00a0 gidermede k\u0131sa s\u00fcrede etkisini g\u00f6sterir, cildin yenilenmesini sa\u011flar. Cildi yumu\u015fat\u0131r ve besler. Uzun s\u00fcreli kullan\u0131ma uygundur.<\/p>\n","protected":false},"excerpt":{"rendered":"<p><strong>\u0130\u00e7indekiler:<\/strong> Defne, Kekik, Lavanta, Tar\u00e7\u0131n, Ard\u0131\u00e7 Katran\u0131, Okalipt\u00fcs, \u00c7ay A\u011fac\u0131 Ya\u011f\u0131. Net 100 ml.<\/p>\n<p><strong>Kullan\u0131m:<\/strong> Haricen kullan\u0131l\u0131r. G\u00fcnde iki ya da \u00fc\u00e7 kere cilde yedirilerek s\u00fcr\u00fcl\u00fcr. T\u00fcm cilt tiplerine uygundur.<\/p>\n<p><strong>Saklama ko\u015fullar\u0131 ve uyar\u0131lar:<\/strong> G\u00f6ze temas ettirmeyiniz. \u00c7ocuklar\u0131n ula\u015famayaca\u011f\u0131 yerde saklay\u0131n\u0131z. Oda s\u0131cakl\u0131\u011f\u0131nda muhafaza ediniz. \u015e\u0130FAV\u0130<\/p>\n<p><strong>S\u0130PAR\u0130\u015e\u0130N\u0130ZLE \u0130LG\u0130L\u0130 HER T\u00dcRL\u00dc SORULARINIZ \u0130\u00c7\u0130N;<\/strong><\/p>\n<p class=\"western\"><strong>M\u00dc\u015eTER\u0130 TEMS\u0130LC\u0130L\u0130\u011e\u0130\u00a0 0216 418 34 34<br \/>\n<\/strong><\/p>\n<p>&nbsp;<\/p>\n","protected":false},"featured_media":8259,"comment_status":"open","ping_status":"closed","template":"","meta":[],"product_brand":[],"product_cat":[145,431],"product_tag":[],"class_list":{"0":"post-7290","1":"product","2":"type-product","3":"status-publish","4":"has-post-thumbnail","6":"product_cat-genel","7":"product_cat-uyuz","9":"first","10":"instock","11":"sale","12":"downloadable","13":"virtual","14":"purchasable","15":"product-type-simple"},"_links":{"self":[{"href":"https:\/\/sifaistanbul.com\/index.php?rest_route=\/wp\/v2\/product\/7290","targetHints":{"allow":["GET"]}}],"collection":[{"href":"https:\/\/sifaistanbul.com\/index.php?rest_route=\/wp\/v2\/product"}],"about":[{"href":"https:\/\/sifaistanbul.com\/index.php?rest_route=\/wp\/v2\/types\/product"}],"replies":[{"embeddable":true,"href":"https:\/\/sifaistanbul.com\/index.php?rest_route=%2Fwp%2Fv2%2Fcomments&post=7290"}],"wp:featuredmedia":[{"embeddable":true,"href":"https:\/\/sifaistanbul.com\/index.php?rest_route=\/wp\/v2\/media\/8259"}],"wp:attachment":[{"href":"https:\/\/sifaistanbul.com\/index.php?rest_route=%2Fwp%2Fv2%2Fmedia&parent=7290"}],"wp:term":[{"taxonomy":"product_brand","embeddable":true,"href":"https:\/\/sifaistanbul.com\/index.php?rest_route=%2Fwp%2Fv2%2Fproduct_brand&post=7290"},{"taxonomy":"product_cat","embeddable":true,"href":"https:\/\/sifaistanbul.com\/index.php?rest_route=%2Fwp%2Fv2%2Fproduct_cat&post=7290"},{"taxonomy":"product_tag","embeddable":true,"href":"https:\/\/sifaistanbul.com\/index.php?rest_route=%2Fwp%2Fv2%2Fproduct_tag&post=7290"}],"curies":[{"name":"wp","href":"https:\/\/api.w.org\/{rel}","templated":true}]}}