{"id":7573,"date":"2021-03-15T10:24:14","date_gmt":"2021-03-15T07:24:14","guid":{"rendered":"https:\/\/devaistanbul.com\/?post_type=product&#038;p=7573"},"modified":"2026-04-06T18:11:01","modified_gmt":"2026-04-06T15:11:01","slug":"a-alkkarisik-bitki-cayialkol-birakma","status":"publish","type":"product","link":"https:\/\/sifaistanbul.com\/?product=a-alkkarisik-bitki-cayialkol-birakma","title":{"rendered":"<center>A.ALK<center>(Kar\u0131\u015f\u0131k bitki \u00e7ay\u0131)<center><center>"},"content":{"rendered":"<p>Alkol ba\u011f\u0131ml\u0131l\u0131\u011f\u0131; bireyin alkol\u00fc temel bir gereksinim olarak g\u00f6rmesi, ihtiya\u00e7 duymas\u0131 ve alkol i\u00e7erek t\u00fcm sorunlar\u0131n\u0131n \u00e7\u00f6z\u00fclece\u011fine inanmas\u0131 halidir.<\/p>\n<p>Alkol ba\u011f\u0131ml\u0131l\u0131\u011f\u0131 s\u0131kl\u0131kla farkl\u0131 psikolojik veya bedensel sorunlarla birlikte g\u00f6r\u00fcl\u00fcr. Alkol ba\u011f\u0131ml\u0131s\u0131 ki\u015filerde farkl\u0131 maddelere ba\u011f\u0131ml\u0131l\u0131k riski, duygu durum bozukluklar\u0131, depresyon, kayg\u0131 sorunlar\u0131 \u015fizofreni, ki\u015filik bozukluklar\u0131 gibi ruhsal problemlerin yan\u0131s\u0131ra ayn\u0131 zamanda bedensel olarak da karaci\u011ferde b\u00fcy\u00fcme, ya\u011flanma, sar\u0131l\u0131k, kanser ve siroz, y\u00fcksek tansiyon, kalpte b\u00fcy\u00fcme ve ani kriz, damar t\u0131kan\u0131kl\u0131klar\u0131 g\u00f6r\u00fclebilir.<\/p>\n<p>Fazla alkol kullan\u0131m\u0131 beyin i\u015flevlerinde bozulmalara neden olmaktad\u0131r ve buna ba\u011fl\u0131 olarak dengede bozulma, beceri isteyen u\u011fra\u015flar\u0131 ger\u00e7ekle\u015ftirmede zorlanma, alkole ba\u011fl\u0131 bunama, haf\u0131zada bozulma gibi s\u00fcre\u00e7ler de \u00e7ok s\u0131k g\u00f6r\u00fclebilmektedir. Sinir sistemine de zarar vererek, ellerde titreme ve bacaklarda kar\u0131ncalanma, uyu\u015fma hissine neden olabilir.<\/p>\n<p>Alkol, testosteron (erkeklik) hormonunu azalt\u0131rken, \u00f6strojen (kad\u0131nl\u0131k) hormonunu y\u00fckseltmektedir. V\u00fccutta vitamin dengesini bozmakta, susuzlu\u011fa yol a\u00e7makta ve ya\u011f depolanmas\u0131n\u0131 artt\u0131rd\u0131\u011f\u0131 i\u00e7in kilo problemine ve ayr\u0131ca kaslarda zay\u0131fl\u0131\u011fa neden olabilmektedir.<\/p>\n<p>\u00dcr\u00fcn\u00fcm\u00fcz, alkol\u00fcn b\u0131rak\u0131lmas\u0131n\u0131 sa\u011flamak \u00fczere \u00fcretilmi\u015ftir. K\u0131sa s\u00fcrede etkisini g\u00f6sterir. Alkole kar\u015f\u0131 i\u011frenme, tiksinme hissi olu\u015fmas\u0131na, beyindeki ba\u011f\u0131ml\u0131l\u0131k yapan izin yok edilmesine, karaci\u011ferin temizlenmesine ve ortalama iki-\u00fc\u00e7 ay gibi bir s\u00fcrede alkol\u00fcn b\u0131rak\u0131lmas\u0131na yard\u0131mc\u0131 olur.<\/p>\n<p>&nbsp;<\/p>\n<p>&nbsp;<\/p>\n","protected":false},"excerpt":{"rendered":"<p><strong>\u0130\u00e7indekiler:<\/strong> Melekotu, \u00c7uha \u00c7i\u00e7e\u011fi, Deve Dikeni Tohumu, Meyan K\u00f6k\u00fc, Karaba\u015f Otu, Kantaron. Net 90 gr. \u00b1 2 gr.<\/p>\n<p><strong>Kullan\u0131m:<\/strong> Midesinde rahats\u0131zl\u0131k olmayanlar\u0131n sabah, ak\u015fam yemeklerden 30 dk. \u00f6nce; midesinde rahats\u0131zl\u0131k olanlar\u0131n ise, yemeklerden 2 saat sonra i\u00e7meleri tavsiye edilir. Bir su barda\u011f\u0131 kaynar suya bir tatl\u0131 ka\u015f\u0131\u011f\u0131 kar\u0131\u015f\u0131m \u00e7ay ekleyip 20 dk. demlendikten sonra s\u00fcz\u00fcp i\u00e7iniz. \u0130ste\u011fe g\u00f6re \u00a0bal, pekmez, \u015feker \u00a0ile tatland\u0131r\u0131labilir.<\/p>\n<p>\u00dcr\u00fcn kullan\u0131l\u0131rken, g\u00fcn i\u00e7erisinde ayr\u0131ca m\u0131s\u0131r t\u00fcketilirse daha \u00e7abuk sonu\u00e7 almak m\u00fcmk\u00fcn olur.<\/p>\n<p><strong>Saklama ko\u015fullar\u0131 ve uyar\u0131lar:<\/strong> Hamile ve emziren bayanlar\u0131n kullanmas\u0131 tavsiye edilmez. Tavsiye edilen g\u00fcnl\u00fck dozu a\u015fmay\u0131n\u0131z. \u00c7ocuklar\u0131n ula\u015famayaca\u011f\u0131 yerde saklay\u0131n\u0131z. Serin ve kuru yerde muhafaza ediniz. Emniyet band\u0131 \u00a0y\u0131rt\u0131lm\u0131\u015f \u00fcr\u00fcnleri sat\u0131n almay\u0131n\u0131z. \u015e\u0130FAV\u0130<\/p>\n<p><strong>S\u0130PAR\u0130\u015e\u0130N\u0130ZLE \u0130LG\u0130L\u0130 HER T\u00dcRL\u00dc SORULARINIZ \u0130\u00c7\u0130N;<\/strong><\/p>\n<p class=\"western\"><strong>M\u00dc\u015eTER\u0130 TEMS\u0130LC\u0130L\u0130\u011e\u0130\u00a0 0216 418 34 34<br \/>\n<\/strong><\/p>\n","protected":false},"featured_media":7574,"comment_status":"open","ping_status":"closed","template":"","meta":[],"product_brand":[],"product_cat":[145],"product_tag":[],"class_list":{"0":"post-7573","1":"product","2":"type-product","3":"status-publish","4":"has-post-thumbnail","6":"product_cat-genel","8":"first","9":"instock","10":"sale","11":"downloadable","12":"virtual","13":"purchasable","14":"product-type-simple"},"_links":{"self":[{"href":"https:\/\/sifaistanbul.com\/index.php?rest_route=\/wp\/v2\/product\/7573","targetHints":{"allow":["GET"]}}],"collection":[{"href":"https:\/\/sifaistanbul.com\/index.php?rest_route=\/wp\/v2\/product"}],"about":[{"href":"https:\/\/sifaistanbul.com\/index.php?rest_route=\/wp\/v2\/types\/product"}],"replies":[{"embeddable":true,"href":"https:\/\/sifaistanbul.com\/index.php?rest_route=%2Fwp%2Fv2%2Fcomments&post=7573"}],"wp:featuredmedia":[{"embeddable":true,"href":"https:\/\/sifaistanbul.com\/index.php?rest_route=\/wp\/v2\/media\/7574"}],"wp:attachment":[{"href":"https:\/\/sifaistanbul.com\/index.php?rest_route=%2Fwp%2Fv2%2Fmedia&parent=7573"}],"wp:term":[{"taxonomy":"product_brand","embeddable":true,"href":"https:\/\/sifaistanbul.com\/index.php?rest_route=%2Fwp%2Fv2%2Fproduct_brand&post=7573"},{"taxonomy":"product_cat","embeddable":true,"href":"https:\/\/sifaistanbul.com\/index.php?rest_route=%2Fwp%2Fv2%2Fproduct_cat&post=7573"},{"taxonomy":"product_tag","embeddable":true,"href":"https:\/\/sifaistanbul.com\/index.php?rest_route=%2Fwp%2Fv2%2Fproduct_tag&post=7573"}],"curies":[{"name":"wp","href":"https:\/\/api.w.org\/{rel}","templated":true}]}}