{"id":7627,"date":"2024-06-08T10:30:04","date_gmt":"2024-06-08T07:30:04","guid":{"rendered":"https:\/\/devaistanbul.com\/?post_type=product&#038;p=7627"},"modified":"2026-04-11T17:13:56","modified_gmt":"2026-04-11T14:13:56","slug":"varizgi-kremvaris","status":"publish","type":"product","link":"https:\/\/sifaistanbul.com\/?product=varizgi-kremvaris","title":{"rendered":"<center><strong>VAR\u0130ZG\u0130 KREM<center>(Varis morluklar\u0131,izleri)"},"content":{"rendered":"<p>Toplardamar geni\u015flemesi olan varisler; b\u00fcy\u00fckl\u00fck ve olu\u015fumlar\u0131na g\u00f6re b\u00fcy\u00fck, orta boy ve k\u0131lcal varis (k\u0131lcal damar) olarak \u00fc\u00e7 \u00e7e\u015fittir. \u00dcr\u00fcn\u00fcm\u00fcz genelde b\u00fct\u00fcn varis t\u00fcrlerinde etkili olmakla birlikte \u00f6zellikle k\u0131lcal varis t\u00fcr\u00fcnde \u00e7ok etkilidir. K\u0131lcal varisler, deriden \u00e7\u0131k\u0131nt\u0131 yapmayan sa\u00e7 k\u0131l\u0131 inceli\u011finde k\u0131rm\u0131z\u0131-mor renkli, genelde \u00f6r\u00fcmcek a\u011f\u0131 g\u00f6r\u00fcn\u00fcm\u00fcnde damarlard\u0131r. B\u00fcy\u00fcyerek orta veya b\u00fcy\u00fck boy varise d\u00f6n\u00fc\u015fmezler. \u00c7o\u011funlukla bacaklarda ve y\u00fczde olu\u015fan k\u0131lcal varisler (k\u0131lcal damarlar) g\u00f6r\u00fcn\u00fcmleri nedeniyle g\u00f6ze pek ho\u015f gelmezler ve kozmetik sorun olu\u015ftururlar.<\/p>\n<p>VAR\u0130ZG\u0130, varis morluklar\u0131n\u0131 gidermek \u00fczere \u00fcretilmi\u015f bak\u0131m\u00a0 kremidir. Bacaklar, y\u00fcz vb. yerlerdeki varis morluklar\u0131 ve \u00f6zellikle k\u0131lcal varisleri gidermede k\u0131sa s\u00fcrede etkisini g\u00f6sterir. \u0130ki ay ve daha \u00fczeri kullan\u0131mda kal\u0131c\u0131 iyile\u015fmeye yard\u0131mc\u0131 olur.<\/p>\n","protected":false},"excerpt":{"rendered":"<p><strong>\u0130\u00e7indekiler:<\/strong> Kantaron, Biberiye, Ard\u0131\u00e7, At Kestanesi, Gotu Kola, Jojoba Ya\u011f\u0131. Net 100 ml.<\/p>\n<p><strong>Kullan\u0131m:<\/strong> Haricen kullan\u0131l\u0131r. G\u00fcnde bir ya da iki kere sorunlu b\u00f6lgeye s\u00fcr\u00fcl\u00fcr. M\u00fcmk\u00fcnse \u00fczeri stre\u00e7 film ile sar\u0131l\u0131r. En az bir-iki saat bu \u015fekilde kalmas\u0131 sa\u011flan\u0131r.T\u00fcm cilt tiplerine uygundur.<\/p>\n<p><strong>Saklama ko\u015fullar\u0131 ve uyar\u0131lar:<\/strong> G\u00f6ze temas ettirmeyiniz. \u00c7ocuklar\u0131n ula\u015famayaca\u011f\u0131 yerde saklay\u0131n\u0131z. Oda s\u0131cakl\u0131\u011f\u0131nda muhafaza ediniz. \u015e\u0130FAV\u0130<\/p>\n<p><strong>S\u0130PAR\u0130\u015e\u0130N\u0130ZLE \u0130LG\u0130L\u0130 HER T\u00dcRL\u00dc SORULARINIZ \u0130\u00c7\u0130N;<\/strong><\/p>\n<p class=\"western\"><strong>M\u00dc\u015eTER\u0130 TEMS\u0130LC\u0130L\u0130\u011e\u0130\u00a0 \u00a00216 418 34 34<br \/>\n<\/strong><\/p>\n<h2><\/h2>\n","protected":false},"featured_media":7628,"comment_status":"open","ping_status":"closed","template":"","meta":[],"product_brand":[],"product_cat":[145,150],"product_tag":[],"class_list":{"0":"post-7627","1":"product","2":"type-product","3":"status-publish","4":"has-post-thumbnail","6":"product_cat-genel","7":"product_cat-vars","9":"first","10":"instock","11":"sale","12":"downloadable","13":"virtual","14":"purchasable","15":"product-type-simple"},"_links":{"self":[{"href":"https:\/\/sifaistanbul.com\/index.php?rest_route=\/wp\/v2\/product\/7627","targetHints":{"allow":["GET"]}}],"collection":[{"href":"https:\/\/sifaistanbul.com\/index.php?rest_route=\/wp\/v2\/product"}],"about":[{"href":"https:\/\/sifaistanbul.com\/index.php?rest_route=\/wp\/v2\/types\/product"}],"replies":[{"embeddable":true,"href":"https:\/\/sifaistanbul.com\/index.php?rest_route=%2Fwp%2Fv2%2Fcomments&post=7627"}],"wp:featuredmedia":[{"embeddable":true,"href":"https:\/\/sifaistanbul.com\/index.php?rest_route=\/wp\/v2\/media\/7628"}],"wp:attachment":[{"href":"https:\/\/sifaistanbul.com\/index.php?rest_route=%2Fwp%2Fv2%2Fmedia&parent=7627"}],"wp:term":[{"taxonomy":"product_brand","embeddable":true,"href":"https:\/\/sifaistanbul.com\/index.php?rest_route=%2Fwp%2Fv2%2Fproduct_brand&post=7627"},{"taxonomy":"product_cat","embeddable":true,"href":"https:\/\/sifaistanbul.com\/index.php?rest_route=%2Fwp%2Fv2%2Fproduct_cat&post=7627"},{"taxonomy":"product_tag","embeddable":true,"href":"https:\/\/sifaistanbul.com\/index.php?rest_route=%2Fwp%2Fv2%2Fproduct_tag&post=7627"}],"curies":[{"name":"wp","href":"https:\/\/api.w.org\/{rel}","templated":true}]}}