{"id":8222,"date":"2022-07-14T16:53:12","date_gmt":"2022-07-14T13:53:12","guid":{"rendered":"https:\/\/sifaistanbul.com\/?post_type=product&#038;p=8222"},"modified":"2026-04-09T13:09:28","modified_gmt":"2026-04-09T10:09:28","slug":"agentumkarisik-bitki-cayi","status":"publish","type":"product","link":"https:\/\/sifaistanbul.com\/?product=agentumkarisik-bitki-cayi","title":{"rendered":"<center>AGENT\u00dcM<center>(Kar\u0131\u015f\u0131k bitki \u00e7ay\u0131)<center><center>"},"content":{"rendered":"<p>T\u00fcm\u00f6r, h\u00fccrelerin olmas\u0131 gerekenden daha fazla b\u00fcy\u00fcy\u00fcp b\u00f6l\u00fcnd\u00fc\u011f\u00fcnde v\u00fccutta ortaya \u00e7\u0131kan anormal ve a\u015f\u0131r\u0131 doku b\u00fcy\u00fcmeleridir. Doku b\u00fcy\u00fcmeleri ayn\u0131 zamanda doku kitleleri olarak da ifade edilebilir. T\u00fcm\u00f6rler kendi i\u00e7inde iyi ve k\u00f6t\u00fc huylu t\u00fcm\u00f6r \u015feklinde ikiye ayr\u0131l\u0131r. \u0130yi huylu t\u00fcm\u00f6rler genellikle yava\u015f b\u00fcy\u00fcr, \u00e7evre dokulara zarar vermez, kanser riski ta\u015f\u0131maz ve metastaz yapmazlar. Ancak k\u00f6t\u00fc huylu t\u00fcm\u00f6rlerin metastaz yap\u0131p v\u00fccudun farkl\u0131 organlar\u0131na yay\u0131lma riski s\u00f6z konusudur.<\/p>\n<p>\u0130yi huylu t\u00fcm\u00f6rlerin ortaya \u00e7\u0131kma nedeni kesin olarak bilinemese de baz\u0131 fakt\u00f6rlerin t\u00fcm\u00f6r tetikleyici oldu\u011fu de\u011ferlendirilir. \u0130yi huylu t\u00fcm\u00f6rlere yol a\u00e7ma riski bulunan fakt\u00f6rler; radyasyon ve kimyasal toksinlere maruz kalma, genetik,stres, diyet ve beslenme, lokal travma veya yaralanma, enfeksiyon ve iltihaplanmalar \u015feklinde s\u0131ralanabilir.<\/p>\n<p>Agent\u00fcm, iyi huylu ve kansere d\u00f6n\u00fc\u015fmemi\u015f t\u00fcm\u00f6rleri gidermek \u00fczere \u00fcretilmi\u015ftir. Son derece etkili olup; k\u0131sa s\u00fcreli kullan\u0131mda rahats\u0131zl\u0131klar\u0131n azalmas\u0131na, iki ay ve daha uzun s\u00fcreli kullan\u0131mda ise\u00a0 iyile\u015fmesine yard\u0131mc\u0131 olur.<\/p>\n<p>&nbsp;<\/p>\n","protected":false},"excerpt":{"rendered":"<p><strong>\u0130\u00e7indekiler:<\/strong> Is\u0131rgan. Karahindiba, Biberiye, Kekik, Ayn\u0131sefa, K\u0131rlang\u0131\u00e7 Otu, \u00d6kse Otu. Net 90 gr. \u00b1 2 gr.<\/p>\n<p><strong>Kullan\u0131m:<\/strong> Midesinde rahats\u0131zl\u0131k olmayanlar\u0131n sabah, ak\u015fam yemeklerden 30 dk. \u00f6nce; midesinde rahats\u0131zl\u0131k olanlar\u0131n ise, yemeklerden 2 saat sonra i\u00e7meleri tavsiye edilir. Bir su barda\u011f\u0131 kaynar suya bir tatl\u0131 ka\u015f\u0131\u011f\u0131 kar\u0131\u015f\u0131m \u00e7ay ekleyip 20 dk. demlendikten sonra s\u00fcz\u00fcp i\u00e7iniz. \u0130ste\u011fe g\u00f6re \u00a0bal, pekmez, \u015feker \u00a0ile tatland\u0131r\u0131labilir.<\/p>\n<p><strong>Saklama ko\u015fullar\u0131 ve uyar\u0131lar:<\/strong> Hamile ve emziren bayanlar\u0131n kullanmas\u0131 tavsiye edilmez. Tavsiye edilen g\u00fcnl\u00fck dozu a\u015fmay\u0131n\u0131z. \u00c7ocuklar\u0131n ula\u015famayaca\u011f\u0131 yerde saklay\u0131n\u0131z. Serin ve kuru yerde muhafaza ediniz. Emniyet band\u0131 \u00a0y\u0131rt\u0131lm\u0131\u015f \u00fcr\u00fcnleri sat\u0131n almay\u0131n\u0131z.<\/p>\n<p><strong>S\u0130PAR\u0130\u015e\u0130N\u0130ZLE \u0130LG\u0130L\u0130 HER T\u00dcRL\u00dc SORULARINIZ \u0130\u00c7\u0130N;<\/strong><\/p>\n<p class=\"western\"><strong>M\u00dc\u015eTER\u0130 TEMS\u0130LC\u0130L\u0130\u011e\u0130\u00a0 0216 418 34 34<br \/>\n<\/strong><\/p>\n","protected":false},"featured_media":8262,"comment_status":"open","ping_status":"closed","template":"","meta":[],"product_brand":[],"product_cat":[447,145],"product_tag":[],"class_list":{"0":"post-8222","1":"product","2":"type-product","3":"status-publish","4":"has-post-thumbnail","6":"product_cat-genel-tumor","7":"product_cat-genel","9":"first","10":"instock","11":"sale","12":"downloadable","13":"virtual","14":"purchasable","15":"product-type-simple"},"_links":{"self":[{"href":"https:\/\/sifaistanbul.com\/index.php?rest_route=\/wp\/v2\/product\/8222","targetHints":{"allow":["GET"]}}],"collection":[{"href":"https:\/\/sifaistanbul.com\/index.php?rest_route=\/wp\/v2\/product"}],"about":[{"href":"https:\/\/sifaistanbul.com\/index.php?rest_route=\/wp\/v2\/types\/product"}],"replies":[{"embeddable":true,"href":"https:\/\/sifaistanbul.com\/index.php?rest_route=%2Fwp%2Fv2%2Fcomments&post=8222"}],"wp:featuredmedia":[{"embeddable":true,"href":"https:\/\/sifaistanbul.com\/index.php?rest_route=\/wp\/v2\/media\/8262"}],"wp:attachment":[{"href":"https:\/\/sifaistanbul.com\/index.php?rest_route=%2Fwp%2Fv2%2Fmedia&parent=8222"}],"wp:term":[{"taxonomy":"product_brand","embeddable":true,"href":"https:\/\/sifaistanbul.com\/index.php?rest_route=%2Fwp%2Fv2%2Fproduct_brand&post=8222"},{"taxonomy":"product_cat","embeddable":true,"href":"https:\/\/sifaistanbul.com\/index.php?rest_route=%2Fwp%2Fv2%2Fproduct_cat&post=8222"},{"taxonomy":"product_tag","embeddable":true,"href":"https:\/\/sifaistanbul.com\/index.php?rest_route=%2Fwp%2Fv2%2Fproduct_tag&post=8222"}],"curies":[{"name":"wp","href":"https:\/\/api.w.org\/{rel}","templated":true}]}}