{"id":8224,"date":"2025-10-24T15:25:50","date_gmt":"2025-10-24T12:25:50","guid":{"rendered":"https:\/\/sifaistanbul.com\/?post_type=product&#038;p=8224"},"modified":"2026-04-11T17:17:29","modified_gmt":"2026-04-11T14:17:29","slug":"actakkarisik-bitki-cayi","status":"publish","type":"product","link":"https:\/\/sifaistanbul.com\/?product=actakkarisik-bitki-cayi","title":{"rendered":"<center>ACTAK<center>(Kar\u0131\u015f\u0131k bitki \u00e7ay\u0131)<center><center>"},"content":{"rendered":"<p>\u0130\u015ftahs\u0131zl\u0131k ya da farkl\u0131 bir deyi\u015fle i\u015ftah azl\u0131\u011f\u0131, g\u00fcnl\u00fck yiyecek al\u0131m miktar\u0131ndaki azalma ile karakterizedir. \u00c7o\u011funlukla so\u011fuk alg\u0131nl\u0131\u011f\u0131, mide ve sindirim problemleri, ba\u011f\u0131rsak ve karaci\u011fer hastal\u0131klar\u0131 gibi fakt\u00f6rlere ba\u011fl\u0131 olarak g\u00f6r\u00fclebilir. Beslenme bozukluklar\u0131ndan biri olan i\u015ftah kayb\u0131, pek \u00e7ok hastal\u0131\u011fa ba\u011fl\u0131 olabilece\u011fi gibi fizyolojik ya da psikolojik nedenlerden dolay\u0131 da olu\u015fabilir. Ki\u015finin g\u00fcnl\u00fck almas\u0131 gereken kalori miktar\u0131ndan daha az kalori ile beslenmesi, i\u015ftahs\u0131zl\u0131k olarak tan\u0131mlan\u0131rken bu durum ki\u015finin kendisini daha yorgun, bitkin ve keyifsiz hissetmesine yol a\u00e7ar. Ayr\u0131ca v\u00fccudun ihtiyac\u0131 olan vitamin ve minerallerin beslenme yoluyla yeterince al\u0131namamas\u0131na ba\u011fl\u0131 olarak ba\u011f\u0131\u015f\u0131kl\u0131k sistemi zay\u0131flar ve dolay\u0131s\u0131yla ki\u015fi, kolayca pek \u00e7ok farkl\u0131 hastal\u0131\u011fa yakalanabilir.<\/p>\n<p class=\"western\">\u00dcr\u00fcn\u00fcm\u00fcz, i\u015ftahs\u0131zl\u0131k durumlar\u0131nda etkili olmak \u00fczere \u00fcretilmi\u015ftir. K\u0131sa zamanda etkisini g\u00f6sterir. \u0130ki ay ve daha uzun s\u00fcreli kullan\u0131mda \u00e7ok iyi sonu\u00e7lar al\u0131nmas\u0131na yard\u0131mc\u0131 olur.<\/p>\n","protected":false},"excerpt":{"rendered":"<p><strong>\u0130\u00e7indekiler:<\/strong> Arnika, Tav\u015fanat, And\u0131z Otu, \u015eevketotu, Ke\u00e7isedefi Otu, B\u00f6\u011f\u00fcrtlen Yapra\u011f\u0131, Tarhun. Net 90 gr. \u00b1 2 gr.<\/p>\n<p><strong>Kullan\u0131m:<\/strong> Midesinde rahats\u0131zl\u0131k olmayanlar\u0131n sabah, ak\u015fam yemeklerden 30 dk. \u00f6nce; midesinde rahats\u0131zl\u0131k olanlar\u0131n ise, yemeklerden 2 saat sonra i\u00e7meleri tavsiye edilir. Bir su barda\u011f\u0131 kaynar suya bir tatl\u0131 ka\u015f\u0131\u011f\u0131 kar\u0131\u015f\u0131m \u00e7ay ekleyip 20 dk. demlendikten sonra s\u00fcz\u00fcp i\u00e7iniz. \u0130ste\u011fe g\u00f6re \u00a0bal, pekmez, \u015feker \u00a0ile tatland\u0131r\u0131labilir.<\/p>\n<p><strong>Saklama ko\u015fullar\u0131 ve uyar\u0131lar:<\/strong> Hamile ve emziren bayanlar\u0131n kullanmas\u0131 tavsiye edilmez. Tavsiye edilen g\u00fcnl\u00fck dozu a\u015fmay\u0131n\u0131z. \u00c7ocuklar\u0131n ula\u015famayaca\u011f\u0131 yerde saklay\u0131n\u0131z. Serin ve kuru yerde muhafaza ediniz. Emniyet band\u0131 \u00a0y\u0131rt\u0131lm\u0131\u015f \u00fcr\u00fcnleri sat\u0131n almay\u0131n\u0131z.<\/p>\n<p><strong>S\u0130PAR\u0130\u015e\u0130N\u0130ZLE \u0130LG\u0130L\u0130 HER T\u00dcRL\u00dc SORULARINIZ \u0130\u00c7\u0130N;<\/strong><\/p>\n<p class=\"western\"><strong>M\u00dc\u015eTER\u0130 TEMS\u0130LC\u0130L\u0130\u011e\u0130\u00a0 \u00a00216 418 34 34<br \/>\n<\/strong><\/p>\n","protected":false},"featured_media":8227,"comment_status":"open","ping_status":"closed","template":"","meta":[],"product_brand":[],"product_cat":[145],"product_tag":[],"class_list":{"0":"post-8224","1":"product","2":"type-product","3":"status-publish","4":"has-post-thumbnail","6":"product_cat-genel","8":"first","9":"instock","10":"sale","11":"downloadable","12":"virtual","13":"purchasable","14":"product-type-simple"},"_links":{"self":[{"href":"https:\/\/sifaistanbul.com\/index.php?rest_route=\/wp\/v2\/product\/8224","targetHints":{"allow":["GET"]}}],"collection":[{"href":"https:\/\/sifaistanbul.com\/index.php?rest_route=\/wp\/v2\/product"}],"about":[{"href":"https:\/\/sifaistanbul.com\/index.php?rest_route=\/wp\/v2\/types\/product"}],"replies":[{"embeddable":true,"href":"https:\/\/sifaistanbul.com\/index.php?rest_route=%2Fwp%2Fv2%2Fcomments&post=8224"}],"wp:featuredmedia":[{"embeddable":true,"href":"https:\/\/sifaistanbul.com\/index.php?rest_route=\/wp\/v2\/media\/8227"}],"wp:attachment":[{"href":"https:\/\/sifaistanbul.com\/index.php?rest_route=%2Fwp%2Fv2%2Fmedia&parent=8224"}],"wp:term":[{"taxonomy":"product_brand","embeddable":true,"href":"https:\/\/sifaistanbul.com\/index.php?rest_route=%2Fwp%2Fv2%2Fproduct_brand&post=8224"},{"taxonomy":"product_cat","embeddable":true,"href":"https:\/\/sifaistanbul.com\/index.php?rest_route=%2Fwp%2Fv2%2Fproduct_cat&post=8224"},{"taxonomy":"product_tag","embeddable":true,"href":"https:\/\/sifaistanbul.com\/index.php?rest_route=%2Fwp%2Fv2%2Fproduct_tag&post=8224"}],"curies":[{"name":"wp","href":"https:\/\/api.w.org\/{rel}","templated":true}]}}