{"id":8225,"date":"2025-10-24T18:17:37","date_gmt":"2025-10-24T15:17:37","guid":{"rendered":"https:\/\/sifaistanbul.com\/?post_type=product&#038;p=8225"},"modified":"2026-04-11T17:18:21","modified_gmt":"2026-04-11T14:18:21","slug":"ahfaz-karisik-bitki-macunu","status":"publish","type":"product","link":"https:\/\/sifaistanbul.com\/?product=ahfaz-karisik-bitki-macunu","title":{"rendered":"<center>AHFAZ<center> (Kar\u0131\u015f\u0131k bitki macunu)<center><center>"},"content":{"rendered":"<p>Haf\u0131za, \u00f6\u011frenilen bilgilerin saklanmas\u0131n\u0131 ve gerekti\u011finde geri getirilmesini sa\u011flayan beyin fonksiyonudur. \u0130nsanlar\u0131n ya\u015famlar\u0131 boyunca biriktirdikleri an\u0131lar\u0131 ve bilgileri hat\u0131rlayabilme yetene\u011fi olarak tan\u0131mlan\u0131r.<\/p>\n<p>H\u00e2f\u0131zay\u0131 zay\u0131f d\u00fc\u015f\u00fcren ve unutmaya sebebiyet veren pek \u00e7ok fakt\u00f6r s\u0131ralanabilir. Beyin ve h\u00e2f\u0131za \u00fczerinde \u00e7al\u0131\u015fan uzmanlar, genellikle beynin ihtiya\u00e7 duydu\u011fu oksijen, glikoz ve baz\u0131 enzimlerin yeterli miktarda sa\u011flanamamas\u0131n\u0131, stres ve gerginlik gibi sebeplerle beynin enerjisinin hemen t\u00fckenmesinden dolay\u0131 \u00e7al\u0131\u015fma ak\u0131\u015f\u0131n\u0131n d\u00fczensizle\u015fmesini, sadece baz\u0131 meseleler \u00fczerine yo\u011funla\u015fmadan \u00f6t\u00fcr\u00fc beynin bir b\u00f6l\u00fcm\u00fcn\u00fcn \u00e2t\u0131l b\u0131rak\u0131lmas\u0131n\u0131 ve sistemsiz d\u00fc\u015f\u00fcnme al\u0131\u015fkanl\u0131\u011f\u0131n\u0131 hemen akla gelebilecek sebepler olarak saymaktad\u0131rlar. Bazen de insan\u0131n fizyolojik yap\u0131s\u0131n\u0131n ve fizik\u00ee durumunun h\u00e2f\u0131za zay\u0131fl\u0131\u011f\u0131na yol a\u00e7abilece\u011fini ve ileri ya\u015flarda v\u00fccut mekanizmas\u0131n\u0131n baz\u0131 b\u00f6l\u00fcmleri yorgun d\u00fc\u015ft\u00fc\u011f\u00fc gibi beynin de onlara ba\u011fl\u0131 olarak bir k\u0131s\u0131m fonksiyonlar\u0131n\u0131 yapamaz hale gelebilece\u011fini belirtmektedirler.<\/p>\n<p>Ahfaz, bilhassa ileri ya\u015flarda zay\u0131flayan ve kapasitesi d\u00fc\u015fen haf\u0131zay\u0131\u00a0 geli\u015ftirmek ve kapasitesini art\u0131rmak amac\u0131yla \u00fcretilmi\u015ftir. Son derece etkili olup; k\u0131sa s\u00fcreli kullan\u0131mda varsa \u015fikayetlerin azalmas\u0131na, iki ay ve daha uzun s\u00fcreli kullan\u0131mda ise tam olarak kapasitenin kullan\u0131lmas\u0131na yard\u0131mc\u0131 olur.<\/p>\n","protected":false},"excerpt":{"rendered":"<p><strong>\u0130\u00e7indekiler:<\/strong> Mabet A\u011fac\u0131, Biberiye, Ye\u015fil\u00e7ay, Ada\u00e7ay\u0131, Akg\u00fcnl\u00fck, Ke\u00e7iboynuzu Pekmezi. Net 210 gr. \u00b1 5 gr.<\/p>\n<p><strong>Kullan\u0131m:<\/strong> Midesinde rahats\u0131zl\u0131k olmayanlar\u0131n sabah, ak\u015fam yemeklerden 30dk \u00f6nce; midesinde rahats\u0131zl\u0131k olanlar\u0131n ise yemeklerden iki saat sonra bir \u00e7ay ka\u015f\u0131\u011f\u0131 macunu su ile yutmas\u0131 tavsiye edilir.<\/p>\n<p><strong>Saklama ko\u015fullar\u0131 ve uyar\u0131lar:<\/strong> Hamile ve emziren bayanlar\u0131n kullanmas\u0131 tavsiye edilmez. Tavsiye edilen g\u00fcnl\u00fck dozu a\u015fmay\u0131n\u0131z. \u00c7ocuklar\u0131n ula\u015famayaca\u011f\u0131 yerde saklay\u0131n\u0131z. Serin ve kuru yerde muhafaza ediniz. Emniyet band\u0131 y\u0131rt\u0131lm\u0131\u015f \u00fcr\u00fcnleri sat\u0131n almay\u0131n\u0131z. \u015e\u0130FAV\u0130<\/p>\n<p><strong>S\u0130PAR\u0130\u015e\u0130N\u0130ZLE \u0130LG\u0130L\u0130 HER T\u00dcRL\u00dc SORULARINIZ \u0130\u00c7\u0130N;<\/strong><\/p>\n<p class=\"western\"><strong>M\u00dc\u015eTER\u0130 TEMS\u0130LC\u0130L\u0130\u011e\u0130 \u00a0<\/strong><strong> \u00a00216 418 34 34<\/strong><\/p>\n","protected":false},"featured_media":8226,"comment_status":"open","ping_status":"closed","template":"","meta":[],"product_brand":[],"product_cat":[448,145],"product_tag":[],"class_list":{"0":"post-8225","1":"product","2":"type-product","3":"status-publish","4":"has-post-thumbnail","6":"product_cat-hafiza-guclendirme","7":"product_cat-genel","9":"first","10":"instock","11":"sale","12":"downloadable","13":"virtual","14":"purchasable","15":"product-type-simple"},"_links":{"self":[{"href":"https:\/\/sifaistanbul.com\/index.php?rest_route=\/wp\/v2\/product\/8225","targetHints":{"allow":["GET"]}}],"collection":[{"href":"https:\/\/sifaistanbul.com\/index.php?rest_route=\/wp\/v2\/product"}],"about":[{"href":"https:\/\/sifaistanbul.com\/index.php?rest_route=\/wp\/v2\/types\/product"}],"replies":[{"embeddable":true,"href":"https:\/\/sifaistanbul.com\/index.php?rest_route=%2Fwp%2Fv2%2Fcomments&post=8225"}],"wp:featuredmedia":[{"embeddable":true,"href":"https:\/\/sifaistanbul.com\/index.php?rest_route=\/wp\/v2\/media\/8226"}],"wp:attachment":[{"href":"https:\/\/sifaistanbul.com\/index.php?rest_route=%2Fwp%2Fv2%2Fmedia&parent=8225"}],"wp:term":[{"taxonomy":"product_brand","embeddable":true,"href":"https:\/\/sifaistanbul.com\/index.php?rest_route=%2Fwp%2Fv2%2Fproduct_brand&post=8225"},{"taxonomy":"product_cat","embeddable":true,"href":"https:\/\/sifaistanbul.com\/index.php?rest_route=%2Fwp%2Fv2%2Fproduct_cat&post=8225"},{"taxonomy":"product_tag","embeddable":true,"href":"https:\/\/sifaistanbul.com\/index.php?rest_route=%2Fwp%2Fv2%2Fproduct_tag&post=8225"}],"curies":[{"name":"wp","href":"https:\/\/api.w.org\/{rel}","templated":true}]}}