{"id":8244,"date":"2024-06-04T13:51:12","date_gmt":"2024-06-04T10:51:12","guid":{"rendered":"https:\/\/sifaistanbul.com\/?post_type=product&#038;p=8244"},"modified":"2026-04-11T16:12:18","modified_gmt":"2026-04-11T13:12:18","slug":"acimant-kremcilt-mantari","status":"publish","type":"product","link":"https:\/\/sifaistanbul.com\/?product=acimant-kremcilt-mantari","title":{"rendered":"<center>AC\u0130MANT KREM<center>(Cilt mantar\u0131)"},"content":{"rendered":"<p><span style=\"color: #000000;\">Cilt mantar\u0131, cilt y\u00fczeyinde bulunan mantarlar\u0131n a\u015f\u0131r\u0131 \u00e7o\u011falmas\u0131 sonucu olu\u015fan enfeksiyonlard\u0131r. Normalde zarars\u0131z olan bu mantarlar, s\u0131cak ve nemli ortamlarda h\u0131zla \u00e7o\u011falabilir. Cilt mantar\u0131, genellikle ka\u015f\u0131nt\u0131l\u0131, pul pul d\u00f6k\u00fclen ve k\u0131zar\u0131k lezyonlarla kendini g\u00f6sterir. En yayg\u0131n t\u00fcrleri aras\u0131nda v\u00fccut ma<\/span><span style=\"color: #000000;\">ntar\u0131, atlet aya\u011f\u0131 ve kas\u0131k mantar\u0131 bulunmaktad\u0131r.<\/span><\/p>\n<p><span style=\"color: #000000;\">\u00dcr\u00fcn\u00fcm\u00fcz,\u00a0her t\u00fcrl\u00fc cilt mantarlar\u0131n\u0131 iyile\u015ftirmek \u00fczere \u00fcretilmi\u015ftir. K\u0131sa zamanda etkisini g\u00f6sterir. \u0130ki\u00a0 ay veya daha uzun s\u00fcre kullan\u0131ld\u0131\u011f\u0131nda kal\u0131c\u0131 iyile\u015fmeye yard\u0131mc\u0131 olur. T\u0131rnak mantarlar\u0131 i\u00e7in, Admant isimli kremimizin kullan\u0131lmas\u0131 tavsiye edilir.<\/span><\/p>\n<p>&nbsp;<\/p>\n<p>&nbsp;<\/p>\n<p>&nbsp;<\/p>\n<p>&nbsp;<\/p>\n","protected":false},"excerpt":{"rendered":"<p><strong>\u0130\u00e7indekiler:<\/strong> Aloe Vera, Fesle\u011fen, Biberiye, Defne Yapra\u011f\u0131, \u00c7ay A\u011fac\u0131 Ya\u011f\u0131, Jojoba Ya\u011f\u0131. Net 100 ml.<\/p>\n<p><strong>Kullan\u0131m:<\/strong> Haricen kullan\u0131l\u0131r. G\u00fcnde iki ya da \u00fc\u00e7 kere cilde yedirilerek s\u00fcr\u00fcl\u00fcr. T\u00fcm cilt tiplerine uygundur.<\/p>\n<p><strong>Saklama ko\u015fullar\u0131 ve uyar\u0131lar:<\/strong> G\u00f6ze temas ettirmeyiniz. \u00c7ocuklar\u0131n ula\u015famayaca\u011f\u0131 yerde saklay\u0131n\u0131z. Oda s\u0131cakl\u0131\u011f\u0131nda muhafaza ediniz. \u015e\u0130FAV\u0130<\/p>\n<p><strong>S\u0130PAR\u0130\u015e\u0130N\u0130ZLE \u0130LG\u0130L\u0130 HER T\u00dcRL\u00dc SORULARINIZ \u0130\u00c7\u0130N;<\/strong><\/p>\n<p class=\"western\"><strong>M\u00dc\u015eTER\u0130 TEMS\u0130LC\u0130L\u0130\u011e\u0130\u00a0 0216 418 34 34<br \/>\n<\/strong><\/p>\n","protected":false},"featured_media":8247,"comment_status":"open","ping_status":"closed","template":"","meta":[],"product_brand":[],"product_cat":[145],"product_tag":[],"class_list":{"0":"post-8244","1":"product","2":"type-product","3":"status-publish","4":"has-post-thumbnail","6":"product_cat-genel","8":"first","9":"instock","10":"sale","11":"downloadable","12":"virtual","13":"purchasable","14":"product-type-simple"},"_links":{"self":[{"href":"https:\/\/sifaistanbul.com\/index.php?rest_route=\/wp\/v2\/product\/8244","targetHints":{"allow":["GET"]}}],"collection":[{"href":"https:\/\/sifaistanbul.com\/index.php?rest_route=\/wp\/v2\/product"}],"about":[{"href":"https:\/\/sifaistanbul.com\/index.php?rest_route=\/wp\/v2\/types\/product"}],"replies":[{"embeddable":true,"href":"https:\/\/sifaistanbul.com\/index.php?rest_route=%2Fwp%2Fv2%2Fcomments&post=8244"}],"wp:featuredmedia":[{"embeddable":true,"href":"https:\/\/sifaistanbul.com\/index.php?rest_route=\/wp\/v2\/media\/8247"}],"wp:attachment":[{"href":"https:\/\/sifaistanbul.com\/index.php?rest_route=%2Fwp%2Fv2%2Fmedia&parent=8244"}],"wp:term":[{"taxonomy":"product_brand","embeddable":true,"href":"https:\/\/sifaistanbul.com\/index.php?rest_route=%2Fwp%2Fv2%2Fproduct_brand&post=8244"},{"taxonomy":"product_cat","embeddable":true,"href":"https:\/\/sifaistanbul.com\/index.php?rest_route=%2Fwp%2Fv2%2Fproduct_cat&post=8244"},{"taxonomy":"product_tag","embeddable":true,"href":"https:\/\/sifaistanbul.com\/index.php?rest_route=%2Fwp%2Fv2%2Fproduct_tag&post=8244"}],"curies":[{"name":"wp","href":"https:\/\/api.w.org\/{rel}","templated":true}]}}