{"id":8246,"date":"2024-06-05T14:51:42","date_gmt":"2024-06-05T11:51:42","guid":{"rendered":"https:\/\/sifaistanbul.com\/?post_type=product&#038;p=8246"},"modified":"2026-04-11T17:11:26","modified_gmt":"2026-04-11T14:11:26","slug":"anasir-kremnasir-giderici","status":"publish","type":"product","link":"https:\/\/sifaistanbul.com\/?product=anasir-kremnasir-giderici","title":{"rendered":"<center>ANASIR KREM<center>(Nas\u0131r giderici)"},"content":{"rendered":"<p>Nas\u0131r, ciltte s\u00fcrekli s\u00fcrt\u00fcnme, bas\u0131n\u00e7 veya tahri\u015fe maruz kalan b\u00f6lgelerde derinin kal\u0131nla\u015fmas\u0131 sonucu olu\u015fan sertle\u015fmi\u015f deri tabakas\u0131d\u0131r. Nas\u0131r, cildin korunma mekanizmas\u0131 olarak kendini savunmas\u0131 sonucu ortaya \u00e7\u0131kar. Tekrar eden s\u00fcrt\u00fcnme ya da bask\u0131 sonucu cilt, kendini korumak i\u00e7in kal\u0131nla\u015farak nas\u0131r olu\u015fturur. Bu durum genellikle el ve ayaklarda ortaya \u00e7\u0131kar. Ayakkab\u0131lar\u0131n dar olmas\u0131, sert i\u015f aletleriyle \u00e7al\u0131\u015fma, uzun s\u00fcre ayakta kalma gibi durumlar nas\u0131r\u0131n olu\u015fumuna zemin haz\u0131rlar.<\/p>\n<p>Anas\u0131r Krem, nas\u0131rl\u0131 b\u00f6lgeye s\u00fcr\u00fcld\u00fc\u011f\u00fcnde k\u0131sa zamanda nas\u0131r\u0131n sertle\u015fmi\u015f yap\u0131s\u0131n\u0131 yumu\u015fatarak elle rahat\u00e7a kopar\u0131lmas\u0131na ve zamanla cildin eski haline d\u00f6nmesine yard\u0131mc\u0131 olur. Uzun s\u00fcreli kullan\u0131ma uygundur.<\/p>\n<p>&nbsp;<\/p>\n<p>&nbsp;<\/p>\n<p>&nbsp;<\/p>\n","protected":false},"excerpt":{"rendered":"<p><strong>\u0130\u00e7indekiler:<\/strong> Ada\u00e7ay\u0131, Lavanta, Papatya, \u00c7ay A\u011fac\u0131 Ya\u011f\u0131, Badem Ya\u011f\u0131, Hint Ya\u011f\u0131. Net 100 ml.<\/p>\n<p><strong>Kullan\u0131m:<\/strong> Haricen kullan\u0131l\u0131r. G\u00fcnde iki ya da \u00fc\u00e7 kere cilde yedirilerek s\u00fcr\u00fcl\u00fcr. T\u00fcm cilt tiplerine uygundur.<\/p>\n<p><strong>Saklama ko\u015fullar\u0131 ve uyar\u0131lar:<\/strong> G\u00f6ze temas ettirmeyiniz. \u00c7ocuklar\u0131n ula\u015famayaca\u011f\u0131 yerde saklay\u0131n\u0131z. Oda s\u0131cakl\u0131\u011f\u0131nda muhafaza ediniz. \u015e\u0130FAV\u0130<\/p>\n<p><strong>S\u0130PAR\u0130\u015e\u0130N\u0130ZLE \u0130LG\u0130L\u0130 HER T\u00dcRL\u00dc SORULARINIZ \u0130\u00c7\u0130N;<\/strong><\/p>\n<p class=\"western\"><strong>M\u00dc\u015eTER\u0130 TEMS\u0130LC\u0130L\u0130\u011e\u0130\u00a0 \u00a00216 418 34 34<br \/>\n<\/strong><\/p>\n","protected":false},"featured_media":8249,"comment_status":"open","ping_status":"closed","template":"","meta":[],"product_brand":[],"product_cat":[145],"product_tag":[],"class_list":{"0":"post-8246","1":"product","2":"type-product","3":"status-publish","4":"has-post-thumbnail","6":"product_cat-genel","8":"first","9":"instock","10":"sale","11":"downloadable","12":"virtual","13":"purchasable","14":"product-type-simple"},"_links":{"self":[{"href":"https:\/\/sifaistanbul.com\/index.php?rest_route=\/wp\/v2\/product\/8246","targetHints":{"allow":["GET"]}}],"collection":[{"href":"https:\/\/sifaistanbul.com\/index.php?rest_route=\/wp\/v2\/product"}],"about":[{"href":"https:\/\/sifaistanbul.com\/index.php?rest_route=\/wp\/v2\/types\/product"}],"replies":[{"embeddable":true,"href":"https:\/\/sifaistanbul.com\/index.php?rest_route=%2Fwp%2Fv2%2Fcomments&post=8246"}],"wp:featuredmedia":[{"embeddable":true,"href":"https:\/\/sifaistanbul.com\/index.php?rest_route=\/wp\/v2\/media\/8249"}],"wp:attachment":[{"href":"https:\/\/sifaistanbul.com\/index.php?rest_route=%2Fwp%2Fv2%2Fmedia&parent=8246"}],"wp:term":[{"taxonomy":"product_brand","embeddable":true,"href":"https:\/\/sifaistanbul.com\/index.php?rest_route=%2Fwp%2Fv2%2Fproduct_brand&post=8246"},{"taxonomy":"product_cat","embeddable":true,"href":"https:\/\/sifaistanbul.com\/index.php?rest_route=%2Fwp%2Fv2%2Fproduct_cat&post=8246"},{"taxonomy":"product_tag","embeddable":true,"href":"https:\/\/sifaistanbul.com\/index.php?rest_route=%2Fwp%2Fv2%2Fproduct_tag&post=8246"}],"curies":[{"name":"wp","href":"https:\/\/api.w.org\/{rel}","templated":true}]}}