{"id":8273,"date":"2025-12-06T20:14:25","date_gmt":"2025-12-06T17:14:25","guid":{"rendered":"https:\/\/sifaistanbul.com\/?post_type=product&#038;p=8273"},"modified":"2026-04-11T17:21:30","modified_gmt":"2026-04-11T14:21:30","slug":"akiris-kremkirisiklik","status":"publish","type":"product","link":"https:\/\/sifaistanbul.com\/?product=akiris-kremkirisiklik","title":{"rendered":"<center>AKIRI\u015e KREM<center>(K\u0131r\u0131\u015f\u0131kl\u0131k)"},"content":{"rendered":"<p>K\u0131r\u0131\u015f\u0131kl\u0131k, cildin y\u00fczeyinde meydana gelen \u00e7izgi, \u00e7ukur veya k\u0131vr\u0131mlar olarak tan\u0131mlan\u0131r. Bu olu\u015fumlar genellikle cildin ya\u015flanmas\u0131, elastikiyetinin azalmas\u0131, \u00e7evresel fakt\u00f6rlere maruz kalma ve genetik etmenlerle ili\u015fkilidir. K\u0131r\u0131\u015f\u0131kl\u0131klar, cildin \u00fcst tabakas\u0131nda ve dermis ad\u0131 verilen deri tabakas\u0131nda meydana gelen de\u011fi\u015fiklikler sonucunda ortaya \u00e7\u0131kar.<\/p>\n<p>K\u0131r\u0131\u015f\u0131kl\u0131klar, ya\u015flanman\u0131n ka\u00e7\u0131n\u0131lmaz bir belirtisidir. Cilt k\u0131r\u0131\u015f\u0131kl\u0131klar\u0131, pek \u00e7ok fakt\u00f6re ba\u011fl\u0131 olarak geli\u015febilir. \u00d6zellikle y\u00fcz, boyun, eller ve kollar gibi g\u00fcne\u015fe en fazla maruz kalan b\u00f6lgelerde daha belirgin \u015fekilde g\u00f6zlemlenebilir. G\u00fcne\u015fe maruz kalmak (ultraviyole \u0131\u015f\u0131nlar) erken k\u0131r\u0131\u015f\u0131kl\u0131klar\u0131n ba\u015fl\u0131ca nedeni olarak g\u00f6r\u00fcl\u00fcr. \u00c7evresel kirlilik, d\u00fczensiz beslenme, sigara kullanmak gibi sa\u011fl\u0131ks\u0131z al\u0131\u015fkanl\u0131klar ve stres gibi fakt\u00f6rler de k\u0131r\u0131\u015f\u0131kl\u0131k olu\u015fumuna zemin haz\u0131rlayabilir.<\/p>\n<p>Ak\u0131r\u0131\u015f, y\u00fcz ve v\u00fccuttaki k\u0131r\u0131\u015f\u0131kl\u0131klarda etkili, y\u00fcz ve v\u00fccut bak\u0131m kremidir. K\u0131sa s\u00fcrede etkisini g\u00f6sterir. Cildin yenilenmesini sa\u011flar. Cildi yumu\u015fat\u0131r ve besler. Uzun s\u00fcreli kullan\u0131ma uygundur.<\/p>\n","protected":false},"excerpt":{"rendered":"<p><strong>\u0130\u00e7indekiler:<\/strong> Papatya, Biberiye, Sar\u0131sab\u0131r, Atkuyru\u011fu Otu, Lavanta, Zeytinya\u011f\u0131. Net 100 ml.<\/p>\n<p><strong>Kullan\u0131m:<\/strong> Haricen kullan\u0131l\u0131r. G\u00fcnde iki ya da \u00fc\u00e7 kere cilde yedirilerek s\u00fcr\u00fcl\u00fcr. T\u00fcm cilt tiplerine uygundur.<\/p>\n<p><strong>Saklama ko\u015fullar\u0131 ve uyar\u0131lar:<\/strong> G\u00f6ze temas ettirmeyiniz. \u00c7ocuklar\u0131n ula\u015famayaca\u011f\u0131 yerde saklay\u0131n\u0131z. Oda s\u0131cakl\u0131\u011f\u0131nda muhafaza ediniz. \u015e\u0130FAV\u0130<\/p>\n<p><strong>S\u0130PAR\u0130\u015e\u0130N\u0130ZLE \u0130LG\u0130L\u0130 HER T\u00dcRL\u00dc SORULARINIZ \u0130\u00c7\u0130N;<\/strong><\/p>\n<p class=\"western\"><strong>M\u00dc\u015eTER\u0130 TEMS\u0130LC\u0130L\u0130\u011e\u0130\u00a0 \u00a00216 418 34 34<br \/>\n<\/strong><\/p>\n","protected":false},"featured_media":8276,"comment_status":"open","ping_status":"closed","template":"","meta":[],"product_brand":[],"product_cat":[145],"product_tag":[],"class_list":{"0":"post-8273","1":"product","2":"type-product","3":"status-publish","4":"has-post-thumbnail","6":"product_cat-genel","8":"first","9":"instock","10":"sale","11":"downloadable","12":"virtual","13":"purchasable","14":"product-type-simple"},"_links":{"self":[{"href":"https:\/\/sifaistanbul.com\/index.php?rest_route=\/wp\/v2\/product\/8273","targetHints":{"allow":["GET"]}}],"collection":[{"href":"https:\/\/sifaistanbul.com\/index.php?rest_route=\/wp\/v2\/product"}],"about":[{"href":"https:\/\/sifaistanbul.com\/index.php?rest_route=\/wp\/v2\/types\/product"}],"replies":[{"embeddable":true,"href":"https:\/\/sifaistanbul.com\/index.php?rest_route=%2Fwp%2Fv2%2Fcomments&post=8273"}],"wp:featuredmedia":[{"embeddable":true,"href":"https:\/\/sifaistanbul.com\/index.php?rest_route=\/wp\/v2\/media\/8276"}],"wp:attachment":[{"href":"https:\/\/sifaistanbul.com\/index.php?rest_route=%2Fwp%2Fv2%2Fmedia&parent=8273"}],"wp:term":[{"taxonomy":"product_brand","embeddable":true,"href":"https:\/\/sifaistanbul.com\/index.php?rest_route=%2Fwp%2Fv2%2Fproduct_brand&post=8273"},{"taxonomy":"product_cat","embeddable":true,"href":"https:\/\/sifaistanbul.com\/index.php?rest_route=%2Fwp%2Fv2%2Fproduct_cat&post=8273"},{"taxonomy":"product_tag","embeddable":true,"href":"https:\/\/sifaistanbul.com\/index.php?rest_route=%2Fwp%2Fv2%2Fproduct_tag&post=8273"}],"curies":[{"name":"wp","href":"https:\/\/api.w.org\/{rel}","templated":true}]}}